{"id":591,"date":"2018-12-11T14:54:34","date_gmt":"2018-12-11T14:54:34","guid":{"rendered":"http:\/\/rolla.it\/?page_id=591"},"modified":"2025-03-17T08:57:24","modified_gmt":"2025-03-17T08:57:24","slug":"settori","status":"publish","type":"page","link":"https:\/\/rolla.it\/it\/settori\/","title":{"rendered":"Settori"},"content":{"rendered":"<div class=\"wpb-content-wrapper\"><p>[vc_row css_animation=&#8221;&#8221; row_type=&#8221;row&#8221; use_row_as_full_screen_section=&#8221;no&#8221; type=&#8221;full_width&#8221; anchor=&#8221;industriale-macchinari-impiantistica&#8221; angled_section=&#8221;no&#8221; text_align=&#8221;left&#8221; background_image_as_pattern=&#8221;without_pattern&#8221; z_index=&#8221;&#8221;][vc_column][vc_column_text el_class=&#8221;titoletto&#8221;]<\/p>\n<h5>Industriale \/ Macchinari \/ Impiantistica<\/h5>\n<p>&nbsp;<\/p>\n<p>Il mercato dei macchinari industriali \u00e8 tra i pi\u00f9 complessi e competitivi, dove <strong>specializzazione, robustezza, affidabilit\u00e0, tempestivit\u00e0 ed elevata qualit\u00e0<\/strong> sono elementi determinanti per il successo dei suoi player e dei loro partner.<br \/>\nRolla vi garantisce il massimo supporto per il successo del vostro prodotto![\/vc_column_text][\/vc_column][\/vc_row][vc_row css_animation=&#8221;&#8221; row_type=&#8221;row&#8221; use_row_as_full_screen_section=&#8221;no&#8221; type=&#8221;full_width&#8221; anchor=&#8221;illuminazione&#8221; angled_section=&#8221;no&#8221; text_align=&#8221;left&#8221; background_image_as_pattern=&#8221;without_pattern&#8221; css=&#8221;.vc_custom_1549545050908{background-color: #f0f0f0 !important;}&#8221; z_index=&#8221;&#8221; el_class=&#8221;space_top_service_mobile&#8221;][vc_column][vc_gallery type=&#8221;image_grid&#8221; images=&#8221;1040,2269,2275,2278,2272,2263,2266&#8243; img_size=&#8221;500&#215;500&#8243; column_number=&#8221;2&#8243; grayscale=&#8221;no&#8221; images_space=&#8221;gallery_with_space&#8221;][vc_empty_space height=&#8221;60px&#8221;][\/vc_column][\/vc_row][vc_row css_animation=&#8221;&#8221; row_type=&#8221;row&#8221; use_row_as_full_screen_section=&#8221;no&#8221; type=&#8221;full_width&#8221; anchor=&#8221;illuminazione-complemento-arredo&#8221; angled_section=&#8221;no&#8221; text_align=&#8221;left&#8221; background_image_as_pattern=&#8221;without_pattern&#8221; z_index=&#8221;&#8221;][vc_column][vc_column_text el_class=&#8221;titoletto&#8221;]<\/p>\n<h5>Illuminazione \/ Complemento arredo \/ Arredo<\/h5>\n<p>&nbsp;<\/p>\n<p>Gli operatori di questo settore richiedono partner affidabili sia sul tema della <strong>qualit\u00e0 e della cura delle finiture, oltre che all\u2019affidabilit\u00e0 e tempestivit\u00e0<\/strong>.<br \/>\nRolla \u00e8 per questo un partner ideale![\/vc_column_text][\/vc_column][\/vc_row][vc_row css_animation=&#8221;&#8221; row_type=&#8221;row&#8221; use_row_as_full_screen_section=&#8221;no&#8221; type=&#8221;full_width&#8221; anchor=&#8221;illuminazione&#8221; angled_section=&#8221;no&#8221; text_align=&#8221;left&#8221; background_image_as_pattern=&#8221;without_pattern&#8221; css=&#8221;.vc_custom_1549545050908{background-color: #f0f0f0 !important;}&#8221; z_index=&#8221;&#8221; el_class=&#8221;space_top_service_mobile&#8221;][vc_column][vc_gallery type=&#8221;image_grid&#8221; images=&#8221;1042,1038,2257,2260&#8243; img_size=&#8221;500&#215;500&#8243; column_number=&#8221;2&#8243; grayscale=&#8221;no&#8221; images_space=&#8221;gallery_with_space&#8221;][vc_empty_space height=&#8221;60px&#8221;][\/vc_column][\/vc_row]<\/p>\n<\/div>","protected":false},"excerpt":{"rendered":"<p>[vc_row css_animation=&#8221;&#8221; row_type=&#8221;row&#8221; use_row_as_full_screen_section=&#8221;no&#8221; type=&#8221;full_width&#8221; anchor=&#8221;industriale-macchinari-impiantistica&#8221; angled_section=&#8221;no&#8221; text_align=&#8221;left&#8221; background_image_as_pattern=&#8221;without_pattern&#8221; z_index=&#8221;&#8221;][vc_column][vc_column_text el_class=&#8221;titoletto&#8221;] Industriale \/ Macchinari \/ Impiantistica &nbsp; Il mercato dei macchinari industriali \u00e8 tra i pi\u00f9 complessi e competitivi, dove specializzazione, robustezza, affidabilit\u00e0, tempestivit\u00e0 ed elevata qualit\u00e0 sono elementi determinanti per il successo dei suoi&#8230;<\/p>\n","protected":false},"author":7,"featured_media":0,"parent":0,"menu_order":5,"comment_status":"closed","ping_status":"closed","template":"","meta":{"footnotes":""},"class_list":["post-591","page","type-page","status-publish","hentry"],"yoast_head":"<!-- This site is optimized with the Yoast SEO plugin v26.0 - https:\/\/yoast.com\/wordpress\/plugins\/seo\/ -->\n<title>Lavorazioni metalliche per illuminazione, complementi d&#039;arredo, mobili e componenti<\/title>\n<meta name=\"description\" content=\"Abbiamo pi\u00f9 di 40 di esperienza nei seguenti settori: illuminazione, complementi d&#039;arredo, mobili per ufficio, componenti per antincendio e sistemi di allarme.\" \/>\n<meta name=\"robots\" content=\"index, follow, max-snippet:-1, max-image-preview:large, max-video-preview:-1\" \/>\n<link rel=\"canonical\" href=\"https:\/\/rolla.it\/it\/settori\/\" \/>\n<meta property=\"og:locale\" content=\"it_IT\" \/>\n<meta property=\"og:type\" content=\"article\" \/>\n<meta property=\"og:title\" content=\"Lavorazioni metalliche per illuminazione, complementi d&#039;arredo, mobili e componenti\" \/>\n<meta property=\"og:description\" content=\"Abbiamo pi\u00f9 di 40 di esperienza nei seguenti settori: illuminazione, complementi d&#039;arredo, mobili per ufficio, componenti per antincendio e sistemi di allarme.\" \/>\n<meta property=\"og:url\" content=\"https:\/\/rolla.it\/it\/settori\/\" \/>\n<meta property=\"og:site_name\" content=\"Rolla srl\" \/>\n<meta property=\"article:modified_time\" content=\"2025-03-17T08:57:24+00:00\" \/>\n<meta name=\"twitter:card\" content=\"summary_large_image\" \/>\n<meta name=\"twitter:label1\" content=\"Tempo di lettura stimato\" \/>\n\t<meta name=\"twitter:data1\" content=\"2 minuti\" \/>\n<script type=\"application\/ld+json\" class=\"yoast-schema-graph\">{\"@context\":\"https:\/\/schema.org\",\"@graph\":[{\"@type\":\"WebPage\",\"@id\":\"https:\/\/rolla.it\/it\/settori\/\",\"url\":\"https:\/\/rolla.it\/it\/settori\/\",\"name\":\"Lavorazioni metalliche per illuminazione, complementi d'arredo, mobili e componenti\",\"isPartOf\":{\"@id\":\"https:\/\/rolla.it\/it\/#website\"},\"datePublished\":\"2018-12-11T14:54:34+00:00\",\"dateModified\":\"2025-03-17T08:57:24+00:00\",\"description\":\"Abbiamo pi\u00f9 di 40 di esperienza nei seguenti settori: illuminazione, complementi d'arredo, mobili per ufficio, componenti per antincendio e sistemi di allarme.\",\"breadcrumb\":{\"@id\":\"https:\/\/rolla.it\/it\/settori\/#breadcrumb\"},\"inLanguage\":\"it-IT\",\"potentialAction\":[{\"@type\":\"ReadAction\",\"target\":[\"https:\/\/rolla.it\/it\/settori\/\"]}]},{\"@type\":\"BreadcrumbList\",\"@id\":\"https:\/\/rolla.it\/it\/settori\/#breadcrumb\",\"itemListElement\":[{\"@type\":\"ListItem\",\"position\":1,\"name\":\"Home\",\"item\":\"https:\/\/rolla.it\/it\/\"},{\"@type\":\"ListItem\",\"position\":2,\"name\":\"Settori\"}]},{\"@type\":\"WebSite\",\"@id\":\"https:\/\/rolla.it\/it\/#website\",\"url\":\"https:\/\/rolla.it\/it\/\",\"name\":\"Rolla srl\",\"description\":\"\",\"publisher\":{\"@id\":\"https:\/\/rolla.it\/it\/#organization\"},\"potentialAction\":[{\"@type\":\"SearchAction\",\"target\":{\"@type\":\"EntryPoint\",\"urlTemplate\":\"https:\/\/rolla.it\/it\/?s={search_term_string}\"},\"query-input\":{\"@type\":\"PropertyValueSpecification\",\"valueRequired\":true,\"valueName\":\"search_term_string\"}}],\"inLanguage\":\"it-IT\"},{\"@type\":\"Organization\",\"@id\":\"https:\/\/rolla.it\/it\/#organization\",\"name\":\"Rolla Srl lavorazione Meccaniche\",\"url\":\"https:\/\/rolla.it\/it\/\",\"logo\":{\"@type\":\"ImageObject\",\"inLanguage\":\"it-IT\",\"@id\":\"https:\/\/rolla.it\/it\/#\/schema\/logo\/image\/\",\"url\":\"https:\/\/rolla.it\/wp-content\/uploads\/2019\/01\/rolla-metal-technologies.jpg\",\"contentUrl\":\"https:\/\/rolla.it\/wp-content\/uploads\/2019\/01\/rolla-metal-technologies.jpg\",\"width\":1200,\"height\":839,\"caption\":\"Rolla Srl lavorazione Meccaniche\"},\"image\":{\"@id\":\"https:\/\/rolla.it\/it\/#\/schema\/logo\/image\/\"}}]}<\/script>\n<!-- \/ Yoast SEO plugin. -->","yoast_head_json":{"title":"Lavorazioni metalliche per illuminazione, complementi d'arredo, mobili e componenti","description":"Abbiamo pi\u00f9 di 40 di esperienza nei seguenti settori: illuminazione, complementi d'arredo, mobili per ufficio, componenti per antincendio e sistemi di allarme.","robots":{"index":"index","follow":"follow","max-snippet":"max-snippet:-1","max-image-preview":"max-image-preview:large","max-video-preview":"max-video-preview:-1"},"canonical":"https:\/\/rolla.it\/it\/settori\/","og_locale":"it_IT","og_type":"article","og_title":"Lavorazioni metalliche per illuminazione, complementi d'arredo, mobili e componenti","og_description":"Abbiamo pi\u00f9 di 40 di esperienza nei seguenti settori: illuminazione, complementi d'arredo, mobili per ufficio, componenti per antincendio e sistemi di allarme.","og_url":"https:\/\/rolla.it\/it\/settori\/","og_site_name":"Rolla srl","article_modified_time":"2025-03-17T08:57:24+00:00","twitter_card":"summary_large_image","twitter_misc":{"Tempo di lettura stimato":"2 minuti"},"schema":{"@context":"https:\/\/schema.org","@graph":[{"@type":"WebPage","@id":"https:\/\/rolla.it\/it\/settori\/","url":"https:\/\/rolla.it\/it\/settori\/","name":"Lavorazioni metalliche per illuminazione, complementi d'arredo, mobili e componenti","isPartOf":{"@id":"https:\/\/rolla.it\/it\/#website"},"datePublished":"2018-12-11T14:54:34+00:00","dateModified":"2025-03-17T08:57:24+00:00","description":"Abbiamo pi\u00f9 di 40 di esperienza nei seguenti settori: illuminazione, complementi d'arredo, mobili per ufficio, componenti per antincendio e sistemi di allarme.","breadcrumb":{"@id":"https:\/\/rolla.it\/it\/settori\/#breadcrumb"},"inLanguage":"it-IT","potentialAction":[{"@type":"ReadAction","target":["https:\/\/rolla.it\/it\/settori\/"]}]},{"@type":"BreadcrumbList","@id":"https:\/\/rolla.it\/it\/settori\/#breadcrumb","itemListElement":[{"@type":"ListItem","position":1,"name":"Home","item":"https:\/\/rolla.it\/it\/"},{"@type":"ListItem","position":2,"name":"Settori"}]},{"@type":"WebSite","@id":"https:\/\/rolla.it\/it\/#website","url":"https:\/\/rolla.it\/it\/","name":"Rolla srl","description":"","publisher":{"@id":"https:\/\/rolla.it\/it\/#organization"},"potentialAction":[{"@type":"SearchAction","target":{"@type":"EntryPoint","urlTemplate":"https:\/\/rolla.it\/it\/?s={search_term_string}"},"query-input":{"@type":"PropertyValueSpecification","valueRequired":true,"valueName":"search_term_string"}}],"inLanguage":"it-IT"},{"@type":"Organization","@id":"https:\/\/rolla.it\/it\/#organization","name":"Rolla Srl lavorazione Meccaniche","url":"https:\/\/rolla.it\/it\/","logo":{"@type":"ImageObject","inLanguage":"it-IT","@id":"https:\/\/rolla.it\/it\/#\/schema\/logo\/image\/","url":"https:\/\/rolla.it\/wp-content\/uploads\/2019\/01\/rolla-metal-technologies.jpg","contentUrl":"https:\/\/rolla.it\/wp-content\/uploads\/2019\/01\/rolla-metal-technologies.jpg","width":1200,"height":839,"caption":"Rolla Srl lavorazione Meccaniche"},"image":{"@id":"https:\/\/rolla.it\/it\/#\/schema\/logo\/image\/"}}]}},"_links":{"self":[{"href":"https:\/\/rolla.it\/it\/wp-json\/wp\/v2\/pages\/591","targetHints":{"allow":["GET"]}}],"collection":[{"href":"https:\/\/rolla.it\/it\/wp-json\/wp\/v2\/pages"}],"about":[{"href":"https:\/\/rolla.it\/it\/wp-json\/wp\/v2\/types\/page"}],"author":[{"embeddable":true,"href":"https:\/\/rolla.it\/it\/wp-json\/wp\/v2\/users\/7"}],"replies":[{"embeddable":true,"href":"https:\/\/rolla.it\/it\/wp-json\/wp\/v2\/comments?post=591"}],"version-history":[{"count":0,"href":"https:\/\/rolla.it\/it\/wp-json\/wp\/v2\/pages\/591\/revisions"}],"wp:attachment":[{"href":"https:\/\/rolla.it\/it\/wp-json\/wp\/v2\/media?parent=591"}],"curies":[{"name":"wp","href":"https:\/\/api.w.org\/{rel}","templated":true}]}}