{"id":537,"date":"2018-12-11T14:07:50","date_gmt":"2018-12-11T14:07:50","guid":{"rendered":"http:\/\/rolla.it\/?page_id=537"},"modified":"2025-05-21T08:45:52","modified_gmt":"2025-05-21T08:45:52","slug":"taglio-laser-punzonatura","status":"publish","type":"page","link":"https:\/\/rolla.it\/it\/lavorazioni\/taglio-laser-punzonatura\/","title":{"rendered":"Taglio laser e laser\/combinata"},"content":{"rendered":"<div class=\"wpb-content-wrapper\"><p>[vc_row css_animation=&#8221;&#8221; row_type=&#8221;row&#8221; use_row_as_full_screen_section=&#8221;no&#8221; type=&#8221;full_width&#8221; angled_section=&#8221;no&#8221; text_align=&#8221;left&#8221; background_image_as_pattern=&#8221;without_pattern&#8221; css=&#8221;.vc_custom_1549546490644{margin-bottom: 70px !important;}&#8221; z_index=&#8221;&#8221;][vc_column][vc_column_text]I centri di lavoro per il taglio laser 2d rivestono un ruolo strategico in quasi tutte le lavorazioni meccaniche. Questi macchinari, spesso utilizzati in naturale combinazione con quelli per la pressopiegatura e calandratura, consentono un\u2019elevata flessibilit\u00e0 relativamente alla possibilit\u00e0 di personalizzare il prodotto.<\/p>\n<p>&nbsp;<\/p>\n<p>Il parco macchine per il taglio laser \u00e8 raggruppato in due importanti tecnologie:<\/p>\n<p>Il <strong>Laser Fibra Salvagnini<\/strong>, principalmente dedicato al taglio di lastre di spessore significativo. Pu\u00f2 trattare lastre di metallo di dimensione massima 3 x 1,5 m. e di spessore fino a 20 mm, di diverse tipologie di materiale: <a href=\"https:\/\/rolla.it\/it\/\">acciaio<\/a>, inox, alluminio, rame e ottone, con limiti di spessore variabile.<\/p>\n<p>Il <strong>Laser combinato Trumpf<\/strong>, dedicato a lavorazioni laser abbinate a lavorazioni di punzonatura, con carico\/scarico automatici. Pu\u00f2 trattare lastre di metallo di dimensione massima 3 x 1,5 m. e di spessore fino a 8 mm, di materiale di <a href=\"https:\/\/rolla.it\/it\/\">acciaio<\/a>, inox o di alluminio, con limiti di spessore variabile.[\/vc_column_text][vc_empty_space][vc_single_image image=&#8221;784&#8243; img_size=&#8221;full&#8221; qode_css_animation=&#8221;&#8221; css=&#8221;.vc_custom_1548692564171{padding-bottom: 20px !important;}&#8221;][vc_empty_space][vc_column_text el_class=&#8221;titoletto&#8221;]<\/p>\n<h5>Nuova Trumatic 7000, <a href=\"https:\/\/rolla.it\/it\/2022\/05\/macchina-pressopiegatrice\/\">macchina<\/a> produttiva high-end<\/h5>\n<p>&nbsp;<\/p>\n<p>Nella TruMatic 7000 sono combinati in modo particolarmente redditizio i vantaggi della <a href=\"https:\/\/rolla.it\/it\/\">lavorazione<\/a> di punzonatura e taglio laser. La <a href=\"https:\/\/rolla.it\/it\/2022\/05\/macchina-pressopiegatrice\/\">macchina<\/a> soddisfa le richieste dei clienti pi\u00f9 esigenti in termini di qualit\u00e0 dei pezzi, produttivit\u00e0 e flessibilit\u00e0.<\/p>\n<p>&nbsp;<\/p>\n<p><strong>La matrice attiva, combinata al tavolo a spazzole<\/strong>, permette la <strong><a href=\"https:\/\/rolla.it\/it\/\">lavorazione<\/a> di materiali delicati senza graffi<\/strong> e offre nuove opzioni di deformazione grazie alla corsa di deformazione dal basso.<\/p>\n<p>&nbsp;<\/p>\n<p>Si ottiene <strong>un\u2019ottima qualit\u00e0 dei bordi<\/strong> grazie al <strong>laser a CO2<\/strong> che garantisce risultati di taglio di alta precisione grazie all\u2019eccellente qualit\u00e0 del fascio.<\/p>\n<p>&nbsp;<\/p>\n<p>Gli <strong>assi supplementari<\/strong> permettono di ottenere un deciso aumento di produttivit\u00e0, che pu\u00f2 arrivare a livelli davvero elevati.<\/p>\n<p>&nbsp;<\/p>\n<p>Il <strong>cambio automatico degli ugelli di taglio<\/strong>, quando si eseguono nuovi ordini, consente elevati risparmi di tempo nell\u2019esercizio automatizzato.<\/p>\n<p>&nbsp;<\/p>\n<p>Le <strong>botole controllate da sensori<\/strong> rendono <strong>sicuro il processo di scarico dei pezzi<\/strong>.<\/p>\n<p>&nbsp;<\/p>\n<p>I <strong>processi di carico, scarico e smistamento sono sicuri e automatizzati<\/strong> grazie allo <strong>SheetMaster<\/strong>.<\/p>\n<p>&nbsp;<\/p>\n<p>La <strong>testa di punzonatura<\/strong> <strong>elettroidraulica<\/strong> esegue una <a href=\"https:\/\/rolla.it\/it\/\">lavorazione<\/a> completa dei pezzi, rendendo pressoch\u00e9 superflue fasi operative successive, come ad esempio la sbavatura.<\/p>\n<p>&nbsp;<\/p>\n<p>Si possono lavorare le lamiere in <strong>un\u2019area di lavoro di dimensioni fino a 3050 x 1550 mm<\/strong>, aumentando cos\u00ec la quantit\u00e0 delle possibili geometrie dei pezzi nonch\u00e9 la flessibilit\u00e0 operativa.[\/vc_column_text][vc_empty_space][vc_single_image image=&#8221;2163&#8243; img_size=&#8221;full&#8221; qode_css_animation=&#8221;&#8221; css=&#8221;.vc_custom_1715674181605{padding-bottom: 20px !important;}&#8221;][\/vc_column][\/vc_row]<\/p>\n<\/div>","protected":false},"excerpt":{"rendered":"<p>I centri di lavoro per il taglio laser 2d rivestono un ruolo strategico in quasi tutte le lavorazioni meccaniche.<\/p>\n","protected":false},"author":7,"featured_media":835,"parent":450,"menu_order":0,"comment_status":"closed","ping_status":"closed","template":"","meta":{"footnotes":""},"class_list":["post-537","page","type-page","status-publish","has-post-thumbnail","hentry"],"yoast_head":"<!-- This site is optimized with the Yoast SEO plugin v26.0 - https:\/\/yoast.com\/wordpress\/plugins\/seo\/ -->\n<title>Taglio Laser lamiera -Lavorazione Metallo Veneto Treviso<\/title>\n<meta name=\"description\" content=\"I nostri centri di lavoro per il taglio laser 2d delle lamiere metalliche rivestono un ruolo strategico in quasi tutte le lavorazioni meccaniche.\" \/>\n<meta name=\"robots\" content=\"index, follow, max-snippet:-1, max-image-preview:large, max-video-preview:-1\" \/>\n<link rel=\"canonical\" href=\"https:\/\/rolla.it\/it\/lavorazioni\/taglio-laser-punzonatura\/\" \/>\n<meta property=\"og:locale\" content=\"it_IT\" \/>\n<meta property=\"og:type\" content=\"article\" \/>\n<meta property=\"og:title\" content=\"Taglio Laser lamiera -Lavorazione Metallo Veneto Treviso\" \/>\n<meta property=\"og:description\" content=\"I nostri centri di lavoro per il taglio laser 2d delle lamiere metalliche rivestono un ruolo strategico in quasi tutte le lavorazioni meccaniche.\" \/>\n<meta property=\"og:url\" content=\"https:\/\/rolla.it\/it\/lavorazioni\/taglio-laser-punzonatura\/\" \/>\n<meta property=\"og:site_name\" content=\"Rolla srl\" \/>\n<meta property=\"article:modified_time\" content=\"2025-05-21T08:45:52+00:00\" \/>\n<meta property=\"og:image\" content=\"https:\/\/rolla.it\/wp-content\/uploads\/2019\/01\/laser-main.jpg\" \/>\n\t<meta property=\"og:image:width\" content=\"1920\" \/>\n\t<meta property=\"og:image:height\" content=\"470\" \/>\n\t<meta property=\"og:image:type\" content=\"image\/jpeg\" \/>\n<meta name=\"twitter:card\" content=\"summary_large_image\" \/>\n<meta name=\"twitter:label1\" content=\"Tempo di lettura stimato\" \/>\n\t<meta name=\"twitter:data1\" content=\"3 minuti\" \/>\n<script type=\"application\/ld+json\" class=\"yoast-schema-graph\">{\"@context\":\"https:\/\/schema.org\",\"@graph\":[{\"@type\":\"WebPage\",\"@id\":\"https:\/\/rolla.it\/it\/lavorazioni\/taglio-laser-punzonatura\/\",\"url\":\"https:\/\/rolla.it\/it\/lavorazioni\/taglio-laser-punzonatura\/\",\"name\":\"Taglio Laser lamiera -Lavorazione Metallo Veneto Treviso\",\"isPartOf\":{\"@id\":\"https:\/\/rolla.it\/it\/#website\"},\"primaryImageOfPage\":{\"@id\":\"https:\/\/rolla.it\/it\/lavorazioni\/taglio-laser-punzonatura\/#primaryimage\"},\"image\":{\"@id\":\"https:\/\/rolla.it\/it\/lavorazioni\/taglio-laser-punzonatura\/#primaryimage\"},\"thumbnailUrl\":\"https:\/\/rolla.it\/wp-content\/uploads\/2019\/01\/laser-main.jpg\",\"datePublished\":\"2018-12-11T14:07:50+00:00\",\"dateModified\":\"2025-05-21T08:45:52+00:00\",\"description\":\"I nostri centri di lavoro per il taglio laser 2d delle lamiere metalliche rivestono un ruolo strategico in quasi tutte le lavorazioni meccaniche.\",\"breadcrumb\":{\"@id\":\"https:\/\/rolla.it\/it\/lavorazioni\/taglio-laser-punzonatura\/#breadcrumb\"},\"inLanguage\":\"it-IT\",\"potentialAction\":[{\"@type\":\"ReadAction\",\"target\":[\"https:\/\/rolla.it\/it\/lavorazioni\/taglio-laser-punzonatura\/\"]}]},{\"@type\":\"ImageObject\",\"inLanguage\":\"it-IT\",\"@id\":\"https:\/\/rolla.it\/it\/lavorazioni\/taglio-laser-punzonatura\/#primaryimage\",\"url\":\"https:\/\/rolla.it\/wp-content\/uploads\/2019\/01\/laser-main.jpg\",\"contentUrl\":\"https:\/\/rolla.it\/wp-content\/uploads\/2019\/01\/laser-main.jpg\",\"width\":1920,\"height\":470,\"caption\":\"Laser\"},{\"@type\":\"BreadcrumbList\",\"@id\":\"https:\/\/rolla.it\/it\/lavorazioni\/taglio-laser-punzonatura\/#breadcrumb\",\"itemListElement\":[{\"@type\":\"ListItem\",\"position\":1,\"name\":\"Home\",\"item\":\"https:\/\/rolla.it\/it\/\"},{\"@type\":\"ListItem\",\"position\":2,\"name\":\"Siamo specialisti della lavorazioni della lamiera\",\"item\":\"https:\/\/rolla.it\/it\/lavorazioni\/\"},{\"@type\":\"ListItem\",\"position\":3,\"name\":\"Taglio laser e laser\/combinata\"}]},{\"@type\":\"WebSite\",\"@id\":\"https:\/\/rolla.it\/it\/#website\",\"url\":\"https:\/\/rolla.it\/it\/\",\"name\":\"Rolla srl\",\"description\":\"\",\"publisher\":{\"@id\":\"https:\/\/rolla.it\/it\/#organization\"},\"potentialAction\":[{\"@type\":\"SearchAction\",\"target\":{\"@type\":\"EntryPoint\",\"urlTemplate\":\"https:\/\/rolla.it\/it\/?s={search_term_string}\"},\"query-input\":{\"@type\":\"PropertyValueSpecification\",\"valueRequired\":true,\"valueName\":\"search_term_string\"}}],\"inLanguage\":\"it-IT\"},{\"@type\":\"Organization\",\"@id\":\"https:\/\/rolla.it\/it\/#organization\",\"name\":\"Rolla Srl lavorazione Meccaniche\",\"url\":\"https:\/\/rolla.it\/it\/\",\"logo\":{\"@type\":\"ImageObject\",\"inLanguage\":\"it-IT\",\"@id\":\"https:\/\/rolla.it\/it\/#\/schema\/logo\/image\/\",\"url\":\"https:\/\/rolla.it\/wp-content\/uploads\/2019\/01\/rolla-metal-technologies.jpg\",\"contentUrl\":\"https:\/\/rolla.it\/wp-content\/uploads\/2019\/01\/rolla-metal-technologies.jpg\",\"width\":1200,\"height\":839,\"caption\":\"Rolla Srl lavorazione Meccaniche\"},\"image\":{\"@id\":\"https:\/\/rolla.it\/it\/#\/schema\/logo\/image\/\"}}]}<\/script>\n<!-- \/ Yoast SEO plugin. -->","yoast_head_json":{"title":"Taglio Laser lamiera -Lavorazione Metallo Veneto Treviso","description":"I nostri centri di lavoro per il taglio laser 2d delle lamiere metalliche rivestono un ruolo strategico in quasi tutte le lavorazioni meccaniche.","robots":{"index":"index","follow":"follow","max-snippet":"max-snippet:-1","max-image-preview":"max-image-preview:large","max-video-preview":"max-video-preview:-1"},"canonical":"https:\/\/rolla.it\/it\/lavorazioni\/taglio-laser-punzonatura\/","og_locale":"it_IT","og_type":"article","og_title":"Taglio Laser lamiera -Lavorazione Metallo Veneto Treviso","og_description":"I nostri centri di lavoro per il taglio laser 2d delle lamiere metalliche rivestono un ruolo strategico in quasi tutte le lavorazioni meccaniche.","og_url":"https:\/\/rolla.it\/it\/lavorazioni\/taglio-laser-punzonatura\/","og_site_name":"Rolla srl","article_modified_time":"2025-05-21T08:45:52+00:00","og_image":[{"width":1920,"height":470,"url":"https:\/\/rolla.it\/wp-content\/uploads\/2019\/01\/laser-main.jpg","type":"image\/jpeg"}],"twitter_card":"summary_large_image","twitter_misc":{"Tempo di lettura stimato":"3 minuti"},"schema":{"@context":"https:\/\/schema.org","@graph":[{"@type":"WebPage","@id":"https:\/\/rolla.it\/it\/lavorazioni\/taglio-laser-punzonatura\/","url":"https:\/\/rolla.it\/it\/lavorazioni\/taglio-laser-punzonatura\/","name":"Taglio Laser lamiera -Lavorazione Metallo Veneto Treviso","isPartOf":{"@id":"https:\/\/rolla.it\/it\/#website"},"primaryImageOfPage":{"@id":"https:\/\/rolla.it\/it\/lavorazioni\/taglio-laser-punzonatura\/#primaryimage"},"image":{"@id":"https:\/\/rolla.it\/it\/lavorazioni\/taglio-laser-punzonatura\/#primaryimage"},"thumbnailUrl":"https:\/\/rolla.it\/wp-content\/uploads\/2019\/01\/laser-main.jpg","datePublished":"2018-12-11T14:07:50+00:00","dateModified":"2025-05-21T08:45:52+00:00","description":"I nostri centri di lavoro per il taglio laser 2d delle lamiere metalliche rivestono un ruolo strategico in quasi tutte le lavorazioni meccaniche.","breadcrumb":{"@id":"https:\/\/rolla.it\/it\/lavorazioni\/taglio-laser-punzonatura\/#breadcrumb"},"inLanguage":"it-IT","potentialAction":[{"@type":"ReadAction","target":["https:\/\/rolla.it\/it\/lavorazioni\/taglio-laser-punzonatura\/"]}]},{"@type":"ImageObject","inLanguage":"it-IT","@id":"https:\/\/rolla.it\/it\/lavorazioni\/taglio-laser-punzonatura\/#primaryimage","url":"https:\/\/rolla.it\/wp-content\/uploads\/2019\/01\/laser-main.jpg","contentUrl":"https:\/\/rolla.it\/wp-content\/uploads\/2019\/01\/laser-main.jpg","width":1920,"height":470,"caption":"Laser"},{"@type":"BreadcrumbList","@id":"https:\/\/rolla.it\/it\/lavorazioni\/taglio-laser-punzonatura\/#breadcrumb","itemListElement":[{"@type":"ListItem","position":1,"name":"Home","item":"https:\/\/rolla.it\/it\/"},{"@type":"ListItem","position":2,"name":"Siamo specialisti della lavorazioni della lamiera","item":"https:\/\/rolla.it\/it\/lavorazioni\/"},{"@type":"ListItem","position":3,"name":"Taglio laser e laser\/combinata"}]},{"@type":"WebSite","@id":"https:\/\/rolla.it\/it\/#website","url":"https:\/\/rolla.it\/it\/","name":"Rolla srl","description":"","publisher":{"@id":"https:\/\/rolla.it\/it\/#organization"},"potentialAction":[{"@type":"SearchAction","target":{"@type":"EntryPoint","urlTemplate":"https:\/\/rolla.it\/it\/?s={search_term_string}"},"query-input":{"@type":"PropertyValueSpecification","valueRequired":true,"valueName":"search_term_string"}}],"inLanguage":"it-IT"},{"@type":"Organization","@id":"https:\/\/rolla.it\/it\/#organization","name":"Rolla Srl lavorazione Meccaniche","url":"https:\/\/rolla.it\/it\/","logo":{"@type":"ImageObject","inLanguage":"it-IT","@id":"https:\/\/rolla.it\/it\/#\/schema\/logo\/image\/","url":"https:\/\/rolla.it\/wp-content\/uploads\/2019\/01\/rolla-metal-technologies.jpg","contentUrl":"https:\/\/rolla.it\/wp-content\/uploads\/2019\/01\/rolla-metal-technologies.jpg","width":1200,"height":839,"caption":"Rolla Srl lavorazione Meccaniche"},"image":{"@id":"https:\/\/rolla.it\/it\/#\/schema\/logo\/image\/"}}]}},"_links":{"self":[{"href":"https:\/\/rolla.it\/it\/wp-json\/wp\/v2\/pages\/537","targetHints":{"allow":["GET"]}}],"collection":[{"href":"https:\/\/rolla.it\/it\/wp-json\/wp\/v2\/pages"}],"about":[{"href":"https:\/\/rolla.it\/it\/wp-json\/wp\/v2\/types\/page"}],"author":[{"embeddable":true,"href":"https:\/\/rolla.it\/it\/wp-json\/wp\/v2\/users\/7"}],"replies":[{"embeddable":true,"href":"https:\/\/rolla.it\/it\/wp-json\/wp\/v2\/comments?post=537"}],"version-history":[{"count":1,"href":"https:\/\/rolla.it\/it\/wp-json\/wp\/v2\/pages\/537\/revisions"}],"predecessor-version":[{"id":2502,"href":"https:\/\/rolla.it\/it\/wp-json\/wp\/v2\/pages\/537\/revisions\/2502"}],"up":[{"embeddable":true,"href":"https:\/\/rolla.it\/it\/wp-json\/wp\/v2\/pages\/450"}],"wp:featuredmedia":[{"embeddable":true,"href":"https:\/\/rolla.it\/it\/wp-json\/wp\/v2\/media\/835"}],"wp:attachment":[{"href":"https:\/\/rolla.it\/it\/wp-json\/wp\/v2\/media?parent=537"}],"curies":[{"name":"wp","href":"https:\/\/api.w.org\/{rel}","templated":true}]}}