{"id":1680,"date":"2018-12-11T14:54:34","date_gmt":"2018-12-11T14:54:34","guid":{"rendered":"https:\/\/rolla.it\/settori\/"},"modified":"2025-03-17T09:16:44","modified_gmt":"2025-03-17T09:16:44","slug":"die-sektoren","status":"publish","type":"page","link":"https:\/\/rolla.it\/de\/die-sektoren\/","title":{"rendered":"Die Sektoren"},"content":{"rendered":"<div class=\"wpb-content-wrapper\"><p>[vc_row css_animation=&#8220;&#8220; row_type=&#8220;row&#8220; use_row_as_full_screen_section=&#8220;no&#8220; type=&#8220;full_width&#8220; anchor=&#8220;beleuchtung&#8220; angled_section=&#8220;no&#8220; text_align=&#8220;left&#8220; background_image_as_pattern=&#8220;without_pattern&#8220; css=&#8220;.vc_custom_1552051827204{background-color: #f0f0f0 !important;}&#8220; z_index=&#8220;&#8220; el_class=&#8220;space_top_service_mobile&#8220;][vc_column][qode_elements_holder number_of_columns=&#8220;two_columns&#8220; switch_to_one_column=&#8220;1000&#8243;][qode_elements_holder_item item_padding=&#8220;50px 167px 50px 167px&#8220; advanced_animations=&#8220;no&#8220; item_padding_1280_1440=&#8220;20px 5% 50px 5%&#8220; item_padding_1024_1280=&#8220;20px 5% 50px 5%&#8220; item_padding_768_1024=&#8220;0px 5% 50px 5%&#8220; item_padding_600_768=&#8220;40px 5% 50px 5%&#8220; item_padding_480_600=&#8220;40px 5% 50px 5%&#8220; item_padding_480=&#8220;76px 5% 50px 5%&#8220;][vc_column_text]<\/p>\n<h3>Beleuchtung und Veredelungselemente<\/h3>\n<p>[\/vc_column_text][vc_empty_space height=&#8220;15px&#8220;][vc_column_text]Der Beleuchtungsmarkt befindet sich wegen der Erfindung der LED und der Integration mit den Home-Automation-Technologien in st\u00e4ndiger Wandlung, die das Anwendungspotentials und somit das Wachstum erweitern. Die Branchenakteure suchen zuverl\u00e4ssige Partner hinsichtlich Qualit\u00e4t, Ausf\u00fchrung und Preis-Leistungs-Verh\u00e4ltnis. Rolla ist daf\u00fcr ein idealer Partner![\/vc_column_text][\/qode_elements_holder_item][qode_elements_holder_item item_padding=&#8220;0&#8243; advanced_animations=&#8220;no&#8220;][vc_single_image image=&#8220;1038&#8243; img_size=&#8220;full&#8220; qode_css_animation=&#8220;&#8220;][\/qode_elements_holder_item][\/qode_elements_holder][\/vc_column][\/vc_row][vc_row css_animation=&#8220;&#8220; row_type=&#8220;row&#8220; use_row_as_full_screen_section=&#8220;no&#8220; type=&#8220;full_width&#8220; anchor=&#8220;einrichtungsgegenstande&#8220; angled_section=&#8220;no&#8220; text_align=&#8220;left&#8220; background_image_as_pattern=&#8220;without_pattern&#8220; css=&#8220;.vc_custom_1552051903309{background-color: #f0f0f0 !important;}&#8220; z_index=&#8220;&#8220; el_class=&#8220;solo_desktop&#8220;][vc_column][qode_elements_holder number_of_columns=&#8220;two_columns&#8220; switch_to_one_column=&#8220;1000&#8243;][qode_elements_holder_item item_padding=&#8220;0&#8243; advanced_animations=&#8220;no&#8220;][vc_single_image image=&#8220;1019&#8243; img_size=&#8220;full&#8220; qode_css_animation=&#8220;&#8220;][\/qode_elements_holder_item][qode_elements_holder_item item_padding=&#8220;50px 167px 50px 167px&#8220; advanced_animations=&#8220;no&#8220; item_padding_1024_1280=&#8220;50px 100px 50px 100px&#8220; item_padding_768_1024=&#8220;50px 70px 50px 70px&#8220; item_padding_600_768=&#8220;50px 70px 50px 70px&#8220; item_padding_480_600=&#8220;50px 50px 50px 50px&#8220; item_padding_480=&#8220;50px 50px 50px 50px&#8220;][vc_column_text]<\/p>\n<h3>Einrichtungsgegenst\u00e4nde<\/h3>\n<p>[\/vc_column_text][vc_empty_space height=&#8220;15px&#8220;][vc_column_text]Der Markt der Einrichtungsgegenst\u00e4nde befindet sich durch das Angebot verschiedener digitaler Verkaufskan\u00e4le in einer Umbruchphase. Die Branchenakteure fordern energische, zuverl\u00e4ssige und kreative Lieferanten. Rolla ist all das![\/vc_column_text][\/qode_elements_holder_item][\/qode_elements_holder][\/vc_column][\/vc_row][vc_row css_animation=&#8220;&#8220; row_type=&#8220;row&#8220; use_row_as_full_screen_section=&#8220;no&#8220; type=&#8220;full_width&#8220; anchor=&#8220;einrichtungsgegenstande&#8220; angled_section=&#8220;no&#8220; text_align=&#8220;left&#8220; background_image_as_pattern=&#8220;without_pattern&#8220; css=&#8220;.vc_custom_1552051916740{background-color: #f0f0f0 !important;}&#8220; z_index=&#8220;&#8220; el_class=&#8220;solo_mobile&#8220;][vc_column][qode_elements_holder number_of_columns=&#8220;two_columns&#8220; switch_to_one_column=&#8220;1000&#8243;][qode_elements_holder_item item_padding=&#8220;50px 167px 50px 167px&#8220; advanced_animations=&#8220;no&#8220; item_padding_1024_1280=&#8220;50px 100px 50px 100px&#8220; item_padding_768_1024=&#8220;50px 70px 50px 70px&#8220; item_padding_600_768=&#8220;50px 70px 50px 70px&#8220; item_padding_480_600=&#8220;50px 50px 50px 50px&#8220; item_padding_480=&#8220;50px 50px 50px 50px&#8220;][vc_column_text]<\/p>\n<h3>Einrichtungsgegenst\u00e4nde<\/h3>\n<p>[\/vc_column_text][vc_empty_space height=&#8220;15px&#8220;][vc_column_text]Der Markt der Einrichtungsgegenst\u00e4nde befindet sich durch das Angebot verschiedener digitaler Verkaufskan\u00e4le in einer Umbruchphase. Die Branchenakteure fordern energische, zuverl\u00e4ssige und kreative Lieferanten. Rolla ist all das![\/vc_column_text][\/qode_elements_holder_item][qode_elements_holder_item item_padding=&#8220;0&#8243; advanced_animations=&#8220;no&#8220;][vc_single_image image=&#8220;1019&#8243; img_size=&#8220;full&#8220; qode_css_animation=&#8220;&#8220;][\/qode_elements_holder_item][\/qode_elements_holder][\/vc_column][\/vc_row][vc_row css_animation=&#8220;&#8220; row_type=&#8220;row&#8220; use_row_as_full_screen_section=&#8220;no&#8220; type=&#8220;full_width&#8220; anchor=&#8220;metallmobel&#8220; angled_section=&#8220;no&#8220; text_align=&#8220;left&#8220; background_image_as_pattern=&#8220;without_pattern&#8220; css=&#8220;.vc_custom_1552051959127{background-color: #f0f0f0 !important;}&#8220; z_index=&#8220;&#8220;][vc_column][qode_elements_holder number_of_columns=&#8220;two_columns&#8220; switch_to_one_column=&#8220;1000&#8243;][qode_elements_holder_item item_padding=&#8220;50px 167px 50px 167px&#8220; advanced_animations=&#8220;no&#8220; item_padding_1280_1440=&#8220;50px 5% 50px 5%&#8220; item_padding_1024_1280=&#8220;50px 5% 50px 5%&#8220; item_padding_768_1024=&#8220;50px 5% 50px 5%&#8220; item_padding_600_768=&#8220;50px 5% 50px 5%&#8220; item_padding_480_600=&#8220;50px 5% 50px 5%&#8220; item_padding_480=&#8220;50px 5% 50px 5%&#8220;][vc_column_text]<\/p>\n<h3>Metallm\u00f6bel f\u00fcr B\u00fcros und Veredelungselemente<\/h3>\n<p>[\/vc_column_text][vc_empty_space height=&#8220;15px&#8220;][vc_column_text]Metall wird noch nicht lange in der M\u00f6belbranche benutzt. Zuerst wurden M\u00f6bel f\u00fcr den Au\u00dfenbereich aus Metall hergestellt, dann wurde es auch f\u00fcr andere Anwendungen auf den Arbeitspl\u00e4tzen usw. eingesetzt. Die Unternehmen in dieser Branche sind auf der Suche nach Partnern, die Qualit\u00e4t, Robustheit des Manufakts und konkurrenzf\u00e4hige Preise verbinden. Rolla ist der Partner, den Sie suchen![\/vc_column_text][\/qode_elements_holder_item][qode_elements_holder_item item_padding=&#8220;0&#8243; advanced_animations=&#8220;no&#8220;][vc_single_image image=&#8220;1042&#8243; img_size=&#8220;full&#8220; qode_css_animation=&#8220;&#8220;][\/qode_elements_holder_item][\/qode_elements_holder][\/vc_column][\/vc_row][vc_row css_animation=&#8220;&#8220; row_type=&#8220;row&#8220; use_row_as_full_screen_section=&#8220;no&#8220; type=&#8220;full_width&#8220; anchor=&#8220;sicherheitskomponenten&#8220; angled_section=&#8220;no&#8220; text_align=&#8220;left&#8220; background_image_as_pattern=&#8220;without_pattern&#8220; css=&#8220;.vc_custom_1552051981556{background-color: #f0f0f0 !important;}&#8220; z_index=&#8220;&#8220; el_class=&#8220;solo_desktop&#8220;][vc_column][qode_elements_holder number_of_columns=&#8220;two_columns&#8220; switch_to_one_column=&#8220;1000&#8243;][qode_elements_holder_item item_padding=&#8220;0&#8243; advanced_animations=&#8220;no&#8220;][vc_single_image image=&#8220;1021&#8243; img_size=&#8220;full&#8220; qode_css_animation=&#8220;&#8220;][\/qode_elements_holder_item][qode_elements_holder_item item_padding=&#8220;50px 167px 50px 167px&#8220; advanced_animations=&#8220;no&#8220; item_padding_1024_1280=&#8220;50px 100px 50px 100px&#8220; item_padding_768_1024=&#8220;50px 70px 50px 70px&#8220; item_padding_600_768=&#8220;50px 70px 50px 70px&#8220; item_padding_480_600=&#8220;50px 50px 50px 50px&#8220; item_padding_480=&#8220;50px 50px 50px 50px&#8220;][vc_column_text]<\/p>\n<h3>Sicherheitskomponenten<\/h3>\n<p>[\/vc_column_text][vc_empty_space height=&#8220;15px&#8220;][vc_column_text]Das Thema Sicherheit nimmt f\u00fcr Verbraucher und Unternehmen, die sich an kompetente Fachm\u00e4nner wenden, einen sehr hohen Stellenwert ein. F\u00fcr die Produkte, die die Anfragen der Akteure im Bereich Sicherheit erf\u00fcllen, sind auch kompetente und qualifizierte Lieferanten erforderlich. Rolla steht f\u00fcr Kompetenz und Qualit\u00e4t![\/vc_column_text][\/qode_elements_holder_item][\/qode_elements_holder][\/vc_column][\/vc_row][vc_row css_animation=&#8220;&#8220; row_type=&#8220;row&#8220; use_row_as_full_screen_section=&#8220;no&#8220; type=&#8220;full_width&#8220; anchor=&#8220;sicherheitskomponenten&#8220; angled_section=&#8220;no&#8220; text_align=&#8220;left&#8220; background_image_as_pattern=&#8220;without_pattern&#8220; css=&#8220;.vc_custom_1552051991724{background-color: #f0f0f0 !important;}&#8220; z_index=&#8220;&#8220; el_class=&#8220;solo_mobile&#8220;][vc_column][qode_elements_holder number_of_columns=&#8220;two_columns&#8220; switch_to_one_column=&#8220;1000&#8243;][qode_elements_holder_item item_padding=&#8220;50px 167px 50px 167px&#8220; advanced_animations=&#8220;no&#8220; item_padding_1280_1440=&#8220;50px 5% 50px 5%&#8220; item_padding_1024_1280=&#8220;50px 5% 50px 5%&#8220; item_padding_768_1024=&#8220;50px 5% 50px 5%&#8220; item_padding_600_768=&#8220;50px 5% 50px 5%&#8220; item_padding_480_600=&#8220;50px 5% 50px 5%&#8220; item_padding_480=&#8220;50px 5% 50px 5%&#8220;][vc_column_text]<\/p>\n<h3>Sicherheitskomponenten<\/h3>\n<p>[\/vc_column_text][vc_empty_space height=&#8220;15px&#8220;][vc_column_text]Das Thema Sicherheit nimmt f\u00fcr Verbraucher und Unternehmen, die sich an kompetente Fachm\u00e4nner wenden, einen sehr hohen Stellenwert ein. F\u00fcr die Produkte, die die Anfragen der Akteure im Bereich Sicherheit erf\u00fcllen, sind auch kompetente und qualifizierte Lieferanten erforderlich. Rolla steht f\u00fcr Kompetenz und Qualit\u00e4t![\/vc_column_text][\/qode_elements_holder_item][qode_elements_holder_item item_padding=&#8220;0&#8243; advanced_animations=&#8220;no&#8220;][vc_single_image image=&#8220;1021&#8243; img_size=&#8220;full&#8220; qode_css_animation=&#8220;&#8220;][\/qode_elements_holder_item][\/qode_elements_holder][\/vc_column][\/vc_row][vc_row css_animation=&#8220;&#8220; row_type=&#8220;row&#8220; use_row_as_full_screen_section=&#8220;no&#8220; type=&#8220;full_width&#8220; anchor=&#8220;industriekomponenten&#8220; angled_section=&#8220;no&#8220; text_align=&#8220;left&#8220; background_image_as_pattern=&#8220;without_pattern&#8220; css=&#8220;.vc_custom_1552052016731{background-color: #f0f0f0 !important;}&#8220; z_index=&#8220;&#8220; el_class=&#8220;space_bottom_service_mobile&#8220;][vc_column][qode_elements_holder number_of_columns=&#8220;two_columns&#8220; switch_to_one_column=&#8220;1000&#8243;][qode_elements_holder_item item_padding=&#8220;50px 167px 50px 167px&#8220; advanced_animations=&#8220;no&#8220; item_padding_1280_1440=&#8220;50px 5% 50px 5%&#8220; item_padding_1024_1280=&#8220;50px 5% 50px 5%&#8220; item_padding_768_1024=&#8220;50px 5% 50px 5%&#8220; item_padding_600_768=&#8220;50px 5% 50px 5%&#8220; item_padding_480_600=&#8220;50px 5% 50px 5%&#8220; item_padding_480=&#8220;50px 50px 50px 50px&#8220;][vc_column_text]<\/p>\n<h3>Industriekomponenten<\/h3>\n<p>[\/vc_column_text][vc_empty_space height=&#8220;15px&#8220;][vc_column_text]Der Industriemaschinenmarkt geh\u00f6rt weltweit zu den komplexesten und konkurrenzf\u00e4higsten. Spezialisierung, Lieferzeiten und hohe Qualit\u00e4t sind wesentliche Elemente f\u00fcr den Erfolg der Branchenakteure und ihrer Partner. Rolla steht f\u00fcr maximalen Support f\u00fcr den Erfolg Ihres Produkts![\/vc_column_text][\/qode_elements_holder_item][qode_elements_holder_item item_padding=&#8220;0&#8243; advanced_animations=&#8220;no&#8220; item_padding_600_768=&#8220;0px 0px 40px 0px&#8220; item_padding_480_600=&#8220;0px 0px 40px 0px&#8220; item_padding_480=&#8220;0px 0px 76px 0px&#8220;][vc_single_image image=&#8220;1040&#8243; img_size=&#8220;full&#8220; qode_css_animation=&#8220;&#8220;][\/qode_elements_holder_item][\/qode_elements_holder][\/vc_column][\/vc_row]<\/p>\n<\/div>","protected":false},"excerpt":{"rendered":"<p>[vc_row css_animation=&#8220;&#8220; row_type=&#8220;row&#8220; use_row_as_full_screen_section=&#8220;no&#8220; type=&#8220;full_width&#8220; anchor=&#8220;beleuchtung&#8220; angled_section=&#8220;no&#8220; text_align=&#8220;left&#8220; background_image_as_pattern=&#8220;without_pattern&#8220; css=&#8220;.vc_custom_1552051827204{background-color: #f0f0f0 !important;}&#8220; z_index=&#8220;&#8220; el_class=&#8220;space_top_service_mobile&#8220;][vc_column][qode_elements_holder number_of_columns=&#8220;two_columns&#8220; switch_to_one_column=&#8220;1000&#8243;][qode_elements_holder_item item_padding=&#8220;50px 167px 50px 167px&#8220; advanced_animations=&#8220;no&#8220; item_padding_1280_1440=&#8220;20px 5% 50px 5%&#8220; item_padding_1024_1280=&#8220;20px 5% 50px 5%&#8220; item_padding_768_1024=&#8220;0px 5% 50px 5%&#8220; item_padding_600_768=&#8220;40px 5% 50px 5%&#8220; item_padding_480_600=&#8220;40px 5% 50px 5%&#8220; item_padding_480=&#8220;76px 5% 50px 5%&#8220;][vc_column_text]&#8230;<\/p>\n","protected":false},"author":7,"featured_media":0,"parent":0,"menu_order":5,"comment_status":"closed","ping_status":"closed","template":"","meta":{"footnotes":""},"class_list":["post-1680","page","type-page","status-publish","hentry"],"yoast_head":"<!-- This site is optimized with the Yoast SEO plugin v26.0 - https:\/\/yoast.com\/wordpress\/plugins\/seo\/ -->\n<title>Metallbearbeitungen f\u00fcr Beleuchtungen, Einrichtungsgegenst\u00e4nde, M\u00f6bel und Komponenten<\/title>\n<meta name=\"description\" content=\"Wir haben \u00fcber 40 Jahre Erfahrung in den folgenden Sektoren: Beleuchtung, Einrichtungsgegenst\u00e4nde, B\u00fcrom\u00f6bel, Komponenten f\u00fcr Brandschutz- und Alarmsysteme.\" \/>\n<meta name=\"robots\" content=\"index, follow, max-snippet:-1, max-image-preview:large, max-video-preview:-1\" \/>\n<link rel=\"canonical\" href=\"https:\/\/rolla.it\/de\/die-sektoren\/\" \/>\n<meta property=\"og:locale\" content=\"de_DE\" \/>\n<meta property=\"og:type\" content=\"article\" \/>\n<meta property=\"og:title\" content=\"Metallbearbeitungen f\u00fcr Beleuchtungen, Einrichtungsgegenst\u00e4nde, M\u00f6bel und Komponenten\" \/>\n<meta property=\"og:description\" content=\"Wir haben \u00fcber 40 Jahre Erfahrung in den folgenden Sektoren: Beleuchtung, Einrichtungsgegenst\u00e4nde, B\u00fcrom\u00f6bel, Komponenten f\u00fcr Brandschutz- und Alarmsysteme.\" \/>\n<meta property=\"og:url\" content=\"https:\/\/rolla.it\/de\/die-sektoren\/\" \/>\n<meta property=\"og:site_name\" content=\"Rolla srl\" \/>\n<meta property=\"article:modified_time\" content=\"2025-03-17T09:16:44+00:00\" \/>\n<meta name=\"twitter:card\" content=\"summary_large_image\" \/>\n<meta name=\"twitter:label1\" content=\"Gesch\u00e4tzte Lesezeit\" \/>\n\t<meta name=\"twitter:data1\" content=\"7\u00a0Minuten\" \/>\n<script type=\"application\/ld+json\" class=\"yoast-schema-graph\">{\"@context\":\"https:\/\/schema.org\",\"@graph\":[{\"@type\":\"WebPage\",\"@id\":\"https:\/\/rolla.it\/de\/die-sektoren\/\",\"url\":\"https:\/\/rolla.it\/de\/die-sektoren\/\",\"name\":\"Metallbearbeitungen f\u00fcr Beleuchtungen, Einrichtungsgegenst\u00e4nde, M\u00f6bel und Komponenten\",\"isPartOf\":{\"@id\":\"https:\/\/rolla.it\/it\/#website\"},\"datePublished\":\"2018-12-11T14:54:34+00:00\",\"dateModified\":\"2025-03-17T09:16:44+00:00\",\"description\":\"Wir haben \u00fcber 40 Jahre Erfahrung in den folgenden Sektoren: Beleuchtung, Einrichtungsgegenst\u00e4nde, B\u00fcrom\u00f6bel, Komponenten f\u00fcr Brandschutz- und Alarmsysteme.\",\"breadcrumb\":{\"@id\":\"https:\/\/rolla.it\/de\/die-sektoren\/#breadcrumb\"},\"inLanguage\":\"de\",\"potentialAction\":[{\"@type\":\"ReadAction\",\"target\":[\"https:\/\/rolla.it\/de\/die-sektoren\/\"]}]},{\"@type\":\"BreadcrumbList\",\"@id\":\"https:\/\/rolla.it\/de\/die-sektoren\/#breadcrumb\",\"itemListElement\":[{\"@type\":\"ListItem\",\"position\":1,\"name\":\"Home\",\"item\":\"https:\/\/rolla.it\/de\/\"},{\"@type\":\"ListItem\",\"position\":2,\"name\":\"Die Sektoren\"}]},{\"@type\":\"WebSite\",\"@id\":\"https:\/\/rolla.it\/it\/#website\",\"url\":\"https:\/\/rolla.it\/it\/\",\"name\":\"Rolla srl\",\"description\":\"\",\"publisher\":{\"@id\":\"https:\/\/rolla.it\/it\/#organization\"},\"potentialAction\":[{\"@type\":\"SearchAction\",\"target\":{\"@type\":\"EntryPoint\",\"urlTemplate\":\"https:\/\/rolla.it\/it\/?s={search_term_string}\"},\"query-input\":{\"@type\":\"PropertyValueSpecification\",\"valueRequired\":true,\"valueName\":\"search_term_string\"}}],\"inLanguage\":\"de\"},{\"@type\":\"Organization\",\"@id\":\"https:\/\/rolla.it\/it\/#organization\",\"name\":\"Rolla Srl lavorazione Meccaniche\",\"url\":\"https:\/\/rolla.it\/it\/\",\"logo\":{\"@type\":\"ImageObject\",\"inLanguage\":\"de\",\"@id\":\"https:\/\/rolla.it\/it\/#\/schema\/logo\/image\/\",\"url\":\"https:\/\/rolla.it\/wp-content\/uploads\/2019\/01\/rolla-metal-technologies.jpg\",\"contentUrl\":\"https:\/\/rolla.it\/wp-content\/uploads\/2019\/01\/rolla-metal-technologies.jpg\",\"width\":1200,\"height\":839,\"caption\":\"Rolla Srl lavorazione Meccaniche\"},\"image\":{\"@id\":\"https:\/\/rolla.it\/it\/#\/schema\/logo\/image\/\"}}]}<\/script>\n<!-- \/ Yoast SEO plugin. -->","yoast_head_json":{"title":"Metallbearbeitungen f\u00fcr Beleuchtungen, Einrichtungsgegenst\u00e4nde, M\u00f6bel und Komponenten","description":"Wir haben \u00fcber 40 Jahre Erfahrung in den folgenden Sektoren: Beleuchtung, Einrichtungsgegenst\u00e4nde, B\u00fcrom\u00f6bel, Komponenten f\u00fcr Brandschutz- und Alarmsysteme.","robots":{"index":"index","follow":"follow","max-snippet":"max-snippet:-1","max-image-preview":"max-image-preview:large","max-video-preview":"max-video-preview:-1"},"canonical":"https:\/\/rolla.it\/de\/die-sektoren\/","og_locale":"de_DE","og_type":"article","og_title":"Metallbearbeitungen f\u00fcr Beleuchtungen, Einrichtungsgegenst\u00e4nde, M\u00f6bel und Komponenten","og_description":"Wir haben \u00fcber 40 Jahre Erfahrung in den folgenden Sektoren: Beleuchtung, Einrichtungsgegenst\u00e4nde, B\u00fcrom\u00f6bel, Komponenten f\u00fcr Brandschutz- und Alarmsysteme.","og_url":"https:\/\/rolla.it\/de\/die-sektoren\/","og_site_name":"Rolla srl","article_modified_time":"2025-03-17T09:16:44+00:00","twitter_card":"summary_large_image","twitter_misc":{"Gesch\u00e4tzte Lesezeit":"7\u00a0Minuten"},"schema":{"@context":"https:\/\/schema.org","@graph":[{"@type":"WebPage","@id":"https:\/\/rolla.it\/de\/die-sektoren\/","url":"https:\/\/rolla.it\/de\/die-sektoren\/","name":"Metallbearbeitungen f\u00fcr Beleuchtungen, Einrichtungsgegenst\u00e4nde, M\u00f6bel und Komponenten","isPartOf":{"@id":"https:\/\/rolla.it\/it\/#website"},"datePublished":"2018-12-11T14:54:34+00:00","dateModified":"2025-03-17T09:16:44+00:00","description":"Wir haben \u00fcber 40 Jahre Erfahrung in den folgenden Sektoren: Beleuchtung, Einrichtungsgegenst\u00e4nde, B\u00fcrom\u00f6bel, Komponenten f\u00fcr Brandschutz- und Alarmsysteme.","breadcrumb":{"@id":"https:\/\/rolla.it\/de\/die-sektoren\/#breadcrumb"},"inLanguage":"de","potentialAction":[{"@type":"ReadAction","target":["https:\/\/rolla.it\/de\/die-sektoren\/"]}]},{"@type":"BreadcrumbList","@id":"https:\/\/rolla.it\/de\/die-sektoren\/#breadcrumb","itemListElement":[{"@type":"ListItem","position":1,"name":"Home","item":"https:\/\/rolla.it\/de\/"},{"@type":"ListItem","position":2,"name":"Die Sektoren"}]},{"@type":"WebSite","@id":"https:\/\/rolla.it\/it\/#website","url":"https:\/\/rolla.it\/it\/","name":"Rolla srl","description":"","publisher":{"@id":"https:\/\/rolla.it\/it\/#organization"},"potentialAction":[{"@type":"SearchAction","target":{"@type":"EntryPoint","urlTemplate":"https:\/\/rolla.it\/it\/?s={search_term_string}"},"query-input":{"@type":"PropertyValueSpecification","valueRequired":true,"valueName":"search_term_string"}}],"inLanguage":"de"},{"@type":"Organization","@id":"https:\/\/rolla.it\/it\/#organization","name":"Rolla Srl lavorazione Meccaniche","url":"https:\/\/rolla.it\/it\/","logo":{"@type":"ImageObject","inLanguage":"de","@id":"https:\/\/rolla.it\/it\/#\/schema\/logo\/image\/","url":"https:\/\/rolla.it\/wp-content\/uploads\/2019\/01\/rolla-metal-technologies.jpg","contentUrl":"https:\/\/rolla.it\/wp-content\/uploads\/2019\/01\/rolla-metal-technologies.jpg","width":1200,"height":839,"caption":"Rolla Srl lavorazione Meccaniche"},"image":{"@id":"https:\/\/rolla.it\/it\/#\/schema\/logo\/image\/"}}]}},"_links":{"self":[{"href":"https:\/\/rolla.it\/de\/wp-json\/wp\/v2\/pages\/1680","targetHints":{"allow":["GET"]}}],"collection":[{"href":"https:\/\/rolla.it\/de\/wp-json\/wp\/v2\/pages"}],"about":[{"href":"https:\/\/rolla.it\/de\/wp-json\/wp\/v2\/types\/page"}],"author":[{"embeddable":true,"href":"https:\/\/rolla.it\/de\/wp-json\/wp\/v2\/users\/7"}],"replies":[{"embeddable":true,"href":"https:\/\/rolla.it\/de\/wp-json\/wp\/v2\/comments?post=1680"}],"version-history":[{"count":0,"href":"https:\/\/rolla.it\/de\/wp-json\/wp\/v2\/pages\/1680\/revisions"}],"wp:attachment":[{"href":"https:\/\/rolla.it\/de\/wp-json\/wp\/v2\/media?parent=1680"}],"curies":[{"name":"wp","href":"https:\/\/api.w.org\/{rel}","templated":true}]}}