{"id":1671,"date":"2018-12-11T14:48:04","date_gmt":"2018-12-11T14:48:04","guid":{"rendered":"https:\/\/rolla.it\/dienstleistungen\/logistica-magazzino\/"},"modified":"2021-04-22T15:24:26","modified_gmt":"2021-04-22T15:24:26","slug":"logistik-lager","status":"publish","type":"page","link":"https:\/\/rolla.it\/de\/dienstleistungen\/logistik-lager\/","title":{"rendered":"Logistik \/ Lager"},"content":{"rendered":"<div class=\"wpb-content-wrapper\"><p>[vc_row css_animation=&#8220;&#8220; row_type=&#8220;row&#8220; use_row_as_full_screen_section=&#8220;no&#8220; type=&#8220;full_width&#8220; angled_section=&#8220;no&#8220; text_align=&#8220;left&#8220; background_image_as_pattern=&#8220;without_pattern&#8220; css=&#8220;.vc_custom_1547571106852{margin-bottom: 80px !important;}&#8220; z_index=&#8220;&#8220;][vc_column][vc_column_text el_class=&#8220;title-servizi&#8220;]<\/p>\n<h2>Logistik und Lager<\/h2>\n<p>[\/vc_column_text][vc_empty_space][vc_column_text]F\u00fcr uns ist die Organisation sehr wichtig, daher nehmen f\u00fcr uns die logistische und organisatorische Aspekte einen hohen Stellenwert beim Umschlag von Materialien und Fertigprodukten, die wir dank gro\u00dfer Lager bew\u00e4ltigen k\u00f6nnen.<br \/>\n[\/vc_column_text][\/vc_column][\/vc_row][vc_row css_animation=&#8220;&#8220; row_type=&#8220;row&#8220; use_row_as_full_screen_section=&#8220;no&#8220; type=&#8220;full_width&#8220; angled_section=&#8220;no&#8220; text_align=&#8220;left&#8220; background_image_as_pattern=&#8220;without_pattern&#8220; css=&#8220;.vc_custom_1547571112711{margin-bottom: 80px !important;}&#8220; z_index=&#8220;&#8220;][vc_column][vc_single_image image=&#8220;852&#8243; img_size=&#8220;full&#8220; qode_css_animation=&#8220;&#8220;][\/vc_column][\/vc_row]<\/p>\n<\/div>","protected":false},"excerpt":{"rendered":"<p>[vc_row css_animation=&#8220;&#8220; row_type=&#8220;row&#8220; use_row_as_full_screen_section=&#8220;no&#8220; type=&#8220;full_width&#8220; angled_section=&#8220;no&#8220; text_align=&#8220;left&#8220; background_image_as_pattern=&#8220;without_pattern&#8220; css=&#8220;.vc_custom_1547571106852{margin-bottom: 80px !important;}&#8220; z_index=&#8220;&#8220;][vc_column][vc_column_text el_class=&#8220;title-servizi&#8220;] Logistik und Lager [\/vc_column_text][vc_empty_space][vc_column_text]F\u00fcr uns ist die Organisation sehr wichtig, daher nehmen f\u00fcr uns die logistische und organisatorische Aspekte einen hohen Stellenwert beim Umschlag von Materialien und Fertigprodukten, die wir dank gro\u00dfer&#8230;<\/p>\n","protected":false},"author":7,"featured_media":1521,"parent":1665,"menu_order":3,"comment_status":"closed","ping_status":"closed","template":"","meta":{"footnotes":""},"class_list":["post-1671","page","type-page","status-publish","has-post-thumbnail","hentry"],"yoast_head":"<!-- This site is optimized with the Yoast SEO plugin v26.0 - https:\/\/yoast.com\/wordpress\/plugins\/seo\/ -->\n<title>Logistik\/Lager - Metallbau Rolla Srl, Treviso<\/title>\n<meta name=\"description\" content=\"F\u00fcr uns ist die Organisation sehr wichtig, daher nehmen f\u00fcr uns die logistische und organisatorische Aspekte einen hohen Stellenwert beim Umschlag von Materialien und Fertigprodukten.\" \/>\n<meta name=\"robots\" content=\"index, follow, max-snippet:-1, max-image-preview:large, max-video-preview:-1\" \/>\n<link rel=\"canonical\" href=\"https:\/\/rolla.it\/de\/dienstleistungen\/logistik-lager\/\" \/>\n<meta property=\"og:locale\" content=\"de_DE\" \/>\n<meta property=\"og:type\" content=\"article\" \/>\n<meta property=\"og:title\" content=\"Logistik\/Lager - Metallbau Rolla Srl, Treviso\" \/>\n<meta property=\"og:description\" content=\"F\u00fcr uns ist die Organisation sehr wichtig, daher nehmen f\u00fcr uns die logistische und organisatorische Aspekte einen hohen Stellenwert beim Umschlag von Materialien und Fertigprodukten.\" \/>\n<meta property=\"og:url\" content=\"https:\/\/rolla.it\/de\/dienstleistungen\/logistik-lager\/\" \/>\n<meta property=\"og:site_name\" content=\"Rolla srl\" \/>\n<meta property=\"article:modified_time\" content=\"2021-04-22T15:24:26+00:00\" \/>\n<meta property=\"og:image\" content=\"https:\/\/rolla.it\/wp-content\/uploads\/2019\/01\/logistica-main.jpg\" \/>\n\t<meta property=\"og:image:width\" content=\"1920\" \/>\n\t<meta property=\"og:image:height\" content=\"470\" \/>\n\t<meta property=\"og:image:type\" content=\"image\/jpeg\" \/>\n<meta name=\"twitter:card\" content=\"summary_large_image\" \/>\n<meta name=\"twitter:label1\" content=\"Gesch\u00e4tzte Lesezeit\" \/>\n\t<meta name=\"twitter:data1\" content=\"1\u00a0Minute\" \/>\n<script type=\"application\/ld+json\" class=\"yoast-schema-graph\">{\"@context\":\"https:\/\/schema.org\",\"@graph\":[{\"@type\":\"WebPage\",\"@id\":\"https:\/\/rolla.it\/de\/dienstleistungen\/logistik-lager\/\",\"url\":\"https:\/\/rolla.it\/de\/dienstleistungen\/logistik-lager\/\",\"name\":\"Logistik\/Lager - Metallbau Rolla Srl, Treviso\",\"isPartOf\":{\"@id\":\"https:\/\/rolla.it\/it\/#website\"},\"primaryImageOfPage\":{\"@id\":\"https:\/\/rolla.it\/de\/dienstleistungen\/logistik-lager\/#primaryimage\"},\"image\":{\"@id\":\"https:\/\/rolla.it\/de\/dienstleistungen\/logistik-lager\/#primaryimage\"},\"thumbnailUrl\":\"https:\/\/rolla.it\/wp-content\/uploads\/2019\/01\/logistica-main.jpg\",\"datePublished\":\"2018-12-11T14:48:04+00:00\",\"dateModified\":\"2021-04-22T15:24:26+00:00\",\"description\":\"F\u00fcr uns ist die Organisation sehr wichtig, daher nehmen f\u00fcr uns die logistische und organisatorische Aspekte einen hohen Stellenwert beim Umschlag von Materialien und Fertigprodukten.\",\"breadcrumb\":{\"@id\":\"https:\/\/rolla.it\/de\/dienstleistungen\/logistik-lager\/#breadcrumb\"},\"inLanguage\":\"de\",\"potentialAction\":[{\"@type\":\"ReadAction\",\"target\":[\"https:\/\/rolla.it\/de\/dienstleistungen\/logistik-lager\/\"]}]},{\"@type\":\"ImageObject\",\"inLanguage\":\"de\",\"@id\":\"https:\/\/rolla.it\/de\/dienstleistungen\/logistik-lager\/#primaryimage\",\"url\":\"https:\/\/rolla.it\/wp-content\/uploads\/2019\/01\/logistica-main.jpg\",\"contentUrl\":\"https:\/\/rolla.it\/wp-content\/uploads\/2019\/01\/logistica-main.jpg\",\"width\":1920,\"height\":470,\"caption\":\"Logistica\"},{\"@type\":\"BreadcrumbList\",\"@id\":\"https:\/\/rolla.it\/de\/dienstleistungen\/logistik-lager\/#breadcrumb\",\"itemListElement\":[{\"@type\":\"ListItem\",\"position\":1,\"name\":\"Home\",\"item\":\"https:\/\/rolla.it\/de\/\"},{\"@type\":\"ListItem\",\"position\":2,\"name\":\"Dienstleistungen\",\"item\":\"https:\/\/rolla.it\/de\/dienstleistungen\/\"},{\"@type\":\"ListItem\",\"position\":3,\"name\":\"Logistik \/ Lager\"}]},{\"@type\":\"WebSite\",\"@id\":\"https:\/\/rolla.it\/it\/#website\",\"url\":\"https:\/\/rolla.it\/it\/\",\"name\":\"Rolla srl\",\"description\":\"\",\"publisher\":{\"@id\":\"https:\/\/rolla.it\/it\/#organization\"},\"potentialAction\":[{\"@type\":\"SearchAction\",\"target\":{\"@type\":\"EntryPoint\",\"urlTemplate\":\"https:\/\/rolla.it\/it\/?s={search_term_string}\"},\"query-input\":{\"@type\":\"PropertyValueSpecification\",\"valueRequired\":true,\"valueName\":\"search_term_string\"}}],\"inLanguage\":\"de\"},{\"@type\":\"Organization\",\"@id\":\"https:\/\/rolla.it\/it\/#organization\",\"name\":\"Rolla Srl lavorazione Meccaniche\",\"url\":\"https:\/\/rolla.it\/it\/\",\"logo\":{\"@type\":\"ImageObject\",\"inLanguage\":\"de\",\"@id\":\"https:\/\/rolla.it\/it\/#\/schema\/logo\/image\/\",\"url\":\"https:\/\/rolla.it\/wp-content\/uploads\/2019\/01\/rolla-metal-technologies.jpg\",\"contentUrl\":\"https:\/\/rolla.it\/wp-content\/uploads\/2019\/01\/rolla-metal-technologies.jpg\",\"width\":1200,\"height\":839,\"caption\":\"Rolla Srl lavorazione Meccaniche\"},\"image\":{\"@id\":\"https:\/\/rolla.it\/it\/#\/schema\/logo\/image\/\"}}]}<\/script>\n<!-- \/ Yoast SEO plugin. -->","yoast_head_json":{"title":"Logistik\/Lager - Metallbau Rolla Srl, Treviso","description":"F\u00fcr uns ist die Organisation sehr wichtig, daher nehmen f\u00fcr uns die logistische und organisatorische Aspekte einen hohen Stellenwert beim Umschlag von Materialien und Fertigprodukten.","robots":{"index":"index","follow":"follow","max-snippet":"max-snippet:-1","max-image-preview":"max-image-preview:large","max-video-preview":"max-video-preview:-1"},"canonical":"https:\/\/rolla.it\/de\/dienstleistungen\/logistik-lager\/","og_locale":"de_DE","og_type":"article","og_title":"Logistik\/Lager - Metallbau Rolla Srl, Treviso","og_description":"F\u00fcr uns ist die Organisation sehr wichtig, daher nehmen f\u00fcr uns die logistische und organisatorische Aspekte einen hohen Stellenwert beim Umschlag von Materialien und Fertigprodukten.","og_url":"https:\/\/rolla.it\/de\/dienstleistungen\/logistik-lager\/","og_site_name":"Rolla srl","article_modified_time":"2021-04-22T15:24:26+00:00","og_image":[{"width":1920,"height":470,"url":"https:\/\/rolla.it\/wp-content\/uploads\/2019\/01\/logistica-main.jpg","type":"image\/jpeg"}],"twitter_card":"summary_large_image","twitter_misc":{"Gesch\u00e4tzte Lesezeit":"1\u00a0Minute"},"schema":{"@context":"https:\/\/schema.org","@graph":[{"@type":"WebPage","@id":"https:\/\/rolla.it\/de\/dienstleistungen\/logistik-lager\/","url":"https:\/\/rolla.it\/de\/dienstleistungen\/logistik-lager\/","name":"Logistik\/Lager - Metallbau Rolla Srl, Treviso","isPartOf":{"@id":"https:\/\/rolla.it\/it\/#website"},"primaryImageOfPage":{"@id":"https:\/\/rolla.it\/de\/dienstleistungen\/logistik-lager\/#primaryimage"},"image":{"@id":"https:\/\/rolla.it\/de\/dienstleistungen\/logistik-lager\/#primaryimage"},"thumbnailUrl":"https:\/\/rolla.it\/wp-content\/uploads\/2019\/01\/logistica-main.jpg","datePublished":"2018-12-11T14:48:04+00:00","dateModified":"2021-04-22T15:24:26+00:00","description":"F\u00fcr uns ist die Organisation sehr wichtig, daher nehmen f\u00fcr uns die logistische und organisatorische Aspekte einen hohen Stellenwert beim Umschlag von Materialien und Fertigprodukten.","breadcrumb":{"@id":"https:\/\/rolla.it\/de\/dienstleistungen\/logistik-lager\/#breadcrumb"},"inLanguage":"de","potentialAction":[{"@type":"ReadAction","target":["https:\/\/rolla.it\/de\/dienstleistungen\/logistik-lager\/"]}]},{"@type":"ImageObject","inLanguage":"de","@id":"https:\/\/rolla.it\/de\/dienstleistungen\/logistik-lager\/#primaryimage","url":"https:\/\/rolla.it\/wp-content\/uploads\/2019\/01\/logistica-main.jpg","contentUrl":"https:\/\/rolla.it\/wp-content\/uploads\/2019\/01\/logistica-main.jpg","width":1920,"height":470,"caption":"Logistica"},{"@type":"BreadcrumbList","@id":"https:\/\/rolla.it\/de\/dienstleistungen\/logistik-lager\/#breadcrumb","itemListElement":[{"@type":"ListItem","position":1,"name":"Home","item":"https:\/\/rolla.it\/de\/"},{"@type":"ListItem","position":2,"name":"Dienstleistungen","item":"https:\/\/rolla.it\/de\/dienstleistungen\/"},{"@type":"ListItem","position":3,"name":"Logistik \/ Lager"}]},{"@type":"WebSite","@id":"https:\/\/rolla.it\/it\/#website","url":"https:\/\/rolla.it\/it\/","name":"Rolla srl","description":"","publisher":{"@id":"https:\/\/rolla.it\/it\/#organization"},"potentialAction":[{"@type":"SearchAction","target":{"@type":"EntryPoint","urlTemplate":"https:\/\/rolla.it\/it\/?s={search_term_string}"},"query-input":{"@type":"PropertyValueSpecification","valueRequired":true,"valueName":"search_term_string"}}],"inLanguage":"de"},{"@type":"Organization","@id":"https:\/\/rolla.it\/it\/#organization","name":"Rolla Srl lavorazione Meccaniche","url":"https:\/\/rolla.it\/it\/","logo":{"@type":"ImageObject","inLanguage":"de","@id":"https:\/\/rolla.it\/it\/#\/schema\/logo\/image\/","url":"https:\/\/rolla.it\/wp-content\/uploads\/2019\/01\/rolla-metal-technologies.jpg","contentUrl":"https:\/\/rolla.it\/wp-content\/uploads\/2019\/01\/rolla-metal-technologies.jpg","width":1200,"height":839,"caption":"Rolla Srl lavorazione Meccaniche"},"image":{"@id":"https:\/\/rolla.it\/it\/#\/schema\/logo\/image\/"}}]}},"_links":{"self":[{"href":"https:\/\/rolla.it\/de\/wp-json\/wp\/v2\/pages\/1671","targetHints":{"allow":["GET"]}}],"collection":[{"href":"https:\/\/rolla.it\/de\/wp-json\/wp\/v2\/pages"}],"about":[{"href":"https:\/\/rolla.it\/de\/wp-json\/wp\/v2\/types\/page"}],"author":[{"embeddable":true,"href":"https:\/\/rolla.it\/de\/wp-json\/wp\/v2\/users\/7"}],"replies":[{"embeddable":true,"href":"https:\/\/rolla.it\/de\/wp-json\/wp\/v2\/comments?post=1671"}],"version-history":[{"count":0,"href":"https:\/\/rolla.it\/de\/wp-json\/wp\/v2\/pages\/1671\/revisions"}],"up":[{"embeddable":true,"href":"https:\/\/rolla.it\/de\/wp-json\/wp\/v2\/pages\/1665"}],"wp:featuredmedia":[{"embeddable":true,"href":"https:\/\/rolla.it\/de\/wp-json\/wp\/v2\/media\/1521"}],"wp:attachment":[{"href":"https:\/\/rolla.it\/de\/wp-json\/wp\/v2\/media?parent=1671"}],"curies":[{"name":"wp","href":"https:\/\/api.w.org\/{rel}","templated":true}]}}