{"id":1669,"date":"2018-12-11T14:45:05","date_gmt":"2018-12-11T14:45:05","guid":{"rendered":"https:\/\/rolla.it\/dienstleistungen\/produzione-stampi\/"},"modified":"2021-04-22T15:08:27","modified_gmt":"2021-04-22T15:08:27","slug":"gesenkherstellung","status":"publish","type":"page","link":"https:\/\/rolla.it\/de\/die-bearbeitungen\/gesenkherstellung\/","title":{"rendered":"Gesenkherstellung"},"content":{"rendered":"<div class=\"wpb-content-wrapper\"><p>[vc_row css_animation=&#8220;&#8220; row_type=&#8220;row&#8220; use_row_as_full_screen_section=&#8220;no&#8220; type=&#8220;full_width&#8220; angled_section=&#8220;no&#8220; text_align=&#8220;left&#8220; background_image_as_pattern=&#8220;without_pattern&#8220; css=&#8220;.vc_custom_1547570722210{margin-bottom: 80px !important;}&#8220; z_index=&#8220;&#8220;][vc_column][vc_column_text el_class=&#8220;title-servizi&#8220;]<\/p>\n<h2>Entwurf und Gesenkherstellung<\/h2>\n<p>[\/vc_column_text][vc_empty_space height=&#8220;20px&#8220;][vc_column_text]Der Entwurf und die Herstellung von Gesenken ist eine wichtige Dienstleistung, die wir unseren Kunden anbieten, denn sie gestattet die Festlegung spezifischer Werkzeuge f\u00fcr besondere Anforderungen (vor allem f\u00fcr die Stanz-\/Sick- und Biege-\/Kalandrierabteilungen).<br \/>\nNachdem der 2D- oder 3D-Entwurf mithilfe der Goelan-Software geteilt wurde, beginnen unsere Techniker mit der Herstellung der Gesenke und des Werkzeugs f\u00fcr den Kunden mit den Dreh- und Fr\u00e4stechnologien, \u00fcber die unserem Maschinenpark verf\u00fcgt:<br \/>\n&#8211; Bearbeitungszentrum (Nutzma\u00df 1000 x 500 x 700)<br \/>\n&#8211; CNC-Fr\u00e4smaschine (Nutzma\u00df 2000 x 700 x 800)<br \/>\n&#8211; Drahterosion (Nutzma\u00df 700x400x350)<br \/>\n&#8211; Schleifmaschine (Nutzma\u00df 1000\u00d7400)<br \/>\n&#8211; Spitzendrehbank (max. drehbarer D. 350 und Arbeitsbankl\u00e4nge 2000)<\/p>\n<p>[\/vc_column_text][\/vc_column][\/vc_row][vc_row css_animation=&#8220;&#8220; row_type=&#8220;row&#8220; use_row_as_full_screen_section=&#8220;no&#8220; type=&#8220;full_width&#8220; angled_section=&#8220;no&#8220; text_align=&#8220;left&#8220; background_image_as_pattern=&#8220;without_pattern&#8220; css=&#8220;.vc_custom_1547570732875{margin-bottom: 80px !important;}&#8220; z_index=&#8220;&#8220;][vc_column][vc_single_image image=&#8220;845&#8243; img_size=&#8220;full&#8220; alignment=&#8220;center&#8220; qode_css_animation=&#8220;&#8220;][\/vc_column][\/vc_row]<\/p>\n<\/div>","protected":false},"excerpt":{"rendered":"<p>[vc_row css_animation=&#8220;&#8220; row_type=&#8220;row&#8220; use_row_as_full_screen_section=&#8220;no&#8220; type=&#8220;full_width&#8220; angled_section=&#8220;no&#8220; text_align=&#8220;left&#8220; background_image_as_pattern=&#8220;without_pattern&#8220; css=&#8220;.vc_custom_1547570722210{margin-bottom: 80px !important;}&#8220; z_index=&#8220;&#8220;][vc_column][vc_column_text el_class=&#8220;title-servizi&#8220;] Entwurf und Gesenkherstellung [\/vc_column_text][vc_empty_space height=&#8220;20px&#8220;][vc_column_text]Der Entwurf und die Herstellung von Gesenken ist eine wichtige Dienstleistung, die wir unseren Kunden anbieten, denn sie gestattet die Festlegung spezifischer Werkzeuge f\u00fcr besondere Anforderungen (vor allem&#8230;<\/p>\n","protected":false},"author":7,"featured_media":1519,"parent":1647,"menu_order":1,"comment_status":"closed","ping_status":"closed","template":"","meta":{"footnotes":""},"class_list":["post-1669","page","type-page","status-publish","has-post-thumbnail","hentry"],"yoast_head":"<!-- This site is optimized with the Yoast SEO plugin v26.0 - https:\/\/yoast.com\/wordpress\/plugins\/seo\/ -->\n<title>Gesenkherstellung - Metallbau Rolla Srl, Treviso<\/title>\n<meta name=\"description\" content=\"Der Entwurf und die Herstellung von Gesenken ist eine wichtige Dienstleistung, die wir unseren Kunden anbieten, denn sie gestattet die Festlegung spezifischer Werkzeuge f\u00fcr besondere Anforderungen.\" \/>\n<meta name=\"robots\" content=\"index, follow, max-snippet:-1, max-image-preview:large, max-video-preview:-1\" \/>\n<link rel=\"canonical\" href=\"https:\/\/rolla.it\/de\/die-bearbeitungen\/gesenkherstellung\/\" \/>\n<meta property=\"og:locale\" content=\"de_DE\" \/>\n<meta property=\"og:type\" content=\"article\" \/>\n<meta property=\"og:title\" content=\"Gesenkherstellung - Metallbau Rolla Srl, Treviso\" \/>\n<meta property=\"og:description\" content=\"Der Entwurf und die Herstellung von Gesenken ist eine wichtige Dienstleistung, die wir unseren Kunden anbieten, denn sie gestattet die Festlegung spezifischer Werkzeuge f\u00fcr besondere Anforderungen.\" \/>\n<meta property=\"og:url\" content=\"https:\/\/rolla.it\/de\/die-bearbeitungen\/gesenkherstellung\/\" \/>\n<meta property=\"og:site_name\" content=\"Rolla srl\" \/>\n<meta property=\"article:modified_time\" content=\"2021-04-22T15:08:27+00:00\" \/>\n<meta property=\"og:image\" content=\"https:\/\/rolla.it\/wp-content\/uploads\/2019\/01\/produzione-main.jpg\" \/>\n\t<meta property=\"og:image:width\" content=\"1920\" \/>\n\t<meta property=\"og:image:height\" content=\"470\" \/>\n\t<meta property=\"og:image:type\" content=\"image\/jpeg\" \/>\n<meta name=\"twitter:card\" content=\"summary_large_image\" \/>\n<meta name=\"twitter:label1\" content=\"Gesch\u00e4tzte Lesezeit\" \/>\n\t<meta name=\"twitter:data1\" content=\"1\u00a0Minute\" \/>\n<script type=\"application\/ld+json\" class=\"yoast-schema-graph\">{\"@context\":\"https:\/\/schema.org\",\"@graph\":[{\"@type\":\"WebPage\",\"@id\":\"https:\/\/rolla.it\/de\/die-bearbeitungen\/gesenkherstellung\/\",\"url\":\"https:\/\/rolla.it\/de\/die-bearbeitungen\/gesenkherstellung\/\",\"name\":\"Gesenkherstellung - Metallbau Rolla Srl, Treviso\",\"isPartOf\":{\"@id\":\"https:\/\/rolla.it\/it\/#website\"},\"primaryImageOfPage\":{\"@id\":\"https:\/\/rolla.it\/de\/die-bearbeitungen\/gesenkherstellung\/#primaryimage\"},\"image\":{\"@id\":\"https:\/\/rolla.it\/de\/die-bearbeitungen\/gesenkherstellung\/#primaryimage\"},\"thumbnailUrl\":\"https:\/\/rolla.it\/wp-content\/uploads\/2019\/01\/produzione-main.jpg\",\"datePublished\":\"2018-12-11T14:45:05+00:00\",\"dateModified\":\"2021-04-22T15:08:27+00:00\",\"description\":\"Der Entwurf und die Herstellung von Gesenken ist eine wichtige Dienstleistung, die wir unseren Kunden anbieten, denn sie gestattet die Festlegung spezifischer Werkzeuge f\u00fcr besondere Anforderungen.\",\"breadcrumb\":{\"@id\":\"https:\/\/rolla.it\/de\/die-bearbeitungen\/gesenkherstellung\/#breadcrumb\"},\"inLanguage\":\"de\",\"potentialAction\":[{\"@type\":\"ReadAction\",\"target\":[\"https:\/\/rolla.it\/de\/die-bearbeitungen\/gesenkherstellung\/\"]}]},{\"@type\":\"ImageObject\",\"inLanguage\":\"de\",\"@id\":\"https:\/\/rolla.it\/de\/die-bearbeitungen\/gesenkherstellung\/#primaryimage\",\"url\":\"https:\/\/rolla.it\/wp-content\/uploads\/2019\/01\/produzione-main.jpg\",\"contentUrl\":\"https:\/\/rolla.it\/wp-content\/uploads\/2019\/01\/produzione-main.jpg\",\"width\":1920,\"height\":470,\"caption\":\"Produzione\"},{\"@type\":\"BreadcrumbList\",\"@id\":\"https:\/\/rolla.it\/de\/die-bearbeitungen\/gesenkherstellung\/#breadcrumb\",\"itemListElement\":[{\"@type\":\"ListItem\",\"position\":1,\"name\":\"Home\",\"item\":\"https:\/\/rolla.it\/de\/\"},{\"@type\":\"ListItem\",\"position\":2,\"name\":\"Die Bearbeitungen\",\"item\":\"https:\/\/rolla.it\/de\/die-bearbeitungen\/\"},{\"@type\":\"ListItem\",\"position\":3,\"name\":\"Gesenkherstellung\"}]},{\"@type\":\"WebSite\",\"@id\":\"https:\/\/rolla.it\/it\/#website\",\"url\":\"https:\/\/rolla.it\/it\/\",\"name\":\"Rolla srl\",\"description\":\"\",\"publisher\":{\"@id\":\"https:\/\/rolla.it\/it\/#organization\"},\"potentialAction\":[{\"@type\":\"SearchAction\",\"target\":{\"@type\":\"EntryPoint\",\"urlTemplate\":\"https:\/\/rolla.it\/it\/?s={search_term_string}\"},\"query-input\":{\"@type\":\"PropertyValueSpecification\",\"valueRequired\":true,\"valueName\":\"search_term_string\"}}],\"inLanguage\":\"de\"},{\"@type\":\"Organization\",\"@id\":\"https:\/\/rolla.it\/it\/#organization\",\"name\":\"Rolla Srl lavorazione Meccaniche\",\"url\":\"https:\/\/rolla.it\/it\/\",\"logo\":{\"@type\":\"ImageObject\",\"inLanguage\":\"de\",\"@id\":\"https:\/\/rolla.it\/it\/#\/schema\/logo\/image\/\",\"url\":\"https:\/\/rolla.it\/wp-content\/uploads\/2019\/01\/rolla-metal-technologies.jpg\",\"contentUrl\":\"https:\/\/rolla.it\/wp-content\/uploads\/2019\/01\/rolla-metal-technologies.jpg\",\"width\":1200,\"height\":839,\"caption\":\"Rolla Srl lavorazione Meccaniche\"},\"image\":{\"@id\":\"https:\/\/rolla.it\/it\/#\/schema\/logo\/image\/\"}}]}<\/script>\n<!-- \/ Yoast SEO plugin. -->","yoast_head_json":{"title":"Gesenkherstellung - Metallbau Rolla Srl, Treviso","description":"Der Entwurf und die Herstellung von Gesenken ist eine wichtige Dienstleistung, die wir unseren Kunden anbieten, denn sie gestattet die Festlegung spezifischer Werkzeuge f\u00fcr besondere Anforderungen.","robots":{"index":"index","follow":"follow","max-snippet":"max-snippet:-1","max-image-preview":"max-image-preview:large","max-video-preview":"max-video-preview:-1"},"canonical":"https:\/\/rolla.it\/de\/die-bearbeitungen\/gesenkherstellung\/","og_locale":"de_DE","og_type":"article","og_title":"Gesenkherstellung - Metallbau Rolla Srl, Treviso","og_description":"Der Entwurf und die Herstellung von Gesenken ist eine wichtige Dienstleistung, die wir unseren Kunden anbieten, denn sie gestattet die Festlegung spezifischer Werkzeuge f\u00fcr besondere Anforderungen.","og_url":"https:\/\/rolla.it\/de\/die-bearbeitungen\/gesenkherstellung\/","og_site_name":"Rolla srl","article_modified_time":"2021-04-22T15:08:27+00:00","og_image":[{"width":1920,"height":470,"url":"https:\/\/rolla.it\/wp-content\/uploads\/2019\/01\/produzione-main.jpg","type":"image\/jpeg"}],"twitter_card":"summary_large_image","twitter_misc":{"Gesch\u00e4tzte Lesezeit":"1\u00a0Minute"},"schema":{"@context":"https:\/\/schema.org","@graph":[{"@type":"WebPage","@id":"https:\/\/rolla.it\/de\/die-bearbeitungen\/gesenkherstellung\/","url":"https:\/\/rolla.it\/de\/die-bearbeitungen\/gesenkherstellung\/","name":"Gesenkherstellung - Metallbau Rolla Srl, Treviso","isPartOf":{"@id":"https:\/\/rolla.it\/it\/#website"},"primaryImageOfPage":{"@id":"https:\/\/rolla.it\/de\/die-bearbeitungen\/gesenkherstellung\/#primaryimage"},"image":{"@id":"https:\/\/rolla.it\/de\/die-bearbeitungen\/gesenkherstellung\/#primaryimage"},"thumbnailUrl":"https:\/\/rolla.it\/wp-content\/uploads\/2019\/01\/produzione-main.jpg","datePublished":"2018-12-11T14:45:05+00:00","dateModified":"2021-04-22T15:08:27+00:00","description":"Der Entwurf und die Herstellung von Gesenken ist eine wichtige Dienstleistung, die wir unseren Kunden anbieten, denn sie gestattet die Festlegung spezifischer Werkzeuge f\u00fcr besondere Anforderungen.","breadcrumb":{"@id":"https:\/\/rolla.it\/de\/die-bearbeitungen\/gesenkherstellung\/#breadcrumb"},"inLanguage":"de","potentialAction":[{"@type":"ReadAction","target":["https:\/\/rolla.it\/de\/die-bearbeitungen\/gesenkherstellung\/"]}]},{"@type":"ImageObject","inLanguage":"de","@id":"https:\/\/rolla.it\/de\/die-bearbeitungen\/gesenkherstellung\/#primaryimage","url":"https:\/\/rolla.it\/wp-content\/uploads\/2019\/01\/produzione-main.jpg","contentUrl":"https:\/\/rolla.it\/wp-content\/uploads\/2019\/01\/produzione-main.jpg","width":1920,"height":470,"caption":"Produzione"},{"@type":"BreadcrumbList","@id":"https:\/\/rolla.it\/de\/die-bearbeitungen\/gesenkherstellung\/#breadcrumb","itemListElement":[{"@type":"ListItem","position":1,"name":"Home","item":"https:\/\/rolla.it\/de\/"},{"@type":"ListItem","position":2,"name":"Die Bearbeitungen","item":"https:\/\/rolla.it\/de\/die-bearbeitungen\/"},{"@type":"ListItem","position":3,"name":"Gesenkherstellung"}]},{"@type":"WebSite","@id":"https:\/\/rolla.it\/it\/#website","url":"https:\/\/rolla.it\/it\/","name":"Rolla srl","description":"","publisher":{"@id":"https:\/\/rolla.it\/it\/#organization"},"potentialAction":[{"@type":"SearchAction","target":{"@type":"EntryPoint","urlTemplate":"https:\/\/rolla.it\/it\/?s={search_term_string}"},"query-input":{"@type":"PropertyValueSpecification","valueRequired":true,"valueName":"search_term_string"}}],"inLanguage":"de"},{"@type":"Organization","@id":"https:\/\/rolla.it\/it\/#organization","name":"Rolla Srl lavorazione Meccaniche","url":"https:\/\/rolla.it\/it\/","logo":{"@type":"ImageObject","inLanguage":"de","@id":"https:\/\/rolla.it\/it\/#\/schema\/logo\/image\/","url":"https:\/\/rolla.it\/wp-content\/uploads\/2019\/01\/rolla-metal-technologies.jpg","contentUrl":"https:\/\/rolla.it\/wp-content\/uploads\/2019\/01\/rolla-metal-technologies.jpg","width":1200,"height":839,"caption":"Rolla Srl lavorazione Meccaniche"},"image":{"@id":"https:\/\/rolla.it\/it\/#\/schema\/logo\/image\/"}}]}},"_links":{"self":[{"href":"https:\/\/rolla.it\/de\/wp-json\/wp\/v2\/pages\/1669","targetHints":{"allow":["GET"]}}],"collection":[{"href":"https:\/\/rolla.it\/de\/wp-json\/wp\/v2\/pages"}],"about":[{"href":"https:\/\/rolla.it\/de\/wp-json\/wp\/v2\/types\/page"}],"author":[{"embeddable":true,"href":"https:\/\/rolla.it\/de\/wp-json\/wp\/v2\/users\/7"}],"replies":[{"embeddable":true,"href":"https:\/\/rolla.it\/de\/wp-json\/wp\/v2\/comments?post=1669"}],"version-history":[{"count":0,"href":"https:\/\/rolla.it\/de\/wp-json\/wp\/v2\/pages\/1669\/revisions"}],"up":[{"embeddable":true,"href":"https:\/\/rolla.it\/de\/wp-json\/wp\/v2\/pages\/1647"}],"wp:featuredmedia":[{"embeddable":true,"href":"https:\/\/rolla.it\/de\/wp-json\/wp\/v2\/media\/1519"}],"wp:attachment":[{"href":"https:\/\/rolla.it\/de\/wp-json\/wp\/v2\/media?parent=1669"}],"curies":[{"name":"wp","href":"https:\/\/api.w.org\/{rel}","templated":true}]}}