{"id":1668,"date":"2018-12-11T14:34:57","date_gmt":"2018-12-11T14:34:57","guid":{"rendered":"https:\/\/rolla.it\/dienstleistungen\/progettazione\/"},"modified":"2021-04-22T14:59:52","modified_gmt":"2021-04-22T14:59:52","slug":"entwurf","status":"publish","type":"page","link":"https:\/\/rolla.it\/de\/dienstleistungen\/entwurf\/","title":{"rendered":"Entwurf"},"content":{"rendered":"<div class=\"wpb-content-wrapper\"><p>[vc_row css_animation=&#8220;&#8220; row_type=&#8220;row&#8220; use_row_as_full_screen_section=&#8220;no&#8220; type=&#8220;full_width&#8220; angled_section=&#8220;no&#8220; text_align=&#8220;left&#8220; background_image_as_pattern=&#8220;without_pattern&#8220; css=&#8220;.vc_custom_1547564747110{margin-bottom: 80px !important;}&#8220; z_index=&#8220;&#8220;][vc_column][vc_column_text el_class=&#8220;title-servizi&#8220;]<\/p>\n<h2>Komplette Unterst\u00fctzung vom Entwurf bis zum Prototypenbau f\u00fcr das Produkt<\/h2>\n<p>[\/vc_column_text][vc_empty_space height=&#8220;20px&#8220;][vc_column_text]Unser Entwurfsteam analysiert die Entwicklung und das Engineering des Produkts nach den Vorstellungen des Kunden. Wir h\u00f6ren uns seine spezifischen Bed\u00fcrfnisse an, um ihm die beste L\u00f6sung anbieten zu k\u00f6nnen: Alle Entwurfsphasen werden in Zusammenarbeit mit dem Kunden und mithilfe der Entwurfssoftware SolidWorks ausgef\u00fchrt, mit der 2D- und 3D-Modelle von photographischer Qualit\u00e4t darstellbar sind.<\/p>\n<p>&nbsp;<\/p>\n<p>Im Laufe der Jahre haben wir einschl\u00e4gige Erfahrung in den Bereichen Beleuchtung, Einrichtungsgegenst\u00e4nde, Metallm\u00f6bel, Brandschutzausr\u00fcstungen, Alarmsysteme und in der Herstellung von Komponenten f\u00fcr Industriemaschinen gesammelt. In diesem Projekt bewerten wird eingehend die Produktionsprozesse, um f\u00fcr die geforderten Spezifikationen eine hohe Qualit\u00e4t zu gew\u00e4hrleisten und die Produktionskosten zu optimieren.[\/vc_column_text][\/vc_column][\/vc_row][vc_row css_animation=&#8220;&#8220; row_type=&#8220;row&#8220; use_row_as_full_screen_section=&#8220;no&#8220; type=&#8220;full_width&#8220; angled_section=&#8220;no&#8220; text_align=&#8220;left&#8220; background_image_as_pattern=&#8220;without_pattern&#8220; css=&#8220;.vc_custom_1547564758515{margin-bottom: 80px !important;}&#8220; z_index=&#8220;&#8220;][vc_column][vc_single_image image=&#8220;1181&#8243; img_size=&#8220;full&#8220; qode_css_animation=&#8220;&#8220;][\/vc_column][\/vc_row]<\/p>\n<\/div>","protected":false},"excerpt":{"rendered":"<p>[vc_row css_animation=&#8220;&#8220; row_type=&#8220;row&#8220; use_row_as_full_screen_section=&#8220;no&#8220; type=&#8220;full_width&#8220; angled_section=&#8220;no&#8220; text_align=&#8220;left&#8220; background_image_as_pattern=&#8220;without_pattern&#8220; css=&#8220;.vc_custom_1547564747110{margin-bottom: 80px !important;}&#8220; z_index=&#8220;&#8220;][vc_column][vc_column_text el_class=&#8220;title-servizi&#8220;] Komplette Unterst\u00fctzung vom Entwurf bis zum Prototypenbau f\u00fcr das Produkt [\/vc_column_text][vc_empty_space height=&#8220;20px&#8220;][vc_column_text]Unser Entwurfsteam analysiert die Entwicklung und das Engineering des Produkts nach den Vorstellungen des Kunden. Wir h\u00f6ren uns seine spezifischen Bed\u00fcrfnisse&#8230;<\/p>\n","protected":false},"author":7,"featured_media":1525,"parent":1665,"menu_order":0,"comment_status":"closed","ping_status":"closed","template":"","meta":{"footnotes":""},"class_list":["post-1668","page","type-page","status-publish","has-post-thumbnail","hentry"],"yoast_head":"<!-- This site is optimized with the Yoast SEO plugin v26.0 - https:\/\/yoast.com\/wordpress\/plugins\/seo\/ -->\n<title>Entwurf - Metallbau Rolla Srl, Treviso<\/title>\n<meta name=\"description\" content=\"Unser Entwurfsteam analysiert die Entwicklung und das Engineering des Produkts nach den Vorstellungen des Kunden.\" \/>\n<meta name=\"robots\" content=\"index, follow, max-snippet:-1, max-image-preview:large, max-video-preview:-1\" \/>\n<link rel=\"canonical\" href=\"https:\/\/rolla.it\/de\/dienstleistungen\/entwurf\/\" \/>\n<meta property=\"og:locale\" content=\"de_DE\" \/>\n<meta property=\"og:type\" content=\"article\" \/>\n<meta property=\"og:title\" content=\"Entwurf - Metallbau Rolla Srl, Treviso\" \/>\n<meta property=\"og:description\" content=\"Unser Entwurfsteam analysiert die Entwicklung und das Engineering des Produkts nach den Vorstellungen des Kunden.\" \/>\n<meta property=\"og:url\" content=\"https:\/\/rolla.it\/de\/dienstleistungen\/entwurf\/\" \/>\n<meta property=\"og:site_name\" content=\"Rolla srl\" \/>\n<meta property=\"article:modified_time\" content=\"2021-04-22T14:59:52+00:00\" \/>\n<meta property=\"og:image\" content=\"https:\/\/rolla.it\/wp-content\/uploads\/2019\/01\/strumenti_9_1-main.jpg\" \/>\n\t<meta property=\"og:image:width\" content=\"1920\" \/>\n\t<meta property=\"og:image:height\" content=\"470\" \/>\n\t<meta property=\"og:image:type\" content=\"image\/jpeg\" \/>\n<meta name=\"twitter:card\" content=\"summary_large_image\" \/>\n<meta name=\"twitter:label1\" content=\"Gesch\u00e4tzte Lesezeit\" \/>\n\t<meta name=\"twitter:data1\" content=\"1\u00a0Minute\" \/>\n<script type=\"application\/ld+json\" class=\"yoast-schema-graph\">{\"@context\":\"https:\/\/schema.org\",\"@graph\":[{\"@type\":\"WebPage\",\"@id\":\"https:\/\/rolla.it\/de\/dienstleistungen\/entwurf\/\",\"url\":\"https:\/\/rolla.it\/de\/dienstleistungen\/entwurf\/\",\"name\":\"Entwurf - Metallbau Rolla Srl, Treviso\",\"isPartOf\":{\"@id\":\"https:\/\/rolla.it\/it\/#website\"},\"primaryImageOfPage\":{\"@id\":\"https:\/\/rolla.it\/de\/dienstleistungen\/entwurf\/#primaryimage\"},\"image\":{\"@id\":\"https:\/\/rolla.it\/de\/dienstleistungen\/entwurf\/#primaryimage\"},\"thumbnailUrl\":\"https:\/\/rolla.it\/wp-content\/uploads\/2019\/01\/strumenti_9_1-main.jpg\",\"datePublished\":\"2018-12-11T14:34:57+00:00\",\"dateModified\":\"2021-04-22T14:59:52+00:00\",\"description\":\"Unser Entwurfsteam analysiert die Entwicklung und das Engineering des Produkts nach den Vorstellungen des Kunden.\",\"breadcrumb\":{\"@id\":\"https:\/\/rolla.it\/de\/dienstleistungen\/entwurf\/#breadcrumb\"},\"inLanguage\":\"de\",\"potentialAction\":[{\"@type\":\"ReadAction\",\"target\":[\"https:\/\/rolla.it\/de\/dienstleistungen\/entwurf\/\"]}]},{\"@type\":\"ImageObject\",\"inLanguage\":\"de\",\"@id\":\"https:\/\/rolla.it\/de\/dienstleistungen\/entwurf\/#primaryimage\",\"url\":\"https:\/\/rolla.it\/wp-content\/uploads\/2019\/01\/strumenti_9_1-main.jpg\",\"contentUrl\":\"https:\/\/rolla.it\/wp-content\/uploads\/2019\/01\/strumenti_9_1-main.jpg\",\"width\":1920,\"height\":470,\"caption\":\"Strumenti\"},{\"@type\":\"BreadcrumbList\",\"@id\":\"https:\/\/rolla.it\/de\/dienstleistungen\/entwurf\/#breadcrumb\",\"itemListElement\":[{\"@type\":\"ListItem\",\"position\":1,\"name\":\"Home\",\"item\":\"https:\/\/rolla.it\/de\/\"},{\"@type\":\"ListItem\",\"position\":2,\"name\":\"Dienstleistungen\",\"item\":\"https:\/\/rolla.it\/de\/dienstleistungen\/\"},{\"@type\":\"ListItem\",\"position\":3,\"name\":\"Entwurf\"}]},{\"@type\":\"WebSite\",\"@id\":\"https:\/\/rolla.it\/it\/#website\",\"url\":\"https:\/\/rolla.it\/it\/\",\"name\":\"Rolla srl\",\"description\":\"\",\"publisher\":{\"@id\":\"https:\/\/rolla.it\/it\/#organization\"},\"potentialAction\":[{\"@type\":\"SearchAction\",\"target\":{\"@type\":\"EntryPoint\",\"urlTemplate\":\"https:\/\/rolla.it\/it\/?s={search_term_string}\"},\"query-input\":{\"@type\":\"PropertyValueSpecification\",\"valueRequired\":true,\"valueName\":\"search_term_string\"}}],\"inLanguage\":\"de\"},{\"@type\":\"Organization\",\"@id\":\"https:\/\/rolla.it\/it\/#organization\",\"name\":\"Rolla Srl lavorazione Meccaniche\",\"url\":\"https:\/\/rolla.it\/it\/\",\"logo\":{\"@type\":\"ImageObject\",\"inLanguage\":\"de\",\"@id\":\"https:\/\/rolla.it\/it\/#\/schema\/logo\/image\/\",\"url\":\"https:\/\/rolla.it\/wp-content\/uploads\/2019\/01\/rolla-metal-technologies.jpg\",\"contentUrl\":\"https:\/\/rolla.it\/wp-content\/uploads\/2019\/01\/rolla-metal-technologies.jpg\",\"width\":1200,\"height\":839,\"caption\":\"Rolla Srl lavorazione Meccaniche\"},\"image\":{\"@id\":\"https:\/\/rolla.it\/it\/#\/schema\/logo\/image\/\"}}]}<\/script>\n<!-- \/ Yoast SEO plugin. -->","yoast_head_json":{"title":"Entwurf - Metallbau Rolla Srl, Treviso","description":"Unser Entwurfsteam analysiert die Entwicklung und das Engineering des Produkts nach den Vorstellungen des Kunden.","robots":{"index":"index","follow":"follow","max-snippet":"max-snippet:-1","max-image-preview":"max-image-preview:large","max-video-preview":"max-video-preview:-1"},"canonical":"https:\/\/rolla.it\/de\/dienstleistungen\/entwurf\/","og_locale":"de_DE","og_type":"article","og_title":"Entwurf - Metallbau Rolla Srl, Treviso","og_description":"Unser Entwurfsteam analysiert die Entwicklung und das Engineering des Produkts nach den Vorstellungen des Kunden.","og_url":"https:\/\/rolla.it\/de\/dienstleistungen\/entwurf\/","og_site_name":"Rolla srl","article_modified_time":"2021-04-22T14:59:52+00:00","og_image":[{"width":1920,"height":470,"url":"https:\/\/rolla.it\/wp-content\/uploads\/2019\/01\/strumenti_9_1-main.jpg","type":"image\/jpeg"}],"twitter_card":"summary_large_image","twitter_misc":{"Gesch\u00e4tzte Lesezeit":"1\u00a0Minute"},"schema":{"@context":"https:\/\/schema.org","@graph":[{"@type":"WebPage","@id":"https:\/\/rolla.it\/de\/dienstleistungen\/entwurf\/","url":"https:\/\/rolla.it\/de\/dienstleistungen\/entwurf\/","name":"Entwurf - Metallbau Rolla Srl, Treviso","isPartOf":{"@id":"https:\/\/rolla.it\/it\/#website"},"primaryImageOfPage":{"@id":"https:\/\/rolla.it\/de\/dienstleistungen\/entwurf\/#primaryimage"},"image":{"@id":"https:\/\/rolla.it\/de\/dienstleistungen\/entwurf\/#primaryimage"},"thumbnailUrl":"https:\/\/rolla.it\/wp-content\/uploads\/2019\/01\/strumenti_9_1-main.jpg","datePublished":"2018-12-11T14:34:57+00:00","dateModified":"2021-04-22T14:59:52+00:00","description":"Unser Entwurfsteam analysiert die Entwicklung und das Engineering des Produkts nach den Vorstellungen des Kunden.","breadcrumb":{"@id":"https:\/\/rolla.it\/de\/dienstleistungen\/entwurf\/#breadcrumb"},"inLanguage":"de","potentialAction":[{"@type":"ReadAction","target":["https:\/\/rolla.it\/de\/dienstleistungen\/entwurf\/"]}]},{"@type":"ImageObject","inLanguage":"de","@id":"https:\/\/rolla.it\/de\/dienstleistungen\/entwurf\/#primaryimage","url":"https:\/\/rolla.it\/wp-content\/uploads\/2019\/01\/strumenti_9_1-main.jpg","contentUrl":"https:\/\/rolla.it\/wp-content\/uploads\/2019\/01\/strumenti_9_1-main.jpg","width":1920,"height":470,"caption":"Strumenti"},{"@type":"BreadcrumbList","@id":"https:\/\/rolla.it\/de\/dienstleistungen\/entwurf\/#breadcrumb","itemListElement":[{"@type":"ListItem","position":1,"name":"Home","item":"https:\/\/rolla.it\/de\/"},{"@type":"ListItem","position":2,"name":"Dienstleistungen","item":"https:\/\/rolla.it\/de\/dienstleistungen\/"},{"@type":"ListItem","position":3,"name":"Entwurf"}]},{"@type":"WebSite","@id":"https:\/\/rolla.it\/it\/#website","url":"https:\/\/rolla.it\/it\/","name":"Rolla srl","description":"","publisher":{"@id":"https:\/\/rolla.it\/it\/#organization"},"potentialAction":[{"@type":"SearchAction","target":{"@type":"EntryPoint","urlTemplate":"https:\/\/rolla.it\/it\/?s={search_term_string}"},"query-input":{"@type":"PropertyValueSpecification","valueRequired":true,"valueName":"search_term_string"}}],"inLanguage":"de"},{"@type":"Organization","@id":"https:\/\/rolla.it\/it\/#organization","name":"Rolla Srl lavorazione Meccaniche","url":"https:\/\/rolla.it\/it\/","logo":{"@type":"ImageObject","inLanguage":"de","@id":"https:\/\/rolla.it\/it\/#\/schema\/logo\/image\/","url":"https:\/\/rolla.it\/wp-content\/uploads\/2019\/01\/rolla-metal-technologies.jpg","contentUrl":"https:\/\/rolla.it\/wp-content\/uploads\/2019\/01\/rolla-metal-technologies.jpg","width":1200,"height":839,"caption":"Rolla Srl lavorazione Meccaniche"},"image":{"@id":"https:\/\/rolla.it\/it\/#\/schema\/logo\/image\/"}}]}},"_links":{"self":[{"href":"https:\/\/rolla.it\/de\/wp-json\/wp\/v2\/pages\/1668","targetHints":{"allow":["GET"]}}],"collection":[{"href":"https:\/\/rolla.it\/de\/wp-json\/wp\/v2\/pages"}],"about":[{"href":"https:\/\/rolla.it\/de\/wp-json\/wp\/v2\/types\/page"}],"author":[{"embeddable":true,"href":"https:\/\/rolla.it\/de\/wp-json\/wp\/v2\/users\/7"}],"replies":[{"embeddable":true,"href":"https:\/\/rolla.it\/de\/wp-json\/wp\/v2\/comments?post=1668"}],"version-history":[{"count":0,"href":"https:\/\/rolla.it\/de\/wp-json\/wp\/v2\/pages\/1668\/revisions"}],"up":[{"embeddable":true,"href":"https:\/\/rolla.it\/de\/wp-json\/wp\/v2\/pages\/1665"}],"wp:featuredmedia":[{"embeddable":true,"href":"https:\/\/rolla.it\/de\/wp-json\/wp\/v2\/media\/1525"}],"wp:attachment":[{"href":"https:\/\/rolla.it\/de\/wp-json\/wp\/v2\/media?parent=1668"}],"curies":[{"name":"wp","href":"https:\/\/api.w.org\/{rel}","templated":true}]}}