{"id":1665,"date":"2016-05-10T03:48:21","date_gmt":"2016-05-10T03:48:21","guid":{"rendered":"https:\/\/rolla.it\/servizi\/"},"modified":"2021-04-22T14:45:36","modified_gmt":"2021-04-22T14:45:36","slug":"dienstleistungen","status":"publish","type":"page","link":"https:\/\/rolla.it\/de\/dienstleistungen\/","title":{"rendered":"Dienstleistungen"},"content":{"rendered":"<div class=\"wpb-content-wrapper\"><p>[vc_row css_animation=&#8220;&#8220; row_type=&#8220;row&#8220; use_row_as_full_screen_section=&#8220;no&#8220; type=&#8220;grid&#8220; angled_section=&#8220;no&#8220; text_align=&#8220;left&#8220; background_image_as_pattern=&#8220;without_pattern&#8220; z_index=&#8220;&#8220; el_class=&#8220;space-mobile2&#8243;][vc_column][vc_column_text el_class=&#8220;title-servizi&#8220;]<\/p>\n<h2>Dienstleistungen<\/h2>\n<p>[\/vc_column_text][vc_empty_space height=&#8220;20px&#8220;][vc_column_text]Wir fertigen Prototypen an, entwerfen und industrialisieren das Manufakt, planen und fertigen Gesenke und bauen das fertige Produkt zusammen. Diese Kompetenzen beruht nicht nur auf unserer jahrelangen Erfahrung, sondern auch auf der F\u00e4higkeit, auf die Bed\u00fcrfnisse von Kunden einzugehen und zu interpretieren, die auf immer komplexeren und konkurrenzf\u00e4higeren M\u00e4rkten t\u00e4tig sind.[\/vc_column_text][\/vc_column][\/vc_row]<\/p>\n<\/div>","protected":false},"excerpt":{"rendered":"<p>[vc_row css_animation=&#8220;&#8220; row_type=&#8220;row&#8220; use_row_as_full_screen_section=&#8220;no&#8220; type=&#8220;grid&#8220; angled_section=&#8220;no&#8220; text_align=&#8220;left&#8220; background_image_as_pattern=&#8220;without_pattern&#8220; z_index=&#8220;&#8220; el_class=&#8220;space-mobile2&#8243;][vc_column][vc_column_text el_class=&#8220;title-servizi&#8220;] Dienstleistungen [\/vc_column_text][vc_empty_space height=&#8220;20px&#8220;][vc_column_text]Wir fertigen Prototypen an, entwerfen und industrialisieren das Manufakt, planen und fertigen Gesenke und bauen das fertige Produkt zusammen. Diese Kompetenzen beruht nicht nur auf unserer jahrelangen Erfahrung, sondern auch auf der&#8230;<\/p>\n","protected":false},"author":7,"featured_media":0,"parent":0,"menu_order":4,"comment_status":"closed","ping_status":"closed","template":"aggregatore.php","meta":{"footnotes":""},"class_list":["post-1665","page","type-page","status-publish","hentry"],"yoast_head":"<!-- This site is optimized with the Yoast SEO plugin v26.0 - https:\/\/yoast.com\/wordpress\/plugins\/seo\/ -->\n<title>Dienstleistungen - Metallbau Rolla Srl, Treviso<\/title>\n<meta name=\"description\" content=\"Wir fertigen Prototypen an, entwerfen und industrialisieren das Manufakt, planen und fertigen Gesenke und bauen das fertige Produkt zusammen.\" \/>\n<meta name=\"robots\" content=\"index, follow, max-snippet:-1, max-image-preview:large, max-video-preview:-1\" \/>\n<link rel=\"canonical\" href=\"https:\/\/rolla.it\/de\/dienstleistungen\/\" \/>\n<meta property=\"og:locale\" content=\"de_DE\" \/>\n<meta property=\"og:type\" content=\"article\" \/>\n<meta property=\"og:title\" content=\"Dienstleistungen - Metallbau Rolla Srl, Treviso\" \/>\n<meta property=\"og:description\" content=\"Wir fertigen Prototypen an, entwerfen und industrialisieren das Manufakt, planen und fertigen Gesenke und bauen das fertige Produkt zusammen.\" \/>\n<meta property=\"og:url\" content=\"https:\/\/rolla.it\/de\/dienstleistungen\/\" \/>\n<meta property=\"og:site_name\" content=\"Rolla srl\" \/>\n<meta property=\"article:modified_time\" content=\"2021-04-22T14:45:36+00:00\" \/>\n<meta name=\"twitter:card\" content=\"summary_large_image\" \/>\n<meta name=\"twitter:label1\" content=\"Gesch\u00e4tzte Lesezeit\" \/>\n\t<meta name=\"twitter:data1\" content=\"1\u00a0Minute\" \/>\n<script type=\"application\/ld+json\" class=\"yoast-schema-graph\">{\"@context\":\"https:\/\/schema.org\",\"@graph\":[{\"@type\":\"WebPage\",\"@id\":\"https:\/\/rolla.it\/de\/dienstleistungen\/\",\"url\":\"https:\/\/rolla.it\/de\/dienstleistungen\/\",\"name\":\"Dienstleistungen - Metallbau Rolla Srl, Treviso\",\"isPartOf\":{\"@id\":\"https:\/\/rolla.it\/it\/#website\"},\"datePublished\":\"2016-05-10T03:48:21+00:00\",\"dateModified\":\"2021-04-22T14:45:36+00:00\",\"description\":\"Wir fertigen Prototypen an, entwerfen und industrialisieren das Manufakt, planen und fertigen Gesenke und bauen das fertige Produkt zusammen.\",\"breadcrumb\":{\"@id\":\"https:\/\/rolla.it\/de\/dienstleistungen\/#breadcrumb\"},\"inLanguage\":\"de\",\"potentialAction\":[{\"@type\":\"ReadAction\",\"target\":[\"https:\/\/rolla.it\/de\/dienstleistungen\/\"]}]},{\"@type\":\"BreadcrumbList\",\"@id\":\"https:\/\/rolla.it\/de\/dienstleistungen\/#breadcrumb\",\"itemListElement\":[{\"@type\":\"ListItem\",\"position\":1,\"name\":\"Home\",\"item\":\"https:\/\/rolla.it\/de\/\"},{\"@type\":\"ListItem\",\"position\":2,\"name\":\"Dienstleistungen\"}]},{\"@type\":\"WebSite\",\"@id\":\"https:\/\/rolla.it\/it\/#website\",\"url\":\"https:\/\/rolla.it\/it\/\",\"name\":\"Rolla srl\",\"description\":\"\",\"publisher\":{\"@id\":\"https:\/\/rolla.it\/it\/#organization\"},\"potentialAction\":[{\"@type\":\"SearchAction\",\"target\":{\"@type\":\"EntryPoint\",\"urlTemplate\":\"https:\/\/rolla.it\/it\/?s={search_term_string}\"},\"query-input\":{\"@type\":\"PropertyValueSpecification\",\"valueRequired\":true,\"valueName\":\"search_term_string\"}}],\"inLanguage\":\"de\"},{\"@type\":\"Organization\",\"@id\":\"https:\/\/rolla.it\/it\/#organization\",\"name\":\"Rolla Srl lavorazione Meccaniche\",\"url\":\"https:\/\/rolla.it\/it\/\",\"logo\":{\"@type\":\"ImageObject\",\"inLanguage\":\"de\",\"@id\":\"https:\/\/rolla.it\/it\/#\/schema\/logo\/image\/\",\"url\":\"https:\/\/rolla.it\/wp-content\/uploads\/2019\/01\/rolla-metal-technologies.jpg\",\"contentUrl\":\"https:\/\/rolla.it\/wp-content\/uploads\/2019\/01\/rolla-metal-technologies.jpg\",\"width\":1200,\"height\":839,\"caption\":\"Rolla Srl lavorazione Meccaniche\"},\"image\":{\"@id\":\"https:\/\/rolla.it\/it\/#\/schema\/logo\/image\/\"}}]}<\/script>\n<!-- \/ Yoast SEO plugin. -->","yoast_head_json":{"title":"Dienstleistungen - Metallbau Rolla Srl, Treviso","description":"Wir fertigen Prototypen an, entwerfen und industrialisieren das Manufakt, planen und fertigen Gesenke und bauen das fertige Produkt zusammen.","robots":{"index":"index","follow":"follow","max-snippet":"max-snippet:-1","max-image-preview":"max-image-preview:large","max-video-preview":"max-video-preview:-1"},"canonical":"https:\/\/rolla.it\/de\/dienstleistungen\/","og_locale":"de_DE","og_type":"article","og_title":"Dienstleistungen - Metallbau Rolla Srl, Treviso","og_description":"Wir fertigen Prototypen an, entwerfen und industrialisieren das Manufakt, planen und fertigen Gesenke und bauen das fertige Produkt zusammen.","og_url":"https:\/\/rolla.it\/de\/dienstleistungen\/","og_site_name":"Rolla srl","article_modified_time":"2021-04-22T14:45:36+00:00","twitter_card":"summary_large_image","twitter_misc":{"Gesch\u00e4tzte Lesezeit":"1\u00a0Minute"},"schema":{"@context":"https:\/\/schema.org","@graph":[{"@type":"WebPage","@id":"https:\/\/rolla.it\/de\/dienstleistungen\/","url":"https:\/\/rolla.it\/de\/dienstleistungen\/","name":"Dienstleistungen - Metallbau Rolla Srl, Treviso","isPartOf":{"@id":"https:\/\/rolla.it\/it\/#website"},"datePublished":"2016-05-10T03:48:21+00:00","dateModified":"2021-04-22T14:45:36+00:00","description":"Wir fertigen Prototypen an, entwerfen und industrialisieren das Manufakt, planen und fertigen Gesenke und bauen das fertige Produkt zusammen.","breadcrumb":{"@id":"https:\/\/rolla.it\/de\/dienstleistungen\/#breadcrumb"},"inLanguage":"de","potentialAction":[{"@type":"ReadAction","target":["https:\/\/rolla.it\/de\/dienstleistungen\/"]}]},{"@type":"BreadcrumbList","@id":"https:\/\/rolla.it\/de\/dienstleistungen\/#breadcrumb","itemListElement":[{"@type":"ListItem","position":1,"name":"Home","item":"https:\/\/rolla.it\/de\/"},{"@type":"ListItem","position":2,"name":"Dienstleistungen"}]},{"@type":"WebSite","@id":"https:\/\/rolla.it\/it\/#website","url":"https:\/\/rolla.it\/it\/","name":"Rolla srl","description":"","publisher":{"@id":"https:\/\/rolla.it\/it\/#organization"},"potentialAction":[{"@type":"SearchAction","target":{"@type":"EntryPoint","urlTemplate":"https:\/\/rolla.it\/it\/?s={search_term_string}"},"query-input":{"@type":"PropertyValueSpecification","valueRequired":true,"valueName":"search_term_string"}}],"inLanguage":"de"},{"@type":"Organization","@id":"https:\/\/rolla.it\/it\/#organization","name":"Rolla Srl lavorazione Meccaniche","url":"https:\/\/rolla.it\/it\/","logo":{"@type":"ImageObject","inLanguage":"de","@id":"https:\/\/rolla.it\/it\/#\/schema\/logo\/image\/","url":"https:\/\/rolla.it\/wp-content\/uploads\/2019\/01\/rolla-metal-technologies.jpg","contentUrl":"https:\/\/rolla.it\/wp-content\/uploads\/2019\/01\/rolla-metal-technologies.jpg","width":1200,"height":839,"caption":"Rolla Srl lavorazione Meccaniche"},"image":{"@id":"https:\/\/rolla.it\/it\/#\/schema\/logo\/image\/"}}]}},"_links":{"self":[{"href":"https:\/\/rolla.it\/de\/wp-json\/wp\/v2\/pages\/1665","targetHints":{"allow":["GET"]}}],"collection":[{"href":"https:\/\/rolla.it\/de\/wp-json\/wp\/v2\/pages"}],"about":[{"href":"https:\/\/rolla.it\/de\/wp-json\/wp\/v2\/types\/page"}],"author":[{"embeddable":true,"href":"https:\/\/rolla.it\/de\/wp-json\/wp\/v2\/users\/7"}],"replies":[{"embeddable":true,"href":"https:\/\/rolla.it\/de\/wp-json\/wp\/v2\/comments?post=1665"}],"version-history":[{"count":0,"href":"https:\/\/rolla.it\/de\/wp-json\/wp\/v2\/pages\/1665\/revisions"}],"wp:attachment":[{"href":"https:\/\/rolla.it\/de\/wp-json\/wp\/v2\/media?parent=1665"}],"curies":[{"name":"wp","href":"https:\/\/api.w.org\/{rel}","templated":true}]}}