{"id":1656,"date":"2018-12-11T14:14:45","date_gmt":"2018-12-11T14:14:45","guid":{"rendered":"https:\/\/rolla.it\/die-bearbeitungen\/verniciatura\/"},"modified":"2019-03-04T15:04:49","modified_gmt":"2019-03-04T15:04:49","slug":"lackieren","status":"publish","type":"page","link":"https:\/\/rolla.it\/de\/die-bearbeitungen\/lackieren\/","title":{"rendered":"Lackieren"},"content":{"rendered":"<div class=\"wpb-content-wrapper\"><p>[vc_row css_animation=&#8220;&#8220; row_type=&#8220;row&#8220; use_row_as_full_screen_section=&#8220;no&#8220; type=&#8220;full_width&#8220; angled_section=&#8220;no&#8220; text_align=&#8220;left&#8220; background_image_as_pattern=&#8220;without_pattern&#8220; css=&#8220;.vc_custom_1547562332956{margin-bottom: 80px !important;}&#8220; z_index=&#8220;&#8220;][vc_column][vc_column_text]Mit unseren Anlagen f\u00fcr die Expoxidpulverlackierung garantieren wir dem Kunden eine hohe Produktionselastizit\u00e4t gem\u00e4\u00df den neuesten Umweltschutzauflagen.[\/vc_column_text][\/vc_column][\/vc_row][vc_row css_animation=&#8220;&#8220; row_type=&#8220;row&#8220; use_row_as_full_screen_section=&#8220;no&#8220; type=&#8220;full_width&#8220; angled_section=&#8220;no&#8220; text_align=&#8220;left&#8220; background_image_as_pattern=&#8220;without_pattern&#8220; css=&#8220;.vc_custom_1547562338334{margin-bottom: 80px !important;}&#8220; z_index=&#8220;&#8220;][vc_column][vc_single_image image=&#8220;812&#8243; img_size=&#8220;full&#8220; qode_css_animation=&#8220;&#8220; css=&#8220;.vc_custom_1547562652958{padding-bottom: 20px !important;}&#8220;][vc_single_image image=&#8220;811&#8243; img_size=&#8220;full&#8220; qode_css_animation=&#8220;&#8220;][\/vc_column][\/vc_row]<\/p>\n<\/div>","protected":false},"excerpt":{"rendered":"<p>[vc_row css_animation=&#8220;&#8220; row_type=&#8220;row&#8220; use_row_as_full_screen_section=&#8220;no&#8220; type=&#8220;full_width&#8220; angled_section=&#8220;no&#8220; text_align=&#8220;left&#8220; background_image_as_pattern=&#8220;without_pattern&#8220; css=&#8220;.vc_custom_1547562332956{margin-bottom: 80px !important;}&#8220; z_index=&#8220;&#8220;][vc_column][vc_column_text]Mit unseren Anlagen f\u00fcr die Expoxidpulverlackierung garantieren wir dem Kunden eine hohe Produktionselastizit\u00e4t gem\u00e4\u00df den neuesten Umweltschutzauflagen.[\/vc_column_text][\/vc_column][\/vc_row][vc_row css_animation=&#8220;&#8220; row_type=&#8220;row&#8220; use_row_as_full_screen_section=&#8220;no&#8220; type=&#8220;full_width&#8220; angled_section=&#8220;no&#8220; text_align=&#8220;left&#8220; background_image_as_pattern=&#8220;without_pattern&#8220; css=&#8220;.vc_custom_1547562338334{margin-bottom: 80px !important;}&#8220; z_index=&#8220;&#8220;][vc_column][vc_single_image image=&#8220;812&#8243; img_size=&#8220;full&#8220; qode_css_animation=&#8220;&#8220; css=&#8220;.vc_custom_1547562652958{padding-bottom: 20px !important;}&#8220;][vc_single_image&#8230;<\/p>\n","protected":false},"author":7,"featured_media":1513,"parent":1647,"menu_order":4,"comment_status":"closed","ping_status":"closed","template":"","meta":{"footnotes":""},"class_list":["post-1656","page","type-page","status-publish","has-post-thumbnail","hentry"],"yoast_head":"<!-- This site is optimized with the Yoast SEO plugin v26.0 - https:\/\/yoast.com\/wordpress\/plugins\/seo\/ -->\n<title>Epoxid-Pulverbeschichtung - Rolla Srl, Treviso<\/title>\n<meta name=\"description\" content=\"Mit unseren Anlagen f\u00fcr die Expoxidpulverlackierung garantieren wir dem Kunden eine hohe Produktionselastizit\u00e4t.\" \/>\n<meta name=\"robots\" content=\"index, follow, max-snippet:-1, max-image-preview:large, max-video-preview:-1\" \/>\n<link rel=\"canonical\" href=\"https:\/\/rolla.it\/de\/die-bearbeitungen\/lackieren\/\" \/>\n<meta property=\"og:locale\" content=\"de_DE\" \/>\n<meta property=\"og:type\" content=\"article\" \/>\n<meta property=\"og:title\" content=\"Epoxid-Pulverbeschichtung - Rolla Srl, Treviso\" \/>\n<meta property=\"og:description\" content=\"Mit unseren Anlagen f\u00fcr die Expoxidpulverlackierung garantieren wir dem Kunden eine hohe Produktionselastizit\u00e4t.\" \/>\n<meta property=\"og:url\" content=\"https:\/\/rolla.it\/de\/die-bearbeitungen\/lackieren\/\" \/>\n<meta property=\"og:site_name\" content=\"Rolla srl\" \/>\n<meta property=\"article:modified_time\" content=\"2019-03-04T15:04:49+00:00\" \/>\n<meta property=\"og:image\" content=\"https:\/\/rolla.it\/wp-content\/uploads\/2019\/01\/verniciatura_9_22_main-2.jpg\" \/>\n\t<meta property=\"og:image:width\" content=\"1920\" \/>\n\t<meta property=\"og:image:height\" content=\"470\" \/>\n\t<meta property=\"og:image:type\" content=\"image\/jpeg\" \/>\n<meta name=\"twitter:card\" content=\"summary_large_image\" \/>\n<meta name=\"twitter:label1\" content=\"Gesch\u00e4tzte Lesezeit\" \/>\n\t<meta name=\"twitter:data1\" content=\"1\u00a0Minute\" \/>\n<script type=\"application\/ld+json\" class=\"yoast-schema-graph\">{\"@context\":\"https:\/\/schema.org\",\"@graph\":[{\"@type\":\"WebPage\",\"@id\":\"https:\/\/rolla.it\/de\/die-bearbeitungen\/lackieren\/\",\"url\":\"https:\/\/rolla.it\/de\/die-bearbeitungen\/lackieren\/\",\"name\":\"Epoxid-Pulverbeschichtung - Rolla Srl, Treviso\",\"isPartOf\":{\"@id\":\"https:\/\/rolla.it\/it\/#website\"},\"primaryImageOfPage\":{\"@id\":\"https:\/\/rolla.it\/de\/die-bearbeitungen\/lackieren\/#primaryimage\"},\"image\":{\"@id\":\"https:\/\/rolla.it\/de\/die-bearbeitungen\/lackieren\/#primaryimage\"},\"thumbnailUrl\":\"https:\/\/rolla.it\/wp-content\/uploads\/2019\/01\/verniciatura_9_22_main-2.jpg\",\"datePublished\":\"2018-12-11T14:14:45+00:00\",\"dateModified\":\"2019-03-04T15:04:49+00:00\",\"description\":\"Mit unseren Anlagen f\u00fcr die Expoxidpulverlackierung garantieren wir dem Kunden eine hohe Produktionselastizit\u00e4t.\",\"breadcrumb\":{\"@id\":\"https:\/\/rolla.it\/de\/die-bearbeitungen\/lackieren\/#breadcrumb\"},\"inLanguage\":\"de\",\"potentialAction\":[{\"@type\":\"ReadAction\",\"target\":[\"https:\/\/rolla.it\/de\/die-bearbeitungen\/lackieren\/\"]}]},{\"@type\":\"ImageObject\",\"inLanguage\":\"de\",\"@id\":\"https:\/\/rolla.it\/de\/die-bearbeitungen\/lackieren\/#primaryimage\",\"url\":\"https:\/\/rolla.it\/wp-content\/uploads\/2019\/01\/verniciatura_9_22_main-2.jpg\",\"contentUrl\":\"https:\/\/rolla.it\/wp-content\/uploads\/2019\/01\/verniciatura_9_22_main-2.jpg\",\"width\":1920,\"height\":470,\"caption\":\"Verniciatura\"},{\"@type\":\"BreadcrumbList\",\"@id\":\"https:\/\/rolla.it\/de\/die-bearbeitungen\/lackieren\/#breadcrumb\",\"itemListElement\":[{\"@type\":\"ListItem\",\"position\":1,\"name\":\"Home\",\"item\":\"https:\/\/rolla.it\/de\/\"},{\"@type\":\"ListItem\",\"position\":2,\"name\":\"Die Bearbeitungen\",\"item\":\"https:\/\/rolla.it\/de\/die-bearbeitungen\/\"},{\"@type\":\"ListItem\",\"position\":3,\"name\":\"Lackieren\"}]},{\"@type\":\"WebSite\",\"@id\":\"https:\/\/rolla.it\/it\/#website\",\"url\":\"https:\/\/rolla.it\/it\/\",\"name\":\"Rolla srl\",\"description\":\"\",\"publisher\":{\"@id\":\"https:\/\/rolla.it\/it\/#organization\"},\"potentialAction\":[{\"@type\":\"SearchAction\",\"target\":{\"@type\":\"EntryPoint\",\"urlTemplate\":\"https:\/\/rolla.it\/it\/?s={search_term_string}\"},\"query-input\":{\"@type\":\"PropertyValueSpecification\",\"valueRequired\":true,\"valueName\":\"search_term_string\"}}],\"inLanguage\":\"de\"},{\"@type\":\"Organization\",\"@id\":\"https:\/\/rolla.it\/it\/#organization\",\"name\":\"Rolla Srl lavorazione Meccaniche\",\"url\":\"https:\/\/rolla.it\/it\/\",\"logo\":{\"@type\":\"ImageObject\",\"inLanguage\":\"de\",\"@id\":\"https:\/\/rolla.it\/it\/#\/schema\/logo\/image\/\",\"url\":\"https:\/\/rolla.it\/wp-content\/uploads\/2019\/01\/rolla-metal-technologies.jpg\",\"contentUrl\":\"https:\/\/rolla.it\/wp-content\/uploads\/2019\/01\/rolla-metal-technologies.jpg\",\"width\":1200,\"height\":839,\"caption\":\"Rolla Srl lavorazione Meccaniche\"},\"image\":{\"@id\":\"https:\/\/rolla.it\/it\/#\/schema\/logo\/image\/\"}}]}<\/script>\n<!-- \/ Yoast SEO plugin. -->","yoast_head_json":{"title":"Epoxid-Pulverbeschichtung - Rolla Srl, Treviso","description":"Mit unseren Anlagen f\u00fcr die Expoxidpulverlackierung garantieren wir dem Kunden eine hohe Produktionselastizit\u00e4t.","robots":{"index":"index","follow":"follow","max-snippet":"max-snippet:-1","max-image-preview":"max-image-preview:large","max-video-preview":"max-video-preview:-1"},"canonical":"https:\/\/rolla.it\/de\/die-bearbeitungen\/lackieren\/","og_locale":"de_DE","og_type":"article","og_title":"Epoxid-Pulverbeschichtung - Rolla Srl, Treviso","og_description":"Mit unseren Anlagen f\u00fcr die Expoxidpulverlackierung garantieren wir dem Kunden eine hohe Produktionselastizit\u00e4t.","og_url":"https:\/\/rolla.it\/de\/die-bearbeitungen\/lackieren\/","og_site_name":"Rolla srl","article_modified_time":"2019-03-04T15:04:49+00:00","og_image":[{"width":1920,"height":470,"url":"https:\/\/rolla.it\/wp-content\/uploads\/2019\/01\/verniciatura_9_22_main-2.jpg","type":"image\/jpeg"}],"twitter_card":"summary_large_image","twitter_misc":{"Gesch\u00e4tzte Lesezeit":"1\u00a0Minute"},"schema":{"@context":"https:\/\/schema.org","@graph":[{"@type":"WebPage","@id":"https:\/\/rolla.it\/de\/die-bearbeitungen\/lackieren\/","url":"https:\/\/rolla.it\/de\/die-bearbeitungen\/lackieren\/","name":"Epoxid-Pulverbeschichtung - Rolla Srl, Treviso","isPartOf":{"@id":"https:\/\/rolla.it\/it\/#website"},"primaryImageOfPage":{"@id":"https:\/\/rolla.it\/de\/die-bearbeitungen\/lackieren\/#primaryimage"},"image":{"@id":"https:\/\/rolla.it\/de\/die-bearbeitungen\/lackieren\/#primaryimage"},"thumbnailUrl":"https:\/\/rolla.it\/wp-content\/uploads\/2019\/01\/verniciatura_9_22_main-2.jpg","datePublished":"2018-12-11T14:14:45+00:00","dateModified":"2019-03-04T15:04:49+00:00","description":"Mit unseren Anlagen f\u00fcr die Expoxidpulverlackierung garantieren wir dem Kunden eine hohe Produktionselastizit\u00e4t.","breadcrumb":{"@id":"https:\/\/rolla.it\/de\/die-bearbeitungen\/lackieren\/#breadcrumb"},"inLanguage":"de","potentialAction":[{"@type":"ReadAction","target":["https:\/\/rolla.it\/de\/die-bearbeitungen\/lackieren\/"]}]},{"@type":"ImageObject","inLanguage":"de","@id":"https:\/\/rolla.it\/de\/die-bearbeitungen\/lackieren\/#primaryimage","url":"https:\/\/rolla.it\/wp-content\/uploads\/2019\/01\/verniciatura_9_22_main-2.jpg","contentUrl":"https:\/\/rolla.it\/wp-content\/uploads\/2019\/01\/verniciatura_9_22_main-2.jpg","width":1920,"height":470,"caption":"Verniciatura"},{"@type":"BreadcrumbList","@id":"https:\/\/rolla.it\/de\/die-bearbeitungen\/lackieren\/#breadcrumb","itemListElement":[{"@type":"ListItem","position":1,"name":"Home","item":"https:\/\/rolla.it\/de\/"},{"@type":"ListItem","position":2,"name":"Die Bearbeitungen","item":"https:\/\/rolla.it\/de\/die-bearbeitungen\/"},{"@type":"ListItem","position":3,"name":"Lackieren"}]},{"@type":"WebSite","@id":"https:\/\/rolla.it\/it\/#website","url":"https:\/\/rolla.it\/it\/","name":"Rolla srl","description":"","publisher":{"@id":"https:\/\/rolla.it\/it\/#organization"},"potentialAction":[{"@type":"SearchAction","target":{"@type":"EntryPoint","urlTemplate":"https:\/\/rolla.it\/it\/?s={search_term_string}"},"query-input":{"@type":"PropertyValueSpecification","valueRequired":true,"valueName":"search_term_string"}}],"inLanguage":"de"},{"@type":"Organization","@id":"https:\/\/rolla.it\/it\/#organization","name":"Rolla Srl lavorazione Meccaniche","url":"https:\/\/rolla.it\/it\/","logo":{"@type":"ImageObject","inLanguage":"de","@id":"https:\/\/rolla.it\/it\/#\/schema\/logo\/image\/","url":"https:\/\/rolla.it\/wp-content\/uploads\/2019\/01\/rolla-metal-technologies.jpg","contentUrl":"https:\/\/rolla.it\/wp-content\/uploads\/2019\/01\/rolla-metal-technologies.jpg","width":1200,"height":839,"caption":"Rolla Srl lavorazione Meccaniche"},"image":{"@id":"https:\/\/rolla.it\/it\/#\/schema\/logo\/image\/"}}]}},"_links":{"self":[{"href":"https:\/\/rolla.it\/de\/wp-json\/wp\/v2\/pages\/1656","targetHints":{"allow":["GET"]}}],"collection":[{"href":"https:\/\/rolla.it\/de\/wp-json\/wp\/v2\/pages"}],"about":[{"href":"https:\/\/rolla.it\/de\/wp-json\/wp\/v2\/types\/page"}],"author":[{"embeddable":true,"href":"https:\/\/rolla.it\/de\/wp-json\/wp\/v2\/users\/7"}],"replies":[{"embeddable":true,"href":"https:\/\/rolla.it\/de\/wp-json\/wp\/v2\/comments?post=1656"}],"version-history":[{"count":0,"href":"https:\/\/rolla.it\/de\/wp-json\/wp\/v2\/pages\/1656\/revisions"}],"up":[{"embeddable":true,"href":"https:\/\/rolla.it\/de\/wp-json\/wp\/v2\/pages\/1647"}],"wp:featuredmedia":[{"embeddable":true,"href":"https:\/\/rolla.it\/de\/wp-json\/wp\/v2\/media\/1513"}],"wp:attachment":[{"href":"https:\/\/rolla.it\/de\/wp-json\/wp\/v2\/media?parent=1656"}],"curies":[{"name":"wp","href":"https:\/\/api.w.org\/{rel}","templated":true}]}}