{"id":1654,"date":"2018-12-11T14:30:00","date_gmt":"2018-12-11T14:30:00","guid":{"rendered":"https:\/\/rolla.it\/die-bearbeitungen\/piegatura-e-calandratura\/"},"modified":"2021-04-22T14:36:01","modified_gmt":"2021-04-22T14:36:01","slug":"biegen-und-kalandrieren","status":"publish","type":"page","link":"https:\/\/rolla.it\/de\/die-bearbeitungen\/biegen-und-kalandrieren\/","title":{"rendered":"Biegen und Kalandrieren"},"content":{"rendered":"<div class=\"wpb-content-wrapper\"><p>[vc_row css_animation=&#8220;&#8220; row_type=&#8220;row&#8220; use_row_as_full_screen_section=&#8220;no&#8220; type=&#8220;full_width&#8220; angled_section=&#8220;no&#8220; text_align=&#8220;left&#8220; background_image_as_pattern=&#8220;without_pattern&#8220; css=&#8220;.vc_custom_1547560266809{margin-bottom: 80px !important;}&#8220; z_index=&#8220;&#8220;][vc_column][vc_column_text]Unsere Biege- und Kalandriermaschinen beenden die Bearbeitungen der Laserschneideabteilung und gestatten eine au\u00dferordentliche Flexibilit\u00e4t bei der kundenspezifischen Bearbeitung des Produkts.<br \/>\nVon den Maschinen k\u00f6nnen Stahl, Messing, Kupfer und Aluminium gebogen und kalandriert werden.<br \/>\nDer Maschinenpark f\u00fcr das Biegen und Kalandrieren besteht aus:<br \/>\n&#8211; CNC-Biegemaschinen mit einer Leistung von 25 bis 100 t, 4 bis 6 Achsen, Kontrolle des Biegewinkels und variablen Bearbeitungsgr\u00f6\u00dfen der Metallbleche von 1,2 bis 3,1 m Breite und 2 bis 8 mm Dicke (Dicken und Gr\u00f6\u00dfen variieren je nach der Maschine und dem Metalltyp);<br \/>\n&#8211; Kalandriermaschinen, die bis zu 1 m lange und 2 mm dicke Bleche biegen.[\/vc_column_text][\/vc_column][\/vc_row][vc_row css_animation=&#8220;&#8220; row_type=&#8220;row&#8220; use_row_as_full_screen_section=&#8220;no&#8220; type=&#8220;full_width&#8220; angled_section=&#8220;no&#8220; text_align=&#8220;left&#8220; background_image_as_pattern=&#8220;without_pattern&#8220; css=&#8220;.vc_custom_1547560332743{margin-bottom: 80px !important;}&#8220; z_index=&#8220;&#8220;][vc_column][vc_single_image image=&#8220;1014&#8243; img_size=&#8220;full&#8220; qode_css_animation=&#8220;&#8220;][\/vc_column][\/vc_row]<\/p>\n<\/div>","protected":false},"excerpt":{"rendered":"<p>[vc_row css_animation=&#8220;&#8220; row_type=&#8220;row&#8220; use_row_as_full_screen_section=&#8220;no&#8220; type=&#8220;full_width&#8220; angled_section=&#8220;no&#8220; text_align=&#8220;left&#8220; background_image_as_pattern=&#8220;without_pattern&#8220; css=&#8220;.vc_custom_1547560266809{margin-bottom: 80px !important;}&#8220; z_index=&#8220;&#8220;][vc_column][vc_column_text]Unsere Biege- und Kalandriermaschinen beenden die Bearbeitungen der Laserschneideabteilung und gestatten eine au\u00dferordentliche Flexibilit\u00e4t bei der kundenspezifischen Bearbeitung des Produkts. Von den Maschinen k\u00f6nnen Stahl, Messing, Kupfer und Aluminium gebogen und kalandriert werden. Der&#8230;<\/p>\n","protected":false},"author":7,"featured_media":1559,"parent":1647,"menu_order":2,"comment_status":"closed","ping_status":"closed","template":"","meta":{"footnotes":""},"class_list":["post-1654","page","type-page","status-publish","has-post-thumbnail","hentry"],"yoast_head":"<!-- This site is optimized with the Yoast SEO plugin v26.0 - https:\/\/yoast.com\/wordpress\/plugins\/seo\/ -->\n<title>Biegen und Kalandrieren - Metallbau Rolla Srl, Treviso<\/title>\n<meta name=\"description\" content=\"Unsere Biege- und Kalandriermaschinen beenden die Bearbeitungen der Laserschneideabteilung und gestatten eine au\u00dferordentliche Flexibilit\u00e4t.\" \/>\n<meta name=\"robots\" content=\"index, follow, max-snippet:-1, max-image-preview:large, max-video-preview:-1\" \/>\n<link rel=\"canonical\" href=\"https:\/\/rolla.it\/de\/die-bearbeitungen\/biegen-und-kalandrieren\/\" \/>\n<meta property=\"og:locale\" content=\"de_DE\" \/>\n<meta property=\"og:type\" content=\"article\" \/>\n<meta property=\"og:title\" content=\"Biegen und Kalandrieren - Metallbau Rolla Srl, Treviso\" \/>\n<meta property=\"og:description\" content=\"Unsere Biege- und Kalandriermaschinen beenden die Bearbeitungen der Laserschneideabteilung und gestatten eine au\u00dferordentliche Flexibilit\u00e4t.\" \/>\n<meta property=\"og:url\" content=\"https:\/\/rolla.it\/de\/die-bearbeitungen\/biegen-und-kalandrieren\/\" \/>\n<meta property=\"og:site_name\" content=\"Rolla srl\" \/>\n<meta property=\"article:modified_time\" content=\"2021-04-22T14:36:01+00:00\" \/>\n<meta property=\"og:image\" content=\"https:\/\/rolla.it\/wp-content\/uploads\/2019\/01\/rolla-piegatrice.jpg\" \/>\n\t<meta property=\"og:image:width\" content=\"1920\" \/>\n\t<meta property=\"og:image:height\" content=\"470\" \/>\n\t<meta property=\"og:image:type\" content=\"image\/jpeg\" \/>\n<meta name=\"twitter:card\" content=\"summary_large_image\" \/>\n<meta name=\"twitter:label1\" content=\"Gesch\u00e4tzte Lesezeit\" \/>\n\t<meta name=\"twitter:data1\" content=\"1\u00a0Minute\" \/>\n<script type=\"application\/ld+json\" class=\"yoast-schema-graph\">{\"@context\":\"https:\/\/schema.org\",\"@graph\":[{\"@type\":\"WebPage\",\"@id\":\"https:\/\/rolla.it\/de\/die-bearbeitungen\/biegen-und-kalandrieren\/\",\"url\":\"https:\/\/rolla.it\/de\/die-bearbeitungen\/biegen-und-kalandrieren\/\",\"name\":\"Biegen und Kalandrieren - Metallbau Rolla Srl, Treviso\",\"isPartOf\":{\"@id\":\"https:\/\/rolla.it\/it\/#website\"},\"primaryImageOfPage\":{\"@id\":\"https:\/\/rolla.it\/de\/die-bearbeitungen\/biegen-und-kalandrieren\/#primaryimage\"},\"image\":{\"@id\":\"https:\/\/rolla.it\/de\/die-bearbeitungen\/biegen-und-kalandrieren\/#primaryimage\"},\"thumbnailUrl\":\"https:\/\/rolla.it\/wp-content\/uploads\/2019\/01\/rolla-piegatrice.jpg\",\"datePublished\":\"2018-12-11T14:30:00+00:00\",\"dateModified\":\"2021-04-22T14:36:01+00:00\",\"description\":\"Unsere Biege- und Kalandriermaschinen beenden die Bearbeitungen der Laserschneideabteilung und gestatten eine au\u00dferordentliche Flexibilit\u00e4t.\",\"breadcrumb\":{\"@id\":\"https:\/\/rolla.it\/de\/die-bearbeitungen\/biegen-und-kalandrieren\/#breadcrumb\"},\"inLanguage\":\"de\",\"potentialAction\":[{\"@type\":\"ReadAction\",\"target\":[\"https:\/\/rolla.it\/de\/die-bearbeitungen\/biegen-und-kalandrieren\/\"]}]},{\"@type\":\"ImageObject\",\"inLanguage\":\"de\",\"@id\":\"https:\/\/rolla.it\/de\/die-bearbeitungen\/biegen-und-kalandrieren\/#primaryimage\",\"url\":\"https:\/\/rolla.it\/wp-content\/uploads\/2019\/01\/rolla-piegatrice.jpg\",\"contentUrl\":\"https:\/\/rolla.it\/wp-content\/uploads\/2019\/01\/rolla-piegatrice.jpg\",\"width\":1920,\"height\":470,\"caption\":\"Piegatrice Rolla\"},{\"@type\":\"BreadcrumbList\",\"@id\":\"https:\/\/rolla.it\/de\/die-bearbeitungen\/biegen-und-kalandrieren\/#breadcrumb\",\"itemListElement\":[{\"@type\":\"ListItem\",\"position\":1,\"name\":\"Home\",\"item\":\"https:\/\/rolla.it\/de\/\"},{\"@type\":\"ListItem\",\"position\":2,\"name\":\"Die Bearbeitungen\",\"item\":\"https:\/\/rolla.it\/de\/die-bearbeitungen\/\"},{\"@type\":\"ListItem\",\"position\":3,\"name\":\"Biegen und Kalandrieren\"}]},{\"@type\":\"WebSite\",\"@id\":\"https:\/\/rolla.it\/it\/#website\",\"url\":\"https:\/\/rolla.it\/it\/\",\"name\":\"Rolla srl\",\"description\":\"\",\"publisher\":{\"@id\":\"https:\/\/rolla.it\/it\/#organization\"},\"potentialAction\":[{\"@type\":\"SearchAction\",\"target\":{\"@type\":\"EntryPoint\",\"urlTemplate\":\"https:\/\/rolla.it\/it\/?s={search_term_string}\"},\"query-input\":{\"@type\":\"PropertyValueSpecification\",\"valueRequired\":true,\"valueName\":\"search_term_string\"}}],\"inLanguage\":\"de\"},{\"@type\":\"Organization\",\"@id\":\"https:\/\/rolla.it\/it\/#organization\",\"name\":\"Rolla Srl lavorazione Meccaniche\",\"url\":\"https:\/\/rolla.it\/it\/\",\"logo\":{\"@type\":\"ImageObject\",\"inLanguage\":\"de\",\"@id\":\"https:\/\/rolla.it\/it\/#\/schema\/logo\/image\/\",\"url\":\"https:\/\/rolla.it\/wp-content\/uploads\/2019\/01\/rolla-metal-technologies.jpg\",\"contentUrl\":\"https:\/\/rolla.it\/wp-content\/uploads\/2019\/01\/rolla-metal-technologies.jpg\",\"width\":1200,\"height\":839,\"caption\":\"Rolla Srl lavorazione Meccaniche\"},\"image\":{\"@id\":\"https:\/\/rolla.it\/it\/#\/schema\/logo\/image\/\"}}]}<\/script>\n<!-- \/ Yoast SEO plugin. -->","yoast_head_json":{"title":"Biegen und Kalandrieren - Metallbau Rolla Srl, Treviso","description":"Unsere Biege- und Kalandriermaschinen beenden die Bearbeitungen der Laserschneideabteilung und gestatten eine au\u00dferordentliche Flexibilit\u00e4t.","robots":{"index":"index","follow":"follow","max-snippet":"max-snippet:-1","max-image-preview":"max-image-preview:large","max-video-preview":"max-video-preview:-1"},"canonical":"https:\/\/rolla.it\/de\/die-bearbeitungen\/biegen-und-kalandrieren\/","og_locale":"de_DE","og_type":"article","og_title":"Biegen und Kalandrieren - Metallbau Rolla Srl, Treviso","og_description":"Unsere Biege- und Kalandriermaschinen beenden die Bearbeitungen der Laserschneideabteilung und gestatten eine au\u00dferordentliche Flexibilit\u00e4t.","og_url":"https:\/\/rolla.it\/de\/die-bearbeitungen\/biegen-und-kalandrieren\/","og_site_name":"Rolla srl","article_modified_time":"2021-04-22T14:36:01+00:00","og_image":[{"width":1920,"height":470,"url":"https:\/\/rolla.it\/wp-content\/uploads\/2019\/01\/rolla-piegatrice.jpg","type":"image\/jpeg"}],"twitter_card":"summary_large_image","twitter_misc":{"Gesch\u00e4tzte Lesezeit":"1\u00a0Minute"},"schema":{"@context":"https:\/\/schema.org","@graph":[{"@type":"WebPage","@id":"https:\/\/rolla.it\/de\/die-bearbeitungen\/biegen-und-kalandrieren\/","url":"https:\/\/rolla.it\/de\/die-bearbeitungen\/biegen-und-kalandrieren\/","name":"Biegen und Kalandrieren - Metallbau Rolla Srl, Treviso","isPartOf":{"@id":"https:\/\/rolla.it\/it\/#website"},"primaryImageOfPage":{"@id":"https:\/\/rolla.it\/de\/die-bearbeitungen\/biegen-und-kalandrieren\/#primaryimage"},"image":{"@id":"https:\/\/rolla.it\/de\/die-bearbeitungen\/biegen-und-kalandrieren\/#primaryimage"},"thumbnailUrl":"https:\/\/rolla.it\/wp-content\/uploads\/2019\/01\/rolla-piegatrice.jpg","datePublished":"2018-12-11T14:30:00+00:00","dateModified":"2021-04-22T14:36:01+00:00","description":"Unsere Biege- und Kalandriermaschinen beenden die Bearbeitungen der Laserschneideabteilung und gestatten eine au\u00dferordentliche Flexibilit\u00e4t.","breadcrumb":{"@id":"https:\/\/rolla.it\/de\/die-bearbeitungen\/biegen-und-kalandrieren\/#breadcrumb"},"inLanguage":"de","potentialAction":[{"@type":"ReadAction","target":["https:\/\/rolla.it\/de\/die-bearbeitungen\/biegen-und-kalandrieren\/"]}]},{"@type":"ImageObject","inLanguage":"de","@id":"https:\/\/rolla.it\/de\/die-bearbeitungen\/biegen-und-kalandrieren\/#primaryimage","url":"https:\/\/rolla.it\/wp-content\/uploads\/2019\/01\/rolla-piegatrice.jpg","contentUrl":"https:\/\/rolla.it\/wp-content\/uploads\/2019\/01\/rolla-piegatrice.jpg","width":1920,"height":470,"caption":"Piegatrice Rolla"},{"@type":"BreadcrumbList","@id":"https:\/\/rolla.it\/de\/die-bearbeitungen\/biegen-und-kalandrieren\/#breadcrumb","itemListElement":[{"@type":"ListItem","position":1,"name":"Home","item":"https:\/\/rolla.it\/de\/"},{"@type":"ListItem","position":2,"name":"Die Bearbeitungen","item":"https:\/\/rolla.it\/de\/die-bearbeitungen\/"},{"@type":"ListItem","position":3,"name":"Biegen und Kalandrieren"}]},{"@type":"WebSite","@id":"https:\/\/rolla.it\/it\/#website","url":"https:\/\/rolla.it\/it\/","name":"Rolla srl","description":"","publisher":{"@id":"https:\/\/rolla.it\/it\/#organization"},"potentialAction":[{"@type":"SearchAction","target":{"@type":"EntryPoint","urlTemplate":"https:\/\/rolla.it\/it\/?s={search_term_string}"},"query-input":{"@type":"PropertyValueSpecification","valueRequired":true,"valueName":"search_term_string"}}],"inLanguage":"de"},{"@type":"Organization","@id":"https:\/\/rolla.it\/it\/#organization","name":"Rolla Srl lavorazione Meccaniche","url":"https:\/\/rolla.it\/it\/","logo":{"@type":"ImageObject","inLanguage":"de","@id":"https:\/\/rolla.it\/it\/#\/schema\/logo\/image\/","url":"https:\/\/rolla.it\/wp-content\/uploads\/2019\/01\/rolla-metal-technologies.jpg","contentUrl":"https:\/\/rolla.it\/wp-content\/uploads\/2019\/01\/rolla-metal-technologies.jpg","width":1200,"height":839,"caption":"Rolla Srl lavorazione Meccaniche"},"image":{"@id":"https:\/\/rolla.it\/it\/#\/schema\/logo\/image\/"}}]}},"_links":{"self":[{"href":"https:\/\/rolla.it\/de\/wp-json\/wp\/v2\/pages\/1654","targetHints":{"allow":["GET"]}}],"collection":[{"href":"https:\/\/rolla.it\/de\/wp-json\/wp\/v2\/pages"}],"about":[{"href":"https:\/\/rolla.it\/de\/wp-json\/wp\/v2\/types\/page"}],"author":[{"embeddable":true,"href":"https:\/\/rolla.it\/de\/wp-json\/wp\/v2\/users\/7"}],"replies":[{"embeddable":true,"href":"https:\/\/rolla.it\/de\/wp-json\/wp\/v2\/comments?post=1654"}],"version-history":[{"count":0,"href":"https:\/\/rolla.it\/de\/wp-json\/wp\/v2\/pages\/1654\/revisions"}],"up":[{"embeddable":true,"href":"https:\/\/rolla.it\/de\/wp-json\/wp\/v2\/pages\/1647"}],"wp:featuredmedia":[{"embeddable":true,"href":"https:\/\/rolla.it\/de\/wp-json\/wp\/v2\/media\/1559"}],"wp:attachment":[{"href":"https:\/\/rolla.it\/de\/wp-json\/wp\/v2\/media?parent=1654"}],"curies":[{"name":"wp","href":"https:\/\/api.w.org\/{rel}","templated":true}]}}