{"id":1650,"date":"2018-12-11T14:07:50","date_gmt":"2018-12-11T14:07:50","guid":{"rendered":"https:\/\/rolla.it\/die-bearbeitungen\/taglio-laser\/"},"modified":"2019-03-04T14:45:49","modified_gmt":"2019-03-04T14:45:49","slug":"laserschneiden","status":"publish","type":"page","link":"https:\/\/rolla.it\/de\/die-bearbeitungen\/laserschneiden\/","title":{"rendered":"Laserschneiden"},"content":{"rendered":"<div class=\"wpb-content-wrapper\"><p>[vc_row css_animation=&#8220;&#8220; row_type=&#8220;row&#8220; use_row_as_full_screen_section=&#8220;no&#8220; type=&#8220;full_width&#8220; angled_section=&#8220;no&#8220; text_align=&#8220;left&#8220; background_image_as_pattern=&#8220;without_pattern&#8220; css=&#8220;.vc_custom_1549546490644{margin-bottom: 70px !important;}&#8220; z_index=&#8220;&#8220;][vc_column][vc_column_text]Die Bearbeitungszentren f\u00fcr den 2D-Laserschnitt nehmen eine strategische Rolle bei jeder mechanischen Bearbeitung ein. Diese Maschinen, die h\u00e4ufig in Kombination mit Gesenkbiegemaschinen und Kalandern benutzt werden, erm\u00f6glichen eine hohe Flexibilit\u00e4t bei der Personalisierung des Produkts.<\/p>\n<p>&nbsp;<\/p>\n<p>Der Maschinenpark f\u00fcr das Laserschneiden ist in zwei bedeutende Technologien gruppiert:<br \/>\n&#8211; Der Glasfaserlaser Salvagnini wird haupts\u00e4chlich f\u00fcr das Schneiden von dicken Platten benutzt. Er kann maximal 3&#215;1,5 m gro\u00dfe und, je nach Material, bis zu 20 mm dicke Metallplatten aus verschiedenen Materialien &#8211; Stahl, Aluminium, Messing und Kupfer &#8211; schneiden;<br \/>\n&#8211; der kombinierte Laser Trumpf wird f\u00fcr Laserbearbeitungen eingesetzt, die mit Stanzbearbeitungen und automatischer Be- und Entladung verbunden sind. Er kann maximal 2,5&#215;1,25 m gro\u00dfe und, je nach Material, bis zu 8 mm dicke Metallplatten aus verschiedenen Materialien &#8211; Stahl oder Aluminium &#8211; schneiden.[\/vc_column_text][\/vc_column][\/vc_row][vc_row css_animation=&#8220;&#8220; row_type=&#8220;row&#8220; use_row_as_full_screen_section=&#8220;no&#8220; type=&#8220;full_width&#8220; angled_section=&#8220;no&#8220; text_align=&#8220;left&#8220; background_image_as_pattern=&#8220;without_pattern&#8220; z_index=&#8220;&#8220; el_class=&#8220;space_img_sidebar&#8220;][vc_column][vc_single_image image=&#8220;784&#8243; img_size=&#8220;full&#8220; qode_css_animation=&#8220;&#8220; css=&#8220;.vc_custom_1548692564171{padding-bottom: 20px !important;}&#8220;][vc_single_image image=&#8220;1138&#8243; img_size=&#8220;full&#8220; qode_css_animation=&#8220;&#8220;][\/vc_column][\/vc_row]<\/p>\n<\/div>","protected":false},"excerpt":{"rendered":"<p>[vc_row css_animation=&#8220;&#8220; row_type=&#8220;row&#8220; use_row_as_full_screen_section=&#8220;no&#8220; type=&#8220;full_width&#8220; angled_section=&#8220;no&#8220; text_align=&#8220;left&#8220; background_image_as_pattern=&#8220;without_pattern&#8220; css=&#8220;.vc_custom_1549546490644{margin-bottom: 70px !important;}&#8220; z_index=&#8220;&#8220;][vc_column][vc_column_text]Die Bearbeitungszentren f\u00fcr den 2D-Laserschnitt nehmen eine strategische Rolle bei jeder mechanischen Bearbeitung ein. Diese Maschinen, die h\u00e4ufig in Kombination mit Gesenkbiegemaschinen und Kalandern benutzt werden, erm\u00f6glichen eine hohe Flexibilit\u00e4t bei der Personalisierung des&#8230;<\/p>\n","protected":false},"author":7,"featured_media":1505,"parent":1647,"menu_order":0,"comment_status":"closed","ping_status":"closed","template":"","meta":{"footnotes":""},"class_list":["post-1650","page","type-page","status-publish","has-post-thumbnail","hentry"],"yoast_head":"<!-- This site is optimized with the Yoast SEO plugin v26.0 - https:\/\/yoast.com\/wordpress\/plugins\/seo\/ -->\n<title>Laserschneiden - Metallbearbeitungen, Rolla Srl<\/title>\n<meta name=\"description\" content=\"Unsere Bearbeitungszentren f\u00fcr den 2D-Laserschnitt nehmen eine strategische Rolle bei jeder mechanischen Bearbeitung ein.\" \/>\n<meta name=\"robots\" content=\"index, follow, max-snippet:-1, max-image-preview:large, max-video-preview:-1\" \/>\n<link rel=\"canonical\" href=\"https:\/\/rolla.it\/de\/die-bearbeitungen\/laserschneiden\/\" \/>\n<meta property=\"og:locale\" content=\"de_DE\" \/>\n<meta property=\"og:type\" content=\"article\" \/>\n<meta property=\"og:title\" content=\"Laserschneiden - Metallbearbeitungen, Rolla Srl\" \/>\n<meta property=\"og:description\" content=\"Unsere Bearbeitungszentren f\u00fcr den 2D-Laserschnitt nehmen eine strategische Rolle bei jeder mechanischen Bearbeitung ein.\" \/>\n<meta property=\"og:url\" content=\"https:\/\/rolla.it\/de\/die-bearbeitungen\/laserschneiden\/\" \/>\n<meta property=\"og:site_name\" content=\"Rolla srl\" \/>\n<meta property=\"article:modified_time\" content=\"2019-03-04T14:45:49+00:00\" \/>\n<meta property=\"og:image\" content=\"https:\/\/rolla.it\/wp-content\/uploads\/2019\/01\/laser-main.jpg\" \/>\n\t<meta property=\"og:image:width\" content=\"1920\" \/>\n\t<meta property=\"og:image:height\" content=\"470\" \/>\n\t<meta property=\"og:image:type\" content=\"image\/jpeg\" \/>\n<meta name=\"twitter:card\" content=\"summary_large_image\" \/>\n<meta name=\"twitter:label1\" content=\"Gesch\u00e4tzte Lesezeit\" \/>\n\t<meta name=\"twitter:data1\" content=\"1\u00a0Minute\" \/>\n<script type=\"application\/ld+json\" class=\"yoast-schema-graph\">{\"@context\":\"https:\/\/schema.org\",\"@graph\":[{\"@type\":\"WebPage\",\"@id\":\"https:\/\/rolla.it\/de\/die-bearbeitungen\/laserschneiden\/\",\"url\":\"https:\/\/rolla.it\/de\/die-bearbeitungen\/laserschneiden\/\",\"name\":\"Laserschneiden - Metallbearbeitungen, Rolla Srl\",\"isPartOf\":{\"@id\":\"https:\/\/rolla.it\/it\/#website\"},\"primaryImageOfPage\":{\"@id\":\"https:\/\/rolla.it\/de\/die-bearbeitungen\/laserschneiden\/#primaryimage\"},\"image\":{\"@id\":\"https:\/\/rolla.it\/de\/die-bearbeitungen\/laserschneiden\/#primaryimage\"},\"thumbnailUrl\":\"https:\/\/rolla.it\/wp-content\/uploads\/2019\/01\/laser-main.jpg\",\"datePublished\":\"2018-12-11T14:07:50+00:00\",\"dateModified\":\"2019-03-04T14:45:49+00:00\",\"description\":\"Unsere Bearbeitungszentren f\u00fcr den 2D-Laserschnitt nehmen eine strategische Rolle bei jeder mechanischen Bearbeitung ein.\",\"breadcrumb\":{\"@id\":\"https:\/\/rolla.it\/de\/die-bearbeitungen\/laserschneiden\/#breadcrumb\"},\"inLanguage\":\"de\",\"potentialAction\":[{\"@type\":\"ReadAction\",\"target\":[\"https:\/\/rolla.it\/de\/die-bearbeitungen\/laserschneiden\/\"]}]},{\"@type\":\"ImageObject\",\"inLanguage\":\"de\",\"@id\":\"https:\/\/rolla.it\/de\/die-bearbeitungen\/laserschneiden\/#primaryimage\",\"url\":\"https:\/\/rolla.it\/wp-content\/uploads\/2019\/01\/laser-main.jpg\",\"contentUrl\":\"https:\/\/rolla.it\/wp-content\/uploads\/2019\/01\/laser-main.jpg\",\"width\":1920,\"height\":470,\"caption\":\"Laser\"},{\"@type\":\"BreadcrumbList\",\"@id\":\"https:\/\/rolla.it\/de\/die-bearbeitungen\/laserschneiden\/#breadcrumb\",\"itemListElement\":[{\"@type\":\"ListItem\",\"position\":1,\"name\":\"Home\",\"item\":\"https:\/\/rolla.it\/de\/\"},{\"@type\":\"ListItem\",\"position\":2,\"name\":\"Die Bearbeitungen\",\"item\":\"https:\/\/rolla.it\/de\/die-bearbeitungen\/\"},{\"@type\":\"ListItem\",\"position\":3,\"name\":\"Laserschneiden\"}]},{\"@type\":\"WebSite\",\"@id\":\"https:\/\/rolla.it\/it\/#website\",\"url\":\"https:\/\/rolla.it\/it\/\",\"name\":\"Rolla srl\",\"description\":\"\",\"publisher\":{\"@id\":\"https:\/\/rolla.it\/it\/#organization\"},\"potentialAction\":[{\"@type\":\"SearchAction\",\"target\":{\"@type\":\"EntryPoint\",\"urlTemplate\":\"https:\/\/rolla.it\/it\/?s={search_term_string}\"},\"query-input\":{\"@type\":\"PropertyValueSpecification\",\"valueRequired\":true,\"valueName\":\"search_term_string\"}}],\"inLanguage\":\"de\"},{\"@type\":\"Organization\",\"@id\":\"https:\/\/rolla.it\/it\/#organization\",\"name\":\"Rolla Srl lavorazione Meccaniche\",\"url\":\"https:\/\/rolla.it\/it\/\",\"logo\":{\"@type\":\"ImageObject\",\"inLanguage\":\"de\",\"@id\":\"https:\/\/rolla.it\/it\/#\/schema\/logo\/image\/\",\"url\":\"https:\/\/rolla.it\/wp-content\/uploads\/2019\/01\/rolla-metal-technologies.jpg\",\"contentUrl\":\"https:\/\/rolla.it\/wp-content\/uploads\/2019\/01\/rolla-metal-technologies.jpg\",\"width\":1200,\"height\":839,\"caption\":\"Rolla Srl lavorazione Meccaniche\"},\"image\":{\"@id\":\"https:\/\/rolla.it\/it\/#\/schema\/logo\/image\/\"}}]}<\/script>\n<!-- \/ Yoast SEO plugin. -->","yoast_head_json":{"title":"Laserschneiden - Metallbearbeitungen, Rolla Srl","description":"Unsere Bearbeitungszentren f\u00fcr den 2D-Laserschnitt nehmen eine strategische Rolle bei jeder mechanischen Bearbeitung ein.","robots":{"index":"index","follow":"follow","max-snippet":"max-snippet:-1","max-image-preview":"max-image-preview:large","max-video-preview":"max-video-preview:-1"},"canonical":"https:\/\/rolla.it\/de\/die-bearbeitungen\/laserschneiden\/","og_locale":"de_DE","og_type":"article","og_title":"Laserschneiden - Metallbearbeitungen, Rolla Srl","og_description":"Unsere Bearbeitungszentren f\u00fcr den 2D-Laserschnitt nehmen eine strategische Rolle bei jeder mechanischen Bearbeitung ein.","og_url":"https:\/\/rolla.it\/de\/die-bearbeitungen\/laserschneiden\/","og_site_name":"Rolla srl","article_modified_time":"2019-03-04T14:45:49+00:00","og_image":[{"width":1920,"height":470,"url":"https:\/\/rolla.it\/wp-content\/uploads\/2019\/01\/laser-main.jpg","type":"image\/jpeg"}],"twitter_card":"summary_large_image","twitter_misc":{"Gesch\u00e4tzte Lesezeit":"1\u00a0Minute"},"schema":{"@context":"https:\/\/schema.org","@graph":[{"@type":"WebPage","@id":"https:\/\/rolla.it\/de\/die-bearbeitungen\/laserschneiden\/","url":"https:\/\/rolla.it\/de\/die-bearbeitungen\/laserschneiden\/","name":"Laserschneiden - Metallbearbeitungen, Rolla Srl","isPartOf":{"@id":"https:\/\/rolla.it\/it\/#website"},"primaryImageOfPage":{"@id":"https:\/\/rolla.it\/de\/die-bearbeitungen\/laserschneiden\/#primaryimage"},"image":{"@id":"https:\/\/rolla.it\/de\/die-bearbeitungen\/laserschneiden\/#primaryimage"},"thumbnailUrl":"https:\/\/rolla.it\/wp-content\/uploads\/2019\/01\/laser-main.jpg","datePublished":"2018-12-11T14:07:50+00:00","dateModified":"2019-03-04T14:45:49+00:00","description":"Unsere Bearbeitungszentren f\u00fcr den 2D-Laserschnitt nehmen eine strategische Rolle bei jeder mechanischen Bearbeitung ein.","breadcrumb":{"@id":"https:\/\/rolla.it\/de\/die-bearbeitungen\/laserschneiden\/#breadcrumb"},"inLanguage":"de","potentialAction":[{"@type":"ReadAction","target":["https:\/\/rolla.it\/de\/die-bearbeitungen\/laserschneiden\/"]}]},{"@type":"ImageObject","inLanguage":"de","@id":"https:\/\/rolla.it\/de\/die-bearbeitungen\/laserschneiden\/#primaryimage","url":"https:\/\/rolla.it\/wp-content\/uploads\/2019\/01\/laser-main.jpg","contentUrl":"https:\/\/rolla.it\/wp-content\/uploads\/2019\/01\/laser-main.jpg","width":1920,"height":470,"caption":"Laser"},{"@type":"BreadcrumbList","@id":"https:\/\/rolla.it\/de\/die-bearbeitungen\/laserschneiden\/#breadcrumb","itemListElement":[{"@type":"ListItem","position":1,"name":"Home","item":"https:\/\/rolla.it\/de\/"},{"@type":"ListItem","position":2,"name":"Die Bearbeitungen","item":"https:\/\/rolla.it\/de\/die-bearbeitungen\/"},{"@type":"ListItem","position":3,"name":"Laserschneiden"}]},{"@type":"WebSite","@id":"https:\/\/rolla.it\/it\/#website","url":"https:\/\/rolla.it\/it\/","name":"Rolla srl","description":"","publisher":{"@id":"https:\/\/rolla.it\/it\/#organization"},"potentialAction":[{"@type":"SearchAction","target":{"@type":"EntryPoint","urlTemplate":"https:\/\/rolla.it\/it\/?s={search_term_string}"},"query-input":{"@type":"PropertyValueSpecification","valueRequired":true,"valueName":"search_term_string"}}],"inLanguage":"de"},{"@type":"Organization","@id":"https:\/\/rolla.it\/it\/#organization","name":"Rolla Srl lavorazione Meccaniche","url":"https:\/\/rolla.it\/it\/","logo":{"@type":"ImageObject","inLanguage":"de","@id":"https:\/\/rolla.it\/it\/#\/schema\/logo\/image\/","url":"https:\/\/rolla.it\/wp-content\/uploads\/2019\/01\/rolla-metal-technologies.jpg","contentUrl":"https:\/\/rolla.it\/wp-content\/uploads\/2019\/01\/rolla-metal-technologies.jpg","width":1200,"height":839,"caption":"Rolla Srl lavorazione Meccaniche"},"image":{"@id":"https:\/\/rolla.it\/it\/#\/schema\/logo\/image\/"}}]}},"_links":{"self":[{"href":"https:\/\/rolla.it\/de\/wp-json\/wp\/v2\/pages\/1650","targetHints":{"allow":["GET"]}}],"collection":[{"href":"https:\/\/rolla.it\/de\/wp-json\/wp\/v2\/pages"}],"about":[{"href":"https:\/\/rolla.it\/de\/wp-json\/wp\/v2\/types\/page"}],"author":[{"embeddable":true,"href":"https:\/\/rolla.it\/de\/wp-json\/wp\/v2\/users\/7"}],"replies":[{"embeddable":true,"href":"https:\/\/rolla.it\/de\/wp-json\/wp\/v2\/comments?post=1650"}],"version-history":[{"count":0,"href":"https:\/\/rolla.it\/de\/wp-json\/wp\/v2\/pages\/1650\/revisions"}],"up":[{"embeddable":true,"href":"https:\/\/rolla.it\/de\/wp-json\/wp\/v2\/pages\/1647"}],"wp:featuredmedia":[{"embeddable":true,"href":"https:\/\/rolla.it\/de\/wp-json\/wp\/v2\/media\/1505"}],"wp:attachment":[{"href":"https:\/\/rolla.it\/de\/wp-json\/wp\/v2\/media?parent=1650"}],"curies":[{"name":"wp","href":"https:\/\/api.w.org\/{rel}","templated":true}]}}