{"id":1647,"date":"2017-10-31T12:27:40","date_gmt":"2017-10-31T12:27:40","guid":{"rendered":"https:\/\/rolla.it\/lavorazioni\/"},"modified":"2019-03-04T14:34:31","modified_gmt":"2019-03-04T14:34:31","slug":"die-bearbeitungen","status":"publish","type":"page","link":"https:\/\/rolla.it\/de\/die-bearbeitungen\/","title":{"rendered":"Die Bearbeitungen"},"content":{"rendered":"<div class=\"wpb-content-wrapper\"><p>[vc_row css_animation=&#8220;&#8220; row_type=&#8220;row&#8220; use_row_as_full_screen_section=&#8220;no&#8220; type=&#8220;grid&#8220; angled_section=&#8220;no&#8220; text_align=&#8220;left&#8220; background_image_as_pattern=&#8220;without_pattern&#8220; z_index=&#8220;&#8220; el_class=&#8220;space-mobile2&#8243;][vc_column][vc_column_text el_class=&#8220;title-servizi&#8220;]<\/p>\n<h2>Die Bearbeitungen<\/h2>\n<p>[\/vc_column_text][vc_empty_space height=&#8220;20px&#8220;][vc_column_text]Die Firma Rolla verf\u00fcgt \u00fcber Erfahrung und Technologien f\u00fcr die Bearbeitung von Aluminium, Kupfer, Stahl und Messing. Durch die Optimierung der Produktionsprozesse k\u00f6nnen wir eine hohe Qualit\u00e4t des fertigen Produkts garantieren und einen kompletten und konkurrenzf\u00e4higen Dienst anbieten.[\/vc_column_text][\/vc_column][\/vc_row]<\/p>\n<\/div>","protected":false},"excerpt":{"rendered":"<p>[vc_row css_animation=&#8220;&#8220; row_type=&#8220;row&#8220; use_row_as_full_screen_section=&#8220;no&#8220; type=&#8220;grid&#8220; angled_section=&#8220;no&#8220; text_align=&#8220;left&#8220; background_image_as_pattern=&#8220;without_pattern&#8220; z_index=&#8220;&#8220; el_class=&#8220;space-mobile2&#8243;][vc_column][vc_column_text el_class=&#8220;title-servizi&#8220;] Die Bearbeitungen [\/vc_column_text][vc_empty_space height=&#8220;20px&#8220;][vc_column_text]Die Firma Rolla verf\u00fcgt \u00fcber Erfahrung und Technologien f\u00fcr die Bearbeitung von Aluminium, Kupfer, Stahl und Messing. Durch die Optimierung der Produktionsprozesse k\u00f6nnen wir eine hohe Qualit\u00e4t des fertigen Produkts garantieren&#8230;<\/p>\n","protected":false},"author":7,"featured_media":0,"parent":0,"menu_order":3,"comment_status":"closed","ping_status":"closed","template":"lavorazioni.php","meta":{"footnotes":""},"class_list":["post-1647","page","type-page","status-publish","hentry"],"yoast_head":"<!-- This site is optimized with the Yoast SEO plugin v26.0 - https:\/\/yoast.com\/wordpress\/plugins\/seo\/ -->\n<title>Blechbearbeitungen f\u00fcr den Beleuchtungs- und Komponentensektor - Rolla Srl<\/title>\n<meta name=\"description\" content=\"Die Firma Rolla verf\u00fcgt \u00fcber Erfahrung und Technologien f\u00fcr die Bearbeitung von Aluminium, Kupfer, Stahl und Messing.\" \/>\n<meta name=\"robots\" content=\"index, follow, max-snippet:-1, max-image-preview:large, max-video-preview:-1\" \/>\n<link rel=\"canonical\" href=\"https:\/\/rolla.it\/de\/die-bearbeitungen\/\" \/>\n<meta property=\"og:locale\" content=\"de_DE\" \/>\n<meta property=\"og:type\" content=\"article\" \/>\n<meta property=\"og:title\" content=\"Blechbearbeitungen f\u00fcr den Beleuchtungs- und Komponentensektor - Rolla Srl\" \/>\n<meta property=\"og:description\" content=\"Die Firma Rolla verf\u00fcgt \u00fcber Erfahrung und Technologien f\u00fcr die Bearbeitung von Aluminium, Kupfer, Stahl und Messing.\" \/>\n<meta property=\"og:url\" content=\"https:\/\/rolla.it\/de\/die-bearbeitungen\/\" \/>\n<meta property=\"og:site_name\" content=\"Rolla srl\" \/>\n<meta property=\"article:modified_time\" content=\"2019-03-04T14:34:31+00:00\" \/>\n<meta name=\"twitter:card\" content=\"summary_large_image\" \/>\n<meta name=\"twitter:label1\" content=\"Gesch\u00e4tzte Lesezeit\" \/>\n\t<meta name=\"twitter:data1\" content=\"1\u00a0Minute\" \/>\n<script type=\"application\/ld+json\" class=\"yoast-schema-graph\">{\"@context\":\"https:\/\/schema.org\",\"@graph\":[{\"@type\":\"WebPage\",\"@id\":\"https:\/\/rolla.it\/de\/die-bearbeitungen\/\",\"url\":\"https:\/\/rolla.it\/de\/die-bearbeitungen\/\",\"name\":\"Blechbearbeitungen f\u00fcr den Beleuchtungs- und Komponentensektor - Rolla Srl\",\"isPartOf\":{\"@id\":\"https:\/\/rolla.it\/it\/#website\"},\"datePublished\":\"2017-10-31T12:27:40+00:00\",\"dateModified\":\"2019-03-04T14:34:31+00:00\",\"description\":\"Die Firma Rolla verf\u00fcgt \u00fcber Erfahrung und Technologien f\u00fcr die Bearbeitung von Aluminium, Kupfer, Stahl und Messing.\",\"breadcrumb\":{\"@id\":\"https:\/\/rolla.it\/de\/die-bearbeitungen\/#breadcrumb\"},\"inLanguage\":\"de\",\"potentialAction\":[{\"@type\":\"ReadAction\",\"target\":[\"https:\/\/rolla.it\/de\/die-bearbeitungen\/\"]}]},{\"@type\":\"BreadcrumbList\",\"@id\":\"https:\/\/rolla.it\/de\/die-bearbeitungen\/#breadcrumb\",\"itemListElement\":[{\"@type\":\"ListItem\",\"position\":1,\"name\":\"Home\",\"item\":\"https:\/\/rolla.it\/de\/\"},{\"@type\":\"ListItem\",\"position\":2,\"name\":\"Die Bearbeitungen\"}]},{\"@type\":\"WebSite\",\"@id\":\"https:\/\/rolla.it\/it\/#website\",\"url\":\"https:\/\/rolla.it\/it\/\",\"name\":\"Rolla srl\",\"description\":\"\",\"publisher\":{\"@id\":\"https:\/\/rolla.it\/it\/#organization\"},\"potentialAction\":[{\"@type\":\"SearchAction\",\"target\":{\"@type\":\"EntryPoint\",\"urlTemplate\":\"https:\/\/rolla.it\/it\/?s={search_term_string}\"},\"query-input\":{\"@type\":\"PropertyValueSpecification\",\"valueRequired\":true,\"valueName\":\"search_term_string\"}}],\"inLanguage\":\"de\"},{\"@type\":\"Organization\",\"@id\":\"https:\/\/rolla.it\/it\/#organization\",\"name\":\"Rolla Srl lavorazione Meccaniche\",\"url\":\"https:\/\/rolla.it\/it\/\",\"logo\":{\"@type\":\"ImageObject\",\"inLanguage\":\"de\",\"@id\":\"https:\/\/rolla.it\/it\/#\/schema\/logo\/image\/\",\"url\":\"https:\/\/rolla.it\/wp-content\/uploads\/2019\/01\/rolla-metal-technologies.jpg\",\"contentUrl\":\"https:\/\/rolla.it\/wp-content\/uploads\/2019\/01\/rolla-metal-technologies.jpg\",\"width\":1200,\"height\":839,\"caption\":\"Rolla Srl lavorazione Meccaniche\"},\"image\":{\"@id\":\"https:\/\/rolla.it\/it\/#\/schema\/logo\/image\/\"}}]}<\/script>\n<!-- \/ Yoast SEO plugin. -->","yoast_head_json":{"title":"Blechbearbeitungen f\u00fcr den Beleuchtungs- und Komponentensektor - Rolla Srl","description":"Die Firma Rolla verf\u00fcgt \u00fcber Erfahrung und Technologien f\u00fcr die Bearbeitung von Aluminium, Kupfer, Stahl und Messing.","robots":{"index":"index","follow":"follow","max-snippet":"max-snippet:-1","max-image-preview":"max-image-preview:large","max-video-preview":"max-video-preview:-1"},"canonical":"https:\/\/rolla.it\/de\/die-bearbeitungen\/","og_locale":"de_DE","og_type":"article","og_title":"Blechbearbeitungen f\u00fcr den Beleuchtungs- und Komponentensektor - Rolla Srl","og_description":"Die Firma Rolla verf\u00fcgt \u00fcber Erfahrung und Technologien f\u00fcr die Bearbeitung von Aluminium, Kupfer, Stahl und Messing.","og_url":"https:\/\/rolla.it\/de\/die-bearbeitungen\/","og_site_name":"Rolla srl","article_modified_time":"2019-03-04T14:34:31+00:00","twitter_card":"summary_large_image","twitter_misc":{"Gesch\u00e4tzte Lesezeit":"1\u00a0Minute"},"schema":{"@context":"https:\/\/schema.org","@graph":[{"@type":"WebPage","@id":"https:\/\/rolla.it\/de\/die-bearbeitungen\/","url":"https:\/\/rolla.it\/de\/die-bearbeitungen\/","name":"Blechbearbeitungen f\u00fcr den Beleuchtungs- und Komponentensektor - Rolla Srl","isPartOf":{"@id":"https:\/\/rolla.it\/it\/#website"},"datePublished":"2017-10-31T12:27:40+00:00","dateModified":"2019-03-04T14:34:31+00:00","description":"Die Firma Rolla verf\u00fcgt \u00fcber Erfahrung und Technologien f\u00fcr die Bearbeitung von Aluminium, Kupfer, Stahl und Messing.","breadcrumb":{"@id":"https:\/\/rolla.it\/de\/die-bearbeitungen\/#breadcrumb"},"inLanguage":"de","potentialAction":[{"@type":"ReadAction","target":["https:\/\/rolla.it\/de\/die-bearbeitungen\/"]}]},{"@type":"BreadcrumbList","@id":"https:\/\/rolla.it\/de\/die-bearbeitungen\/#breadcrumb","itemListElement":[{"@type":"ListItem","position":1,"name":"Home","item":"https:\/\/rolla.it\/de\/"},{"@type":"ListItem","position":2,"name":"Die Bearbeitungen"}]},{"@type":"WebSite","@id":"https:\/\/rolla.it\/it\/#website","url":"https:\/\/rolla.it\/it\/","name":"Rolla srl","description":"","publisher":{"@id":"https:\/\/rolla.it\/it\/#organization"},"potentialAction":[{"@type":"SearchAction","target":{"@type":"EntryPoint","urlTemplate":"https:\/\/rolla.it\/it\/?s={search_term_string}"},"query-input":{"@type":"PropertyValueSpecification","valueRequired":true,"valueName":"search_term_string"}}],"inLanguage":"de"},{"@type":"Organization","@id":"https:\/\/rolla.it\/it\/#organization","name":"Rolla Srl lavorazione Meccaniche","url":"https:\/\/rolla.it\/it\/","logo":{"@type":"ImageObject","inLanguage":"de","@id":"https:\/\/rolla.it\/it\/#\/schema\/logo\/image\/","url":"https:\/\/rolla.it\/wp-content\/uploads\/2019\/01\/rolla-metal-technologies.jpg","contentUrl":"https:\/\/rolla.it\/wp-content\/uploads\/2019\/01\/rolla-metal-technologies.jpg","width":1200,"height":839,"caption":"Rolla Srl lavorazione Meccaniche"},"image":{"@id":"https:\/\/rolla.it\/it\/#\/schema\/logo\/image\/"}}]}},"_links":{"self":[{"href":"https:\/\/rolla.it\/de\/wp-json\/wp\/v2\/pages\/1647","targetHints":{"allow":["GET"]}}],"collection":[{"href":"https:\/\/rolla.it\/de\/wp-json\/wp\/v2\/pages"}],"about":[{"href":"https:\/\/rolla.it\/de\/wp-json\/wp\/v2\/types\/page"}],"author":[{"embeddable":true,"href":"https:\/\/rolla.it\/de\/wp-json\/wp\/v2\/users\/7"}],"replies":[{"embeddable":true,"href":"https:\/\/rolla.it\/de\/wp-json\/wp\/v2\/comments?post=1647"}],"version-history":[{"count":0,"href":"https:\/\/rolla.it\/de\/wp-json\/wp\/v2\/pages\/1647\/revisions"}],"wp:attachment":[{"href":"https:\/\/rolla.it\/de\/wp-json\/wp\/v2\/media?parent=1647"}],"curies":[{"name":"wp","href":"https:\/\/api.w.org\/{rel}","templated":true}]}}