{"id":1642,"date":"2018-12-11T13:49:57","date_gmt":"2018-12-11T13:49:57","guid":{"rendered":"https:\/\/rolla.it\/azienda\/produzione\/"},"modified":"2024-07-02T08:26:29","modified_gmt":"2024-07-02T08:26:29","slug":"produktion","status":"publish","type":"page","link":"https:\/\/rolla.it\/de\/unternehmen\/produktion\/","title":{"rendered":"Produktion"},"content":{"rendered":"<div class=\"wpb-content-wrapper\"><p>[vc_row css_animation=&#8220;&#8220; row_type=&#8220;row&#8220; use_row_as_full_screen_section=&#8220;no&#8220; type=&#8220;grid&#8220; angled_section=&#8220;no&#8220; text_align=&#8220;left&#8220; background_image_as_pattern=&#8220;without_pattern&#8220; css=&#8220;.vc_custom_1549538173324{background-color: #f0f0f0 !important;}&#8220; el_class=&#8220;space-mobile&#8220; z_index=&#8220;&#8220;][vc_column][qode_elements_holder number_of_columns=&#8220;two_columns&#8220; switch_to_one_column=&#8220;1000&#8243;][qode_elements_holder_item item_padding=&#8220;0 50px 50px 0px&#8220; advanced_animations=&#8220;no&#8220; item_padding_1280_1440=&#8220;0 25px 130px 0px&#8220; item_padding_1024_1280=&#8220;0 25px 50px 0px&#8220; item_padding_600_768=&#8220;40px 0px 40px 0px&#8220; item_padding_480_600=&#8220;40px 0px 40px 0px&#8220; item_padding_480=&#8220;76px 0px 76px 0px&#8220;][vc_column_text el_class=&#8220;title-servizi&#8220;]<\/p>\n<h2>Ma\u00dfgeschneiderter Ansatz<\/h2>\n<p>[\/vc_column_text][vc_empty_space height=&#8220;15px&#8220;][vc_column_text]F\u00fcr uns ist jedes Projekt einzigartig und entsteht aus der Analyse der spezifischen Anfragen des Kunden. Die Zusammenarbeit beginnt bei der Entwurfsphase, w\u00e4hrend der jeder Teil der Produktion analysieren und optimieren wird, um eine hohe Qualit\u00e4t im Vergleich zu den spezifischen Anforderungen zu gew\u00e4hrleisten und die Produktionskosten pr\u00e4zise zu optimieren.[\/vc_column_text][\/qode_elements_holder_item][qode_elements_holder_item advanced_animations=&#8220;no&#8220; item_padding_600_768=&#8220;0px 0px 60px 0px&#8220; item_padding_480_600=&#8220;0px 0px 40px 0px&#8220; item_padding_480=&#8220;0px 0px 76px 0px&#8220;][vc_single_image image=&#8220;2346&#8243; img_size=&#8220;full&#8220; qode_css_animation=&#8220;&#8220;][\/qode_elements_holder_item][\/qode_elements_holder][\/vc_column][\/vc_row]<\/p>\n<\/div>","protected":false},"excerpt":{"rendered":"<p>[vc_row css_animation=&#8220;&#8220; row_type=&#8220;row&#8220; use_row_as_full_screen_section=&#8220;no&#8220; type=&#8220;grid&#8220; angled_section=&#8220;no&#8220; text_align=&#8220;left&#8220; background_image_as_pattern=&#8220;without_pattern&#8220; css=&#8220;.vc_custom_1549538173324{background-color: #f0f0f0 !important;}&#8220; el_class=&#8220;space-mobile&#8220; z_index=&#8220;&#8220;][vc_column][qode_elements_holder number_of_columns=&#8220;two_columns&#8220; switch_to_one_column=&#8220;1000&#8243;][qode_elements_holder_item item_padding=&#8220;0 50px 50px 0px&#8220; advanced_animations=&#8220;no&#8220; item_padding_1280_1440=&#8220;0 25px 130px 0px&#8220; item_padding_1024_1280=&#8220;0 25px 50px 0px&#8220; item_padding_600_768=&#8220;40px 0px 40px 0px&#8220; item_padding_480_600=&#8220;40px 0px 40px 0px&#8220; item_padding_480=&#8220;76px 0px 76px 0px&#8220;][vc_column_text el_class=&#8220;title-servizi&#8220;] Ma\u00dfgeschneiderter Ansatz [\/vc_column_text][vc_empty_space height=&#8220;15px&#8220;][vc_column_text]F\u00fcr&#8230;<\/p>\n","protected":false},"author":7,"featured_media":1515,"parent":1638,"menu_order":1,"comment_status":"closed","ping_status":"closed","template":"full_width.php","meta":{"footnotes":""},"class_list":["post-1642","page","type-page","status-publish","has-post-thumbnail","hentry"],"yoast_head":"<!-- This site is optimized with the Yoast SEO plugin v26.0 - https:\/\/yoast.com\/wordpress\/plugins\/seo\/ -->\n<title>Produktion - Metallbau Rolla Srl, Treviso<\/title>\n<meta name=\"description\" content=\"F\u00fcr uns ist jedes Projekt einzigartig und entsteht aus der Analyse der spezifischen Anfragen des Kunden. Die Zusammenarbeit beginnt bei der Entwurfsphase.\" \/>\n<meta name=\"robots\" content=\"index, follow, max-snippet:-1, max-image-preview:large, max-video-preview:-1\" \/>\n<link rel=\"canonical\" href=\"https:\/\/rolla.it\/de\/unternehmen\/produktion\/\" \/>\n<meta property=\"og:locale\" content=\"de_DE\" \/>\n<meta property=\"og:type\" content=\"article\" \/>\n<meta property=\"og:title\" content=\"Produktion - Metallbau Rolla Srl, Treviso\" \/>\n<meta property=\"og:description\" content=\"F\u00fcr uns ist jedes Projekt einzigartig und entsteht aus der Analyse der spezifischen Anfragen des Kunden. Die Zusammenarbeit beginnt bei der Entwurfsphase.\" \/>\n<meta property=\"og:url\" content=\"https:\/\/rolla.it\/de\/unternehmen\/produktion\/\" \/>\n<meta property=\"og:site_name\" content=\"Rolla srl\" \/>\n<meta property=\"article:modified_time\" content=\"2024-07-02T08:26:29+00:00\" \/>\n<meta property=\"og:image\" content=\"https:\/\/rolla.it\/wp-content\/uploads\/2019\/01\/lavorazioni-main.jpg\" \/>\n\t<meta property=\"og:image:width\" content=\"1920\" \/>\n\t<meta property=\"og:image:height\" content=\"470\" \/>\n\t<meta property=\"og:image:type\" content=\"image\/jpeg\" \/>\n<meta name=\"twitter:card\" content=\"summary_large_image\" \/>\n<meta name=\"twitter:label1\" content=\"Gesch\u00e4tzte Lesezeit\" \/>\n\t<meta name=\"twitter:data1\" content=\"1\u00a0Minute\" \/>\n<script type=\"application\/ld+json\" class=\"yoast-schema-graph\">{\"@context\":\"https:\/\/schema.org\",\"@graph\":[{\"@type\":\"WebPage\",\"@id\":\"https:\/\/rolla.it\/de\/unternehmen\/produktion\/\",\"url\":\"https:\/\/rolla.it\/de\/unternehmen\/produktion\/\",\"name\":\"Produktion - Metallbau Rolla Srl, Treviso\",\"isPartOf\":{\"@id\":\"https:\/\/rolla.it\/it\/#website\"},\"primaryImageOfPage\":{\"@id\":\"https:\/\/rolla.it\/de\/unternehmen\/produktion\/#primaryimage\"},\"image\":{\"@id\":\"https:\/\/rolla.it\/de\/unternehmen\/produktion\/#primaryimage\"},\"thumbnailUrl\":\"https:\/\/rolla.it\/wp-content\/uploads\/2019\/01\/lavorazioni-main.jpg\",\"datePublished\":\"2018-12-11T13:49:57+00:00\",\"dateModified\":\"2024-07-02T08:26:29+00:00\",\"description\":\"F\u00fcr uns ist jedes Projekt einzigartig und entsteht aus der Analyse der spezifischen Anfragen des Kunden. Die Zusammenarbeit beginnt bei der Entwurfsphase.\",\"breadcrumb\":{\"@id\":\"https:\/\/rolla.it\/de\/unternehmen\/produktion\/#breadcrumb\"},\"inLanguage\":\"de\",\"potentialAction\":[{\"@type\":\"ReadAction\",\"target\":[\"https:\/\/rolla.it\/de\/unternehmen\/produktion\/\"]}]},{\"@type\":\"ImageObject\",\"inLanguage\":\"de\",\"@id\":\"https:\/\/rolla.it\/de\/unternehmen\/produktion\/#primaryimage\",\"url\":\"https:\/\/rolla.it\/wp-content\/uploads\/2019\/01\/lavorazioni-main.jpg\",\"contentUrl\":\"https:\/\/rolla.it\/wp-content\/uploads\/2019\/01\/lavorazioni-main.jpg\",\"width\":1920,\"height\":470,\"caption\":\"Lavorazioni\"},{\"@type\":\"BreadcrumbList\",\"@id\":\"https:\/\/rolla.it\/de\/unternehmen\/produktion\/#breadcrumb\",\"itemListElement\":[{\"@type\":\"ListItem\",\"position\":1,\"name\":\"Home\",\"item\":\"https:\/\/rolla.it\/de\/\"},{\"@type\":\"ListItem\",\"position\":2,\"name\":\"Unternehmen\",\"item\":\"https:\/\/rolla.it\/de\/unternehmen\/\"},{\"@type\":\"ListItem\",\"position\":3,\"name\":\"Produktion\"}]},{\"@type\":\"WebSite\",\"@id\":\"https:\/\/rolla.it\/it\/#website\",\"url\":\"https:\/\/rolla.it\/it\/\",\"name\":\"Rolla srl\",\"description\":\"\",\"publisher\":{\"@id\":\"https:\/\/rolla.it\/it\/#organization\"},\"potentialAction\":[{\"@type\":\"SearchAction\",\"target\":{\"@type\":\"EntryPoint\",\"urlTemplate\":\"https:\/\/rolla.it\/it\/?s={search_term_string}\"},\"query-input\":{\"@type\":\"PropertyValueSpecification\",\"valueRequired\":true,\"valueName\":\"search_term_string\"}}],\"inLanguage\":\"de\"},{\"@type\":\"Organization\",\"@id\":\"https:\/\/rolla.it\/it\/#organization\",\"name\":\"Rolla Srl lavorazione Meccaniche\",\"url\":\"https:\/\/rolla.it\/it\/\",\"logo\":{\"@type\":\"ImageObject\",\"inLanguage\":\"de\",\"@id\":\"https:\/\/rolla.it\/it\/#\/schema\/logo\/image\/\",\"url\":\"https:\/\/rolla.it\/wp-content\/uploads\/2019\/01\/rolla-metal-technologies.jpg\",\"contentUrl\":\"https:\/\/rolla.it\/wp-content\/uploads\/2019\/01\/rolla-metal-technologies.jpg\",\"width\":1200,\"height\":839,\"caption\":\"Rolla Srl lavorazione Meccaniche\"},\"image\":{\"@id\":\"https:\/\/rolla.it\/it\/#\/schema\/logo\/image\/\"}}]}<\/script>\n<!-- \/ Yoast SEO plugin. -->","yoast_head_json":{"title":"Produktion - Metallbau Rolla Srl, Treviso","description":"F\u00fcr uns ist jedes Projekt einzigartig und entsteht aus der Analyse der spezifischen Anfragen des Kunden. Die Zusammenarbeit beginnt bei der Entwurfsphase.","robots":{"index":"index","follow":"follow","max-snippet":"max-snippet:-1","max-image-preview":"max-image-preview:large","max-video-preview":"max-video-preview:-1"},"canonical":"https:\/\/rolla.it\/de\/unternehmen\/produktion\/","og_locale":"de_DE","og_type":"article","og_title":"Produktion - Metallbau Rolla Srl, Treviso","og_description":"F\u00fcr uns ist jedes Projekt einzigartig und entsteht aus der Analyse der spezifischen Anfragen des Kunden. Die Zusammenarbeit beginnt bei der Entwurfsphase.","og_url":"https:\/\/rolla.it\/de\/unternehmen\/produktion\/","og_site_name":"Rolla srl","article_modified_time":"2024-07-02T08:26:29+00:00","og_image":[{"width":1920,"height":470,"url":"https:\/\/rolla.it\/wp-content\/uploads\/2019\/01\/lavorazioni-main.jpg","type":"image\/jpeg"}],"twitter_card":"summary_large_image","twitter_misc":{"Gesch\u00e4tzte Lesezeit":"1\u00a0Minute"},"schema":{"@context":"https:\/\/schema.org","@graph":[{"@type":"WebPage","@id":"https:\/\/rolla.it\/de\/unternehmen\/produktion\/","url":"https:\/\/rolla.it\/de\/unternehmen\/produktion\/","name":"Produktion - Metallbau Rolla Srl, Treviso","isPartOf":{"@id":"https:\/\/rolla.it\/it\/#website"},"primaryImageOfPage":{"@id":"https:\/\/rolla.it\/de\/unternehmen\/produktion\/#primaryimage"},"image":{"@id":"https:\/\/rolla.it\/de\/unternehmen\/produktion\/#primaryimage"},"thumbnailUrl":"https:\/\/rolla.it\/wp-content\/uploads\/2019\/01\/lavorazioni-main.jpg","datePublished":"2018-12-11T13:49:57+00:00","dateModified":"2024-07-02T08:26:29+00:00","description":"F\u00fcr uns ist jedes Projekt einzigartig und entsteht aus der Analyse der spezifischen Anfragen des Kunden. Die Zusammenarbeit beginnt bei der Entwurfsphase.","breadcrumb":{"@id":"https:\/\/rolla.it\/de\/unternehmen\/produktion\/#breadcrumb"},"inLanguage":"de","potentialAction":[{"@type":"ReadAction","target":["https:\/\/rolla.it\/de\/unternehmen\/produktion\/"]}]},{"@type":"ImageObject","inLanguage":"de","@id":"https:\/\/rolla.it\/de\/unternehmen\/produktion\/#primaryimage","url":"https:\/\/rolla.it\/wp-content\/uploads\/2019\/01\/lavorazioni-main.jpg","contentUrl":"https:\/\/rolla.it\/wp-content\/uploads\/2019\/01\/lavorazioni-main.jpg","width":1920,"height":470,"caption":"Lavorazioni"},{"@type":"BreadcrumbList","@id":"https:\/\/rolla.it\/de\/unternehmen\/produktion\/#breadcrumb","itemListElement":[{"@type":"ListItem","position":1,"name":"Home","item":"https:\/\/rolla.it\/de\/"},{"@type":"ListItem","position":2,"name":"Unternehmen","item":"https:\/\/rolla.it\/de\/unternehmen\/"},{"@type":"ListItem","position":3,"name":"Produktion"}]},{"@type":"WebSite","@id":"https:\/\/rolla.it\/it\/#website","url":"https:\/\/rolla.it\/it\/","name":"Rolla srl","description":"","publisher":{"@id":"https:\/\/rolla.it\/it\/#organization"},"potentialAction":[{"@type":"SearchAction","target":{"@type":"EntryPoint","urlTemplate":"https:\/\/rolla.it\/it\/?s={search_term_string}"},"query-input":{"@type":"PropertyValueSpecification","valueRequired":true,"valueName":"search_term_string"}}],"inLanguage":"de"},{"@type":"Organization","@id":"https:\/\/rolla.it\/it\/#organization","name":"Rolla Srl lavorazione Meccaniche","url":"https:\/\/rolla.it\/it\/","logo":{"@type":"ImageObject","inLanguage":"de","@id":"https:\/\/rolla.it\/it\/#\/schema\/logo\/image\/","url":"https:\/\/rolla.it\/wp-content\/uploads\/2019\/01\/rolla-metal-technologies.jpg","contentUrl":"https:\/\/rolla.it\/wp-content\/uploads\/2019\/01\/rolla-metal-technologies.jpg","width":1200,"height":839,"caption":"Rolla Srl lavorazione Meccaniche"},"image":{"@id":"https:\/\/rolla.it\/it\/#\/schema\/logo\/image\/"}}]}},"_links":{"self":[{"href":"https:\/\/rolla.it\/de\/wp-json\/wp\/v2\/pages\/1642","targetHints":{"allow":["GET"]}}],"collection":[{"href":"https:\/\/rolla.it\/de\/wp-json\/wp\/v2\/pages"}],"about":[{"href":"https:\/\/rolla.it\/de\/wp-json\/wp\/v2\/types\/page"}],"author":[{"embeddable":true,"href":"https:\/\/rolla.it\/de\/wp-json\/wp\/v2\/users\/7"}],"replies":[{"embeddable":true,"href":"https:\/\/rolla.it\/de\/wp-json\/wp\/v2\/comments?post=1642"}],"version-history":[{"count":0,"href":"https:\/\/rolla.it\/de\/wp-json\/wp\/v2\/pages\/1642\/revisions"}],"up":[{"embeddable":true,"href":"https:\/\/rolla.it\/de\/wp-json\/wp\/v2\/pages\/1638"}],"wp:featuredmedia":[{"embeddable":true,"href":"https:\/\/rolla.it\/de\/wp-json\/wp\/v2\/media\/1515"}],"wp:attachment":[{"href":"https:\/\/rolla.it\/de\/wp-json\/wp\/v2\/media?parent=1642"}],"curies":[{"name":"wp","href":"https:\/\/api.w.org\/{rel}","templated":true}]}}