{"id":1639,"date":"2017-11-01T14:51:23","date_gmt":"2017-11-01T14:51:23","guid":{"rendered":"https:\/\/rolla.it\/azienda\/lavorazione-lamiera\/"},"modified":"2025-03-17T14:18:29","modified_gmt":"2025-03-17T14:18:29","slug":"wer-wir-sind","status":"publish","type":"page","link":"https:\/\/rolla.it\/de\/unternehmen\/wer-wir-sind\/","title":{"rendered":"Wer wir sind"},"content":{"rendered":"<div class=\"wpb-content-wrapper\"><p>[vc_row css_animation=&#8220;&#8220; row_type=&#8220;row&#8220; use_row_as_full_screen_section=&#8220;no&#8220; type=&#8220;grid&#8220; angled_section=&#8220;no&#8220; text_align=&#8220;left&#8220; background_image_as_pattern=&#8220;without_pattern&#8220; css=&#8220;.vc_custom_1549537502962{background-color: #f0f0f0 !important;}&#8220; el_class=&#8220;space-mobile solo_desktop&#8220; z_index=&#8220;&#8220;][vc_column][qode_elements_holder number_of_columns=&#8220;two_columns&#8220; switch_to_one_column=&#8220;1000&#8243;][qode_elements_holder_item item_padding=&#8220;0px 50px 50px 0px&#8220; advanced_animations=&#8220;no&#8220; item_padding_1280_1440=&#8220;0 25px 130px 0px&#8220; item_padding_1024_1280=&#8220;20px 25px 50px 0px&#8220; item_padding_768_1024=&#8220;0 25px 50px 0px&#8220; item_padding_600_768=&#8220;40px 0px 40px 0px&#8220; item_padding_480_600=&#8220;40px 0px 40px 0px&#8220; item_padding_480=&#8220;76px 0px 76px 0px&#8220;][vc_column_text el_class=&#8220;title-servizi&#8220;]<\/p>\n<h2>Erfahrung und Technologie in der Blechbearbeitung<\/h2>\n<p>[\/vc_column_text][vc_empty_space height=&#8220;20px&#8220;][vc_column_text]Das 1974 gegr\u00fcndete Unternehmen Rolla besch\u00e4ftigt sich heute mit den Metallbau und kann eine anerkannte Erfahrung in den Sektoren\u00a0 Einrichtungsgegenst\u00e4nde, Industriekomponenten vorweisen und Beleuchtung. Die angebotenen Dienstleistungen betreffen nicht nur die Herstellung des Produkts, sondern auch den Entwurf und die Anfertigung von Prototypen, die Entwicklung von Gesenken und Ausr\u00fcstungen bis hin zum Zusammenbau.<\/p>\n<p>&nbsp;<\/p>\n<p>Durch die Erfahrung beim Einsatz von Materialien mit unterschiedlichen chemischen\/physischen Eigenschaften und Gr\u00f6\u00dfen und eine effiziente Pulverlackierungsabteilung konnte das Unternehmen beachtliche F\u00e4higkeit bei der Verwirklichung von \u00e4sthetischen Ausf\u00fchrungen erwerben.[\/vc_column_text][\/qode_elements_holder_item][qode_elements_holder_item advanced_animations=&#8220;no&#8220; item_padding_600_768=&#8220;50px 0px 0 0px&#8220; item_padding_480=&#8220;0px 0px 0px 0px&#8220;][vc_single_image image=&#8220;2335&#8243; img_size=&#8220;full&#8220; qode_css_animation=&#8220;&#8220; el_class=&#8220;space_image&#8220;][\/qode_elements_holder_item][\/qode_elements_holder][qode_elements_holder number_of_columns=&#8220;two_columns&#8220; switch_to_one_column=&#8220;1000&#8243;][qode_elements_holder_item advanced_animations=&#8220;no&#8220; item_padding_600_768=&#8220;50px 0px 0 0px&#8220; item_padding_480=&#8220;50px 0px 0 0px&#8220;][vc_single_image image=&#8220;2340&#8243; img_size=&#8220;full&#8220; qode_css_animation=&#8220;&#8220;][\/qode_elements_holder_item][qode_elements_holder_item item_padding=&#8220;50px 0px 50px 50px&#8220; advanced_animations=&#8220;no&#8220; item_padding_600_768=&#8220;40px 0px 40px 0px&#8220; item_padding_480_600=&#8220;40px 0px 40px 0px&#8220; item_padding_480=&#8220;40px 0px 76px 0px&#8220;][vc_column_text]Die Unternehmenswerte basieren auf der st\u00e4ndigen Aktualisierung der Technologien und Know-how, durch die der Kunde \u00fcber eine flexible und kundenorientierte Produktion verf\u00fcgt. Neben der Hauptfiliale in Padernello di Paese (TV) hat das Unternehmen einen Standort in Rum\u00e4nien, der sich der weniger technologischen Produktion mit der h\u00f6chsten Konkurrenz widmet.[\/vc_column_text][\/qode_elements_holder_item][\/qode_elements_holder][\/vc_column][\/vc_row][vc_row css_animation=&#8220;&#8220; row_type=&#8220;row&#8220; use_row_as_full_screen_section=&#8220;no&#8220; type=&#8220;grid&#8220; angled_section=&#8220;no&#8220; text_align=&#8220;left&#8220; background_image_as_pattern=&#8220;without_pattern&#8220; css=&#8220;.vc_custom_1549537513217{background-color: #f0f0f0 !important;}&#8220; el_class=&#8220;space-mobile solo_mobile&#8220; z_index=&#8220;&#8220;][vc_column][qode_elements_holder number_of_columns=&#8220;two_columns&#8220; switch_to_one_column=&#8220;1000&#8243;][qode_elements_holder_item item_padding=&#8220;0px 50px 50px 0px&#8220; advanced_animations=&#8220;no&#8220; item_padding_1280_1440=&#8220;0 25px 130px 0px&#8220; item_padding_1024_1280=&#8220;20px 25px 50px 0px&#8220; item_padding_768_1024=&#8220;0 25px 50px 0px&#8220; item_padding_600_768=&#8220;40px 0px 40px 0px&#8220; item_padding_480_600=&#8220;40px 0px 40px 0px&#8220; item_padding_480=&#8220;76px 0px 76px 0px&#8220;][vc_column_text el_class=&#8220;title-servizi&#8220;]<\/p>\n<h2>Erfahrung und Technologie in der Blechbearbeitung<\/h2>\n<p>[\/vc_column_text][vc_empty_space height=&#8220;20px&#8220;][vc_column_text]Das 1974 gegr\u00fcndete Unternehmen Rolla besch\u00e4ftigt sich heute mit den Metallbau und kann eine anerkannte Erfahrung den Sektoren\u00a0 Einrichtungsgegenst\u00e4nde, Industriekomponenten vorweisen und Beleuchtung. Die angebotenen Dienstleistungen betreffen nicht nur die Herstellung des Produkts, sondern auch den Entwurf und die Anfertigung von Prototypen, die Entwicklung von Gesenken und Ausr\u00fcstungen bis hin zum Zusammenbau.<\/p>\n<p>&nbsp;<\/p>\n<p>Durch die Erfahrung beim Einsatz von Materialien mit unterschiedlichen chemischen\/physischen Eigenschaften und Gr\u00f6\u00dfen und eine effiziente Pulverlackierungsabteilung konnte das Unternehmen beachtliche F\u00e4higkeit bei der Verwirklichung von \u00e4sthetischen Ausf\u00fchrungen erwerben.[\/vc_column_text][\/qode_elements_holder_item][qode_elements_holder_item advanced_animations=&#8220;no&#8220; item_padding_600_768=&#8220;50px 0px 0 0px&#8220; item_padding_480=&#8220;0px 0px 0px 0px&#8220;][vc_single_image image=&#8220;2335&#8243; img_size=&#8220;full&#8220; qode_css_animation=&#8220;&#8220; el_class=&#8220;space_image&#8220;][\/qode_elements_holder_item][\/qode_elements_holder][qode_elements_holder number_of_columns=&#8220;two_columns&#8220; switch_to_one_column=&#8220;1000&#8243;][qode_elements_holder_item item_padding=&#8220;50px 0px 50px 0px&#8220; advanced_animations=&#8220;no&#8220; item_padding_600_768=&#8220;40px 0px 40px 0px&#8220; item_padding_480_600=&#8220;40px 0px 40px 0px&#8220; item_padding_480=&#8220;40px 0px 76px 0px&#8220;][vc_column_text]Die Unternehmenswerte basieren auf der st\u00e4ndigen Aktualisierung der Technologien und Know-how, durch die der Kunde \u00fcber eine flexible und kundenorientierte Produktion verf\u00fcgt. Neben der Hauptfiliale in Padernello di Paese (TV) hat das Unternehmen einen Standort in Rum\u00e4nien, der sich der weniger technologischen Produktion mit der h\u00f6chsten Konkurrenz widmet.[\/vc_column_text][\/qode_elements_holder_item][qode_elements_holder_item advanced_animations=&#8220;no&#8220; item_padding_600_768=&#8220;50px 0px 0 0px&#8220; item_padding_480=&#8220;0px 0px 0 0px&#8220;][vc_single_image image=&#8220;2340&#8243; img_size=&#8220;full&#8220; qode_css_animation=&#8220;&#8220;][vc_empty_space height=&#8220;50px&#8220;][\/qode_elements_holder_item][\/qode_elements_holder][\/vc_column][\/vc_row]<\/p>\n<\/div>","protected":false},"excerpt":{"rendered":"<p>[vc_row css_animation=&#8220;&#8220; row_type=&#8220;row&#8220; use_row_as_full_screen_section=&#8220;no&#8220; type=&#8220;grid&#8220; angled_section=&#8220;no&#8220; text_align=&#8220;left&#8220; background_image_as_pattern=&#8220;without_pattern&#8220; css=&#8220;.vc_custom_1549537502962{background-color: #f0f0f0 !important;}&#8220; el_class=&#8220;space-mobile solo_desktop&#8220; z_index=&#8220;&#8220;][vc_column][qode_elements_holder number_of_columns=&#8220;two_columns&#8220; switch_to_one_column=&#8220;1000&#8243;][qode_elements_holder_item item_padding=&#8220;0px 50px 50px 0px&#8220; advanced_animations=&#8220;no&#8220; item_padding_1280_1440=&#8220;0 25px 130px 0px&#8220; item_padding_1024_1280=&#8220;20px 25px 50px 0px&#8220; item_padding_768_1024=&#8220;0 25px 50px 0px&#8220; item_padding_600_768=&#8220;40px 0px 40px 0px&#8220; item_padding_480_600=&#8220;40px 0px 40px 0px&#8220; item_padding_480=&#8220;76px 0px 76px 0px&#8220;][vc_column_text&#8230;<\/p>\n","protected":false},"author":7,"featured_media":1525,"parent":1638,"menu_order":0,"comment_status":"closed","ping_status":"closed","template":"full_width.php","meta":{"footnotes":""},"class_list":["post-1639","page","type-page","status-publish","has-post-thumbnail","hentry"],"yoast_head":"<!-- This site is optimized with the Yoast SEO plugin v26.0 - https:\/\/yoast.com\/wordpress\/plugins\/seo\/ -->\n<title>Blechbearbeitungsunternehmen: Rolla Srl<\/title>\n<meta name=\"description\" content=\"Erfahrung und Technologie in der Blechbearbeitung Das 1974 gegr\u00fcndete Unternehmen Rolla besch\u00e4ftigt sich heute mit dem Metallbau.\" \/>\n<meta name=\"robots\" content=\"index, follow, max-snippet:-1, max-image-preview:large, max-video-preview:-1\" \/>\n<link rel=\"canonical\" href=\"https:\/\/rolla.it\/de\/unternehmen\/wer-wir-sind\/\" \/>\n<meta property=\"og:locale\" content=\"de_DE\" \/>\n<meta property=\"og:type\" content=\"article\" \/>\n<meta property=\"og:title\" content=\"Blechbearbeitungsunternehmen: Rolla Srl\" \/>\n<meta property=\"og:description\" content=\"Erfahrung und Technologie in der Blechbearbeitung Das 1974 gegr\u00fcndete Unternehmen Rolla besch\u00e4ftigt sich heute mit dem Metallbau.\" \/>\n<meta property=\"og:url\" content=\"https:\/\/rolla.it\/de\/unternehmen\/wer-wir-sind\/\" \/>\n<meta property=\"og:site_name\" content=\"Rolla srl\" \/>\n<meta property=\"article:modified_time\" content=\"2025-03-17T14:18:29+00:00\" \/>\n<meta property=\"og:image\" content=\"https:\/\/rolla.it\/wp-content\/uploads\/2019\/01\/strumenti_9_1-main.jpg\" \/>\n\t<meta property=\"og:image:width\" content=\"1920\" \/>\n\t<meta property=\"og:image:height\" content=\"470\" \/>\n\t<meta property=\"og:image:type\" content=\"image\/jpeg\" \/>\n<meta name=\"twitter:card\" content=\"summary_large_image\" \/>\n<meta name=\"twitter:label1\" content=\"Gesch\u00e4tzte Lesezeit\" \/>\n\t<meta name=\"twitter:data1\" content=\"4\u00a0Minuten\" \/>\n<script type=\"application\/ld+json\" class=\"yoast-schema-graph\">{\"@context\":\"https:\/\/schema.org\",\"@graph\":[{\"@type\":\"WebPage\",\"@id\":\"https:\/\/rolla.it\/de\/unternehmen\/wer-wir-sind\/\",\"url\":\"https:\/\/rolla.it\/de\/unternehmen\/wer-wir-sind\/\",\"name\":\"Blechbearbeitungsunternehmen: Rolla Srl\",\"isPartOf\":{\"@id\":\"https:\/\/rolla.it\/it\/#website\"},\"primaryImageOfPage\":{\"@id\":\"https:\/\/rolla.it\/de\/unternehmen\/wer-wir-sind\/#primaryimage\"},\"image\":{\"@id\":\"https:\/\/rolla.it\/de\/unternehmen\/wer-wir-sind\/#primaryimage\"},\"thumbnailUrl\":\"https:\/\/rolla.it\/wp-content\/uploads\/2019\/01\/strumenti_9_1-main.jpg\",\"datePublished\":\"2017-11-01T14:51:23+00:00\",\"dateModified\":\"2025-03-17T14:18:29+00:00\",\"description\":\"Erfahrung und Technologie in der Blechbearbeitung Das 1974 gegr\u00fcndete Unternehmen Rolla besch\u00e4ftigt sich heute mit dem Metallbau.\",\"breadcrumb\":{\"@id\":\"https:\/\/rolla.it\/de\/unternehmen\/wer-wir-sind\/#breadcrumb\"},\"inLanguage\":\"de\",\"potentialAction\":[{\"@type\":\"ReadAction\",\"target\":[\"https:\/\/rolla.it\/de\/unternehmen\/wer-wir-sind\/\"]}]},{\"@type\":\"ImageObject\",\"inLanguage\":\"de\",\"@id\":\"https:\/\/rolla.it\/de\/unternehmen\/wer-wir-sind\/#primaryimage\",\"url\":\"https:\/\/rolla.it\/wp-content\/uploads\/2019\/01\/strumenti_9_1-main.jpg\",\"contentUrl\":\"https:\/\/rolla.it\/wp-content\/uploads\/2019\/01\/strumenti_9_1-main.jpg\",\"width\":1920,\"height\":470,\"caption\":\"Strumenti\"},{\"@type\":\"BreadcrumbList\",\"@id\":\"https:\/\/rolla.it\/de\/unternehmen\/wer-wir-sind\/#breadcrumb\",\"itemListElement\":[{\"@type\":\"ListItem\",\"position\":1,\"name\":\"Home\",\"item\":\"https:\/\/rolla.it\/de\/\"},{\"@type\":\"ListItem\",\"position\":2,\"name\":\"Unternehmen\",\"item\":\"https:\/\/rolla.it\/de\/unternehmen\/\"},{\"@type\":\"ListItem\",\"position\":3,\"name\":\"Wer wir sind\"}]},{\"@type\":\"WebSite\",\"@id\":\"https:\/\/rolla.it\/it\/#website\",\"url\":\"https:\/\/rolla.it\/it\/\",\"name\":\"Rolla srl\",\"description\":\"\",\"publisher\":{\"@id\":\"https:\/\/rolla.it\/it\/#organization\"},\"potentialAction\":[{\"@type\":\"SearchAction\",\"target\":{\"@type\":\"EntryPoint\",\"urlTemplate\":\"https:\/\/rolla.it\/it\/?s={search_term_string}\"},\"query-input\":{\"@type\":\"PropertyValueSpecification\",\"valueRequired\":true,\"valueName\":\"search_term_string\"}}],\"inLanguage\":\"de\"},{\"@type\":\"Organization\",\"@id\":\"https:\/\/rolla.it\/it\/#organization\",\"name\":\"Rolla Srl lavorazione Meccaniche\",\"url\":\"https:\/\/rolla.it\/it\/\",\"logo\":{\"@type\":\"ImageObject\",\"inLanguage\":\"de\",\"@id\":\"https:\/\/rolla.it\/it\/#\/schema\/logo\/image\/\",\"url\":\"https:\/\/rolla.it\/wp-content\/uploads\/2019\/01\/rolla-metal-technologies.jpg\",\"contentUrl\":\"https:\/\/rolla.it\/wp-content\/uploads\/2019\/01\/rolla-metal-technologies.jpg\",\"width\":1200,\"height\":839,\"caption\":\"Rolla Srl lavorazione Meccaniche\"},\"image\":{\"@id\":\"https:\/\/rolla.it\/it\/#\/schema\/logo\/image\/\"}}]}<\/script>\n<!-- \/ Yoast SEO plugin. -->","yoast_head_json":{"title":"Blechbearbeitungsunternehmen: Rolla Srl","description":"Erfahrung und Technologie in der Blechbearbeitung Das 1974 gegr\u00fcndete Unternehmen Rolla besch\u00e4ftigt sich heute mit dem Metallbau.","robots":{"index":"index","follow":"follow","max-snippet":"max-snippet:-1","max-image-preview":"max-image-preview:large","max-video-preview":"max-video-preview:-1"},"canonical":"https:\/\/rolla.it\/de\/unternehmen\/wer-wir-sind\/","og_locale":"de_DE","og_type":"article","og_title":"Blechbearbeitungsunternehmen: Rolla Srl","og_description":"Erfahrung und Technologie in der Blechbearbeitung Das 1974 gegr\u00fcndete Unternehmen Rolla besch\u00e4ftigt sich heute mit dem Metallbau.","og_url":"https:\/\/rolla.it\/de\/unternehmen\/wer-wir-sind\/","og_site_name":"Rolla srl","article_modified_time":"2025-03-17T14:18:29+00:00","og_image":[{"width":1920,"height":470,"url":"https:\/\/rolla.it\/wp-content\/uploads\/2019\/01\/strumenti_9_1-main.jpg","type":"image\/jpeg"}],"twitter_card":"summary_large_image","twitter_misc":{"Gesch\u00e4tzte Lesezeit":"4\u00a0Minuten"},"schema":{"@context":"https:\/\/schema.org","@graph":[{"@type":"WebPage","@id":"https:\/\/rolla.it\/de\/unternehmen\/wer-wir-sind\/","url":"https:\/\/rolla.it\/de\/unternehmen\/wer-wir-sind\/","name":"Blechbearbeitungsunternehmen: Rolla Srl","isPartOf":{"@id":"https:\/\/rolla.it\/it\/#website"},"primaryImageOfPage":{"@id":"https:\/\/rolla.it\/de\/unternehmen\/wer-wir-sind\/#primaryimage"},"image":{"@id":"https:\/\/rolla.it\/de\/unternehmen\/wer-wir-sind\/#primaryimage"},"thumbnailUrl":"https:\/\/rolla.it\/wp-content\/uploads\/2019\/01\/strumenti_9_1-main.jpg","datePublished":"2017-11-01T14:51:23+00:00","dateModified":"2025-03-17T14:18:29+00:00","description":"Erfahrung und Technologie in der Blechbearbeitung Das 1974 gegr\u00fcndete Unternehmen Rolla besch\u00e4ftigt sich heute mit dem Metallbau.","breadcrumb":{"@id":"https:\/\/rolla.it\/de\/unternehmen\/wer-wir-sind\/#breadcrumb"},"inLanguage":"de","potentialAction":[{"@type":"ReadAction","target":["https:\/\/rolla.it\/de\/unternehmen\/wer-wir-sind\/"]}]},{"@type":"ImageObject","inLanguage":"de","@id":"https:\/\/rolla.it\/de\/unternehmen\/wer-wir-sind\/#primaryimage","url":"https:\/\/rolla.it\/wp-content\/uploads\/2019\/01\/strumenti_9_1-main.jpg","contentUrl":"https:\/\/rolla.it\/wp-content\/uploads\/2019\/01\/strumenti_9_1-main.jpg","width":1920,"height":470,"caption":"Strumenti"},{"@type":"BreadcrumbList","@id":"https:\/\/rolla.it\/de\/unternehmen\/wer-wir-sind\/#breadcrumb","itemListElement":[{"@type":"ListItem","position":1,"name":"Home","item":"https:\/\/rolla.it\/de\/"},{"@type":"ListItem","position":2,"name":"Unternehmen","item":"https:\/\/rolla.it\/de\/unternehmen\/"},{"@type":"ListItem","position":3,"name":"Wer wir sind"}]},{"@type":"WebSite","@id":"https:\/\/rolla.it\/it\/#website","url":"https:\/\/rolla.it\/it\/","name":"Rolla srl","description":"","publisher":{"@id":"https:\/\/rolla.it\/it\/#organization"},"potentialAction":[{"@type":"SearchAction","target":{"@type":"EntryPoint","urlTemplate":"https:\/\/rolla.it\/it\/?s={search_term_string}"},"query-input":{"@type":"PropertyValueSpecification","valueRequired":true,"valueName":"search_term_string"}}],"inLanguage":"de"},{"@type":"Organization","@id":"https:\/\/rolla.it\/it\/#organization","name":"Rolla Srl lavorazione Meccaniche","url":"https:\/\/rolla.it\/it\/","logo":{"@type":"ImageObject","inLanguage":"de","@id":"https:\/\/rolla.it\/it\/#\/schema\/logo\/image\/","url":"https:\/\/rolla.it\/wp-content\/uploads\/2019\/01\/rolla-metal-technologies.jpg","contentUrl":"https:\/\/rolla.it\/wp-content\/uploads\/2019\/01\/rolla-metal-technologies.jpg","width":1200,"height":839,"caption":"Rolla Srl lavorazione Meccaniche"},"image":{"@id":"https:\/\/rolla.it\/it\/#\/schema\/logo\/image\/"}}]}},"_links":{"self":[{"href":"https:\/\/rolla.it\/de\/wp-json\/wp\/v2\/pages\/1639","targetHints":{"allow":["GET"]}}],"collection":[{"href":"https:\/\/rolla.it\/de\/wp-json\/wp\/v2\/pages"}],"about":[{"href":"https:\/\/rolla.it\/de\/wp-json\/wp\/v2\/types\/page"}],"author":[{"embeddable":true,"href":"https:\/\/rolla.it\/de\/wp-json\/wp\/v2\/users\/7"}],"replies":[{"embeddable":true,"href":"https:\/\/rolla.it\/de\/wp-json\/wp\/v2\/comments?post=1639"}],"version-history":[{"count":0,"href":"https:\/\/rolla.it\/de\/wp-json\/wp\/v2\/pages\/1639\/revisions"}],"up":[{"embeddable":true,"href":"https:\/\/rolla.it\/de\/wp-json\/wp\/v2\/pages\/1638"}],"wp:featuredmedia":[{"embeddable":true,"href":"https:\/\/rolla.it\/de\/wp-json\/wp\/v2\/media\/1525"}],"wp:attachment":[{"href":"https:\/\/rolla.it\/de\/wp-json\/wp\/v2\/media?parent=1639"}],"curies":[{"name":"wp","href":"https:\/\/api.w.org\/{rel}","templated":true}]}}